{"id":96,"date":"2023-04-03T19:30:58","date_gmt":"2023-04-03T17:30:58","guid":{"rendered":"https:\/\/consolatozurigo.esteri.it\/?page_id=96"},"modified":"2025-09-09T19:00:17","modified_gmt":"2025-09-10T02:00:17","slug":"cittadinanza","status":"publish","type":"page","link":"https:\/\/conssanfrancisco.esteri.it\/it\/servizi-consolari-e-visti\/servizi-per-il-cittadino-straniero\/cittadinanza\/","title":{"rendered":"Cittadinanza"},"content":{"rendered":"<p style=\"text-align: center;\">Ufficio Cittadinanza<br \/>\nEmail:\u00a0<a href=\"mailto:cittadinanza.sanfrancisco@esteri.it\">cittadinanza.sanfrancisco@esteri.it<\/a><\/p>\n<p><strong><u>AVVISO IMPORTANTE<\/u><\/strong><\/p>\n<p>Informiamo i nostri utenti che \u2013 a causa delle recenti e significative modifiche legislative, approvate il 28 marzo e il 23 maggio 2025, rispettivamente dal Consiglio dei Ministri e dal Parlamento (<a href=\"https:\/\/www.normattiva.it\/uri-res\/N2Ls?urn:nir:stato:decreto.legge:2025-03-28;36\">DECRETO-LEGGE 28 marzo 2025, n. 36 &#8211; Normattiva<\/a> and <a href=\"https:\/\/www.normattiva.it\/atto\/caricaDettaglioAtto?atto.dataPubblicazioneGazzetta=2025-05-23&amp;atto.codiceRedazionale=25G00082&amp;atto.articolo.numero=0&amp;atto.articolo.sottoArticolo=1&amp;atto.articolo.sottoArticolo1=0&amp;qId=a8ae1609-38e5-4a76-9b6f-0b5d4ed0f351&amp;tabID=0.44502051929490216&amp;title=lbl.dettaglioAtto\">LEGGE 23 maggio 2025, n. 74 &#8211; Normattiva<\/a>) \u2013 alla luce delle istruzioni ricevute dal Ministero degli Affari Esteri e della Cooperazione, questo Consolato Generale dar\u00e0 priorit\u00e0 agli appuntamenti per il riconoscimento della cittadinanza per discendenza gi\u00e0 prenotati entro le ore 23.59 (ora italiana) del 27 marzo 2025.<\/p>\n<p>Pertanto, il Consolato Generale <strong><u>sospende temporaneamente<\/u><\/strong> <strong>la programmazione di nuovi appuntamenti<\/strong>, tramite il portale Prenot@mi, per il riconoscimento della cittadinanza per discendenza.<\/p>\n<p style=\"text-align: center;\"><strong>***<\/strong><\/p>\n<p>\u26a0\ufe0f ATTENZIONE: L\u2019ISTANZA DOVR\u00c0 ESSERE COMPLETA DI\u00a0<strong><u>TUTTA LA DOCUMENTAZIONE RICHIESTA<\/u><\/strong>. ISTANZE INCOMPLETE VERRANNO RIGETTATE E DOVR\u00c0 ESSERE FISSATO UN NUOVO APPUNTAMENTO CON RELATIVO NUOVO PAGAMENTO.<\/p>\n<p style=\"text-align: center;\"><strong>***<\/strong><\/p>\n<p>Per informazioni generali sulla cittadinanza italiana e sui suoi diversi modi d\u2019acquisto, si prega di consultare\u00a0<a href=\"https:\/\/www.esteri.it\/it\/servizi-consolari-e-visti\/italiani-all-estero\/cittadinanza\/\">il sito del Ministero degli Affari Esteri e della Cooperazione Internazionale<\/a>.<\/p>\n<p>Questo Consolato Generale <strong><u>non<\/u><\/strong> offre servizi legali per la preparazione e la richiesta di documentazione necessaria per le istanze di cittadinanza.<\/p>\n<p><strong>Email o messaggi telefonici relativi a richieste di appuntamento e\/o allo status della pratica in trattazione non saranno presi in considerazione.<\/strong><\/p>\n<p style=\"text-align: center;\"><strong>***<\/strong><\/p>\n<p><strong>INTRODUZIONE GENERALE<\/strong><\/p>\n<p>L\u2019attuale normativa in materia di cittadinanza, <strong>Legge\u00a0n. 91 del 1992<\/strong>, cos\u00ec come la precedente\u00a0<strong>Legge n. 555 del 1912<\/strong>, si basa sul principio dello\u00a0<em>ius sanguinis<\/em>, ovvero sulla trasmissione della cittadinanza per discendenza da cittadino italiano.<\/p>\n<p>In particolare, l\u2019<strong>articolo 1 della Legge n. 91\/1992<\/strong>\u00a0stabilisce che:<\/p>\n<p>\u201c<em>\u00c8 cittadino italiano per nascita il figlio di padre o di madre cittadini italiani<\/em>\u201d.<\/p>\n<p><strong>\u00a0<\/strong><strong>La Legge n. 91\/1992 \u00e8 stata, tuttavia, recentemente modificata<\/strong>\u00a0dal\u00a0<strong>Decreto-Legge n. 36\/2025<\/strong>, convertito con modifiche dalla\u00a0<strong>Legge n. 74\/2025<\/strong>, che ha introdotto\u00a0(a)\u00a0<strong>limitazioni alla trasmissione automatica della cittadinanza italiana<\/strong>. In base a queste modifiche, il riconoscimento della cittadinanza richiede ora un\u00a0<strong>legame effettivo con la comunit\u00e0 nazionale<\/strong>.<\/p>\n<p><strong>(a) Limitazioni alla trasmissione automatica della cittadinanza per i nati all\u2019estero<\/strong><\/p>\n<p><strong>Il nuovo\u00a0articolo 3-bis, comma 1<\/strong>, della Legge n. 91\/1992 stabilisce che \u201c<strong>\u00e8 considerato non avere mai acquistato\u00a0la cittadinanza italiana chi \u00e8 nato all\u2019estero<\/strong>,\u00a0anche prima della data di entrata in vigore del presente articolo\u00a0<strong>ED \u00e8 in possesso di altra cittadinanza<\/strong>\u201d.<\/p>\n<p><strong>\u00a0<\/strong><strong>(a.1) Eccezioni a tali limitazioni<\/strong><\/p>\n<p>Nonostante quanto evidenziato sopra, lo stesso articolo 3-bis, prevede alcune\u00a0<strong>eccezioni<\/strong>\u00a0che consentono <strong>il\u00a0riconoscimento della cittadinanza\u00a0alla nascita<\/strong>, anche per chi \u00e8 nato all\u2019estero e possiede un\u2019altra cittadinanza, nei seguenti casi:<\/p>\n<ol>\n<li><strong>La cittadinanza italiana \u00e8 riconosciuta<\/strong>\u00a0<strong>sulla base di una domanda (amministrativa o giudiziale) presentata entro le ore 23:59 (ora di Roma) del 27 marzo 2025<\/strong>, oppure in base a una domanda presentata su appuntamento<strong>\u00a0confermato all\u2019interessato entro la stessa data<\/strong>.<br \/>\n<em>(Art. 3-bis, comma 1, lett. a, a-bis e b Legge 91 del 1992)<\/em><\/li>\n<\/ol>\n<ol start=\"2\">\n<li><strong>Il genitore o il nonno del richiedente<\/strong>possiede, o possedeva al momento della morte,<strong>\u00a0<em>esclusivamente<\/em> la cittadinanza italiana<\/strong>.<br \/>\n<em>(Art. 3-bis, comma 1, lett. c Legge 91 del 1992)<\/em><\/li>\n<li><strong>Un genitore (anche adottivo),\u00a0cittadino italiano,<\/strong>\u00e8 stato\u00a0<strong>residente in Italia per almeno due anni continuativi\u00a0<\/strong>successivamente all\u2019acquisto della cittadinanza italiana e\u00a0<strong>prima della nascita o adozione del figlio<\/strong>.<br \/>\n<em>(Art. 3-bis, comma 1, lett. d Legge 91 del 1992)<\/em><\/li>\n<\/ol>\n<p><strong>(b) Acquisto della cittadinanza per beneficio di legge<\/strong><\/p>\n<p>Le modifiche introdotte dal\u00a0<strong>D.L. n. 36\/2025<\/strong>, cos\u00ec come convertito dalla\u00a0<strong>L. n. 74\/2025<\/strong>, hanno introdotto anche casi di\u00a0<strong>acquisto della cittadinanza italiana per beneficio di legge<\/strong>, rivolti in particolare ai\u00a0<strong>minori nati all\u2019estero<\/strong>, figli di\u00a0<strong>cittadini italiani per nascita che\u00a0non trasmettono automaticamente la cittadinanza<\/strong>\u00a0(ossia minori che\u00a0<strong>NON<\/strong>\u00a0rientrano nelle condizioni previste dall\u2019art. 3-bis, v. sub (a1), per il\u00a0<strong>riconoscimento della cittadinanza alla nascita<\/strong>).<\/p>\n<p>Tali minori possono ottenere la cittadinanza\u00a0nei <strong>seguenti casi<\/strong>:<\/p>\n<p><strong>(b.1) Dichiarazione di volont\u00e0 dei genitori entro un anno dalla nascita o dalla filiazione<\/strong>\u00a0<em>(Art. 4, comma 1-bis, lett. b, della L. 91\/1992)<\/em><\/p>\n<p>Il minore pu\u00f2 acquisire la cittadinanza italiana se:<\/p>\n<ul>\n<li>almeno uno dei genitori \u00e8\u00a0<strong>cittadino italiano per nascita<\/strong>;<\/li>\n<li>entrambi i genitori presentano una\u00a0<strong>dichiarazione di volont\u00e0<\/strong>per l\u2019acquisto della cittadinanza\u00a0<strong>entro un anno dalla nascita del minore o dalla data successiva in cui \u00e8 stabilita la filiazione<\/strong>, anche adottiva, da cittadino italiano.<\/li>\n<\/ul>\n<p><strong>(b.2) Dichiarazione entro il 31 maggio 2026\u00a0<\/strong>(Art. 1, comma 1-ter, D.L. 36\/2025, convertito con modifiche dalla L. 74\/2025)<\/p>\n<p>Questa possibilit\u00e0 riguarda coloro che soddisfano tutti i requisiti sotto elencati:<\/p>\n<ul>\n<li>erano minorenni alla data del<strong>24 maggio 2025<\/strong>\u00a0(entrata in vigore della L. 74\/2025);<\/li>\n<li>sono figli di\u00a0<strong>cittadini italiani per nascita<\/strong>, la cui cittadinanza \u00e8 stata riconosciuta a seguito di\u00a0<strong>domanda amministrativa o giudiziale presentata entro le 23:59 del 27 marzo 2025 <\/strong>(oppure con appuntamento confermato entro tale data);<\/li>\n<li>i genitori presentano una <strong>dichiarazione di volont\u00e0 di acquisto della cittadinanza entro il 31 maggio 2026<\/strong>. Se il minore compie 18 anni prima di tale data,\u00a0<strong>la dichiarazione dovr\u00e0 essere presentata personalmente<\/strong>\u00a0dal diretto interessato entro il\u00a0<strong>31 maggio 2026<\/strong>.<\/li>\n<\/ul>\n<p>\ud83d\udccc Nei casi di acquisto della cittadinanza italiana per beneficio di legge la<strong>\u00a0cittadinanza NON \u00e8 acquisita dalla nascita<\/strong>, ma\u00a0<strong>a partire dal giorno successivo alla dichiarazione resa presso il Consolato<\/strong>.<\/p>\n<p><strong>Riapertura dei termini per il riacquisto della cittadinanza italiana<\/strong><\/p>\n<p>Infine, si segnala che l\u2019<strong>art. 17, comma 1, della Legge 91\/1992<\/strong>, come modificato dalla L.<strong>\u00a074\/2025<\/strong>, ha\u00a0<strong>riaperto i termini per il riacquisto della cittadinanza italiana<\/strong>\u00a0tramite apposita dichiarazione.<\/p>\n<p>Questa opportunit\u00e0 \u00e8 riservata a:<\/p>\n<ul>\n<li>persone\u00a0<strong>nate in Italia<\/strong>\u00a0o che\u00a0<strong>hanno risieduto in Italia per almeno due anni consecutivi<\/strong>, e<\/li>\n<li><strong>hanno perso la cittadinanza italiana prima del 16 agosto 1992<\/strong>, per uno dei seguenti motivi:\n<ul>\n<li>naturalizzazione in un Paese straniero;<\/li>\n<li>rinuncia alla cittadinanza italiana a seguito di\u00a0<strong>acquisizione involontaria<\/strong>\u00a0di una cittadinanza straniera;<\/li>\n<li>perdita della cittadinanza da parte del genitore convivente, in caso di\u00a0<strong>figli minori<\/strong>.<\/li>\n<\/ul>\n<\/li>\n<\/ul>\n<p>\u26a0\ufe0f\u00a0<strong>Non possono beneficiare di questa possibilit\u00e0<\/strong>\u00a0coloro che hanno\u00a0<strong>rinunciato o perso la cittadinanza italiana a partire dal 16 agosto 1992<\/strong>, per qualsiasi motivo.<\/p>\n<p>___________________________<\/p>\n<p><strong>IN SINTESI<\/strong><\/p>\n<p>Secondo la Legge n. 91\/1992, cos\u00ec come modificata dal D.L. n. 36\/2025, e dalla Legge n. 74\/2025, il riconoscimento o l\u2019acquisto della cittadinanza italiana pu\u00f2, pertanto, avvenire:<\/p>\n<ul>\n<li>Per discendenza da avo italiano <a href=\"https:\/\/conssanfrancisco.esteri.it\/it\/servizi-consolari-e-visti\/servizi-per-il-cittadino-straniero\/cittadinanza\/cittadinanza-per-discendenza-iure-sanguinis\/\">(<u>Cittadinanza per discendenza \u201ciure sanguinis\u201d<\/u>)<\/a><\/li>\n<li>Per acquisto per \u201cBeneficio di legge\u201d (<a href=\"https:\/\/conssanfrancisco.esteri.it\/it\/servizi-consolari-e-visti\/servizi-per-il-cittadino-straniero\/cittadinanza\/cittadinanza-ed-adozione\/acquisto-della-cittadinanza-per-beneficio-di-legge-figli-minori-nati-allestero\/\"><u>Acquisto della cittadinanza per i minori nati all\u2019estero<\/u><\/a>)<\/li>\n<li>Per\u00a0riacquisto (<a href=\"https:\/\/conssanfrancisco.esteri.it\/it\/servizi-consolari-e-visti\/servizi-per-il-cittadino-straniero\/cittadinanza\/riacquisto-della-cittadinanza-italiana-ai-sensi-dellart-13-comma-1-lettera-c-l-n-91-1992\/\"><u>Riacquisto della cittadinanza italiana<\/u><\/a>)<\/li>\n<li>Per matrimonio\/unione civile (<a href=\"https:\/\/conssanfrancisco.esteri.it\/it\/servizi-consolari-e-visti\/servizi-per-il-cittadino-straniero\/cittadinanza\/cittadinanza-per-matrimonio-unione-civile\/\"><u>Cittadinanza per matrimonio\/unione civile<\/u><\/a>)<\/li>\n<li>Per rinuncia (<a href=\"https:\/\/conssanfrancisco.esteri.it\/it\/servizi-consolari-e-visti\/servizi-per-il-cittadino-straniero\/cittadinanza\/rinuncia-alla-cittadinanza-italiana\/\"><u>Rinuncia alla cittadinanza italiana<\/u><\/a>)<\/li>\n<li>Per perdita (<a href=\"https:\/\/conssanfrancisco.esteri.it\/it\/servizi-consolari-e-visti\/servizi-per-il-cittadino-straniero\/cittadinanza\/perdita-cittadinanza\/\"><u>Perdita della cittadinanza italiana<\/u><\/a>)<\/li>\n<li>In base alla <u>Legge 8 marzo 2006, n. 124<\/u><\/li>\n<\/ul>\n<p><strong>Si consiglia attenta lettura del sito nelle sue varie sezioni e della normativa che regola la materia della cittadinanza italiana.<\/strong><\/p>\n<p>L\u2019Autorit\u00e0 competente ad effettuare gli accertamenti \u00e8 determinata in base al luogo di residenza. Per i residenti all\u2019estero \u00e8 l\u2019autorit\u00e0 diplomatica-consolare competente per territorio.<\/p>\n<p>Il Consolato Generale d\u2019Italia a San Francisco \u00e8 competente per i residenti negli Stati di: California settentrionale e centrale (<strong><em>eccettuate le seguenti contee di competenza del Consolato Generale d\u2019Italia in Los Angeles\u00a0(<\/em><\/strong><a href=\"https:\/\/conslosangeles.esteri.it\/it\/chi-siamo\/\"><strong><em>cliccare qui<\/em><\/strong><\/a><strong><em>)<\/em><\/strong><strong><em>: <\/em><\/strong><em>San Luis Obispo; Kern<\/em>; <em>San Bernardino; Santa Barbara; Ventura; Los Angeles; Riverside; San Diego; Imperial Valley; Orange) ; <\/em><em>Alaska; Hawaii; Idaho; Montana; Oregon; Utah; Washington; Territori americani delle isole Samoa; Territorio americano di Guam; Isole Marianne settentrionali; Atollo Johnston, Isola di Wake; Arcipelago delle isole Midway. <\/em><\/p>\n<p>La trattazione delle domande di <strong>riconoscimento della cittadinanza italiana<\/strong> di persona maggiorenne \u00e8 soggetta al <strong>pagamento di 600 euro<\/strong> da corrispondere con <em>money order<\/em> intestato al Consolato Generale d\u2019Italia in San Francisco. L\u2019importo dovr\u00e0 essere in dollari USA, al cambio del trimestre in corso. Si prega di consultare la <a href=\"https:\/\/conssanfrancisco.esteri.it\/it\/servizi-consolari-e-visti\/servizi-per-il-cittadino-italiano\/tariffe\/\"><u>Tariffa consolare<\/u><\/a> per l\u2019importo aggiornato.<\/p>\n<p>Si precisa che il pagamento \u00e8 dovuto a prescindere dall\u2019esito della richiesta.<\/p>\n<p>Le istanze o <strong>dichiarazioni di elezione, acquisto, riacquisto, rinuncia o concessione della cittadinanza<\/strong>, ad eccezione delle dichiarazioni di riacquisto ex art. 17 della Legge n. 91\/1992 presentate in Consolato, sono soggette al pagamento di un contributo di importo pari a <strong>Euro 250<\/strong>, ai sensi dell\u2019art. 9-bis della Legge n. 91 del 5 febbraio 1992, da corrispondere al Ministero dell\u2019Interno, secondo le modalit\u00e0 indicate nelle relative sezioni di questo sito web.<\/p>\n<p><strong>Dichiarazioni di volont\u00e0 di riacquisto della cittadinanza<\/strong> ex art. 17 della Legge n. 91\/1992 sono soggette al pagamento di <strong>Euro 250<\/strong> da corrispondere con <em>money order<\/em> intestato al Consolato Generale d\u2019Italia in San Francisco. L\u2019importo dovr\u00e0 essere in dollari USA, al cambio del trimestre in corso. Si prega di consultare la <a href=\"https:\/\/conssanfrancisco.esteri.it\/it\/servizi-consolari-e-visti\/servizi-per-il-cittadino-italiano\/tariffe\/\"><u>Tariffa consolare<\/u><\/a> per l\u2019importo aggiornato.<\/p>\n<p>&nbsp;<\/p>\n<p><strong>IMPORTANTE<\/strong>, prendere visione dell\u2019informativa sulla protezione delle persone fisiche con riguardo al trattamento dei dati personali ai fini del riconoscimento della cittadinanza italiana iure sanguinis o della sua acquisizione per naturalizzazione (artt. 5 e 7, nonch\u00e9 art. 9, comma 1, lettera c, e comma 2 della legge n. 91\/1992)\u00a0<em>(Regolamento Generale sulla Protezione dei Dati (UE) 2016\/679, art. 13)\u00a0\u2013\u00a0<\/em><a href=\"https:\/\/conssanfrancisco.esteri.it\/wp-content\/uploads\/2023\/07\/informativa_cittadinanza_18.04.2019.pdf\"><em>Clicca QUI<\/em><\/a><\/p>\n","protected":false},"excerpt":{"rendered":"Ufficio Cittadinanza Email:\u00a0cittadinanza.sanfrancisco@esteri.it AVVISO IMPORTANTE Informiamo i nostri utenti che \u2013 a causa delle recenti e significative modifiche legislative, approvate il 28 marzo e il 23 maggio 2025, rispettivamente dal Consiglio dei Ministri e dal Parlamento (DECRETO-LEGGE 28 marzo 2025, n. 36 &#8211; Normattiva and LEGGE 23 maggio 2025, n. 74 &#8211; Normattiva) \u2013 alla [&hellip;]","protected":false},"author":1,"featured_media":0,"parent":62,"menu_order":2,"comment_status":"closed","ping_status":"closed","template":"","meta":{"footnotes":""},"class_list":["post-96","page","type-page","status-publish","hentry"],"_links":{"self":[{"href":"https:\/\/conssanfrancisco.esteri.it\/it\/wp-json\/wp\/v2\/pages\/96","targetHints":{"allow":["GET"]}}],"collection":[{"href":"https:\/\/conssanfrancisco.esteri.it\/it\/wp-json\/wp\/v2\/pages"}],"about":[{"href":"https:\/\/conssanfrancisco.esteri.it\/it\/wp-json\/wp\/v2\/types\/page"}],"author":[{"embeddable":true,"href":"https:\/\/conssanfrancisco.esteri.it\/it\/wp-json\/wp\/v2\/users\/1"}],"replies":[{"embeddable":true,"href":"https:\/\/conssanfrancisco.esteri.it\/it\/wp-json\/wp\/v2\/comments?post=96"}],"version-history":[{"count":8,"href":"https:\/\/conssanfrancisco.esteri.it\/it\/wp-json\/wp\/v2\/pages\/96\/revisions"}],"predecessor-version":[{"id":5727,"href":"https:\/\/conssanfrancisco.esteri.it\/it\/wp-json\/wp\/v2\/pages\/96\/revisions\/5727"}],"up":[{"embeddable":true,"href":"https:\/\/conssanfrancisco.esteri.it\/it\/wp-json\/wp\/v2\/pages\/62"}],"wp:attachment":[{"href":"https:\/\/conssanfrancisco.esteri.it\/it\/wp-json\/wp\/v2\/media?parent=96"}],"curies":[{"name":"wp","href":"https:\/\/api.w.org\/{rel}","templated":true}]}}