{"id":91,"date":"2023-04-03T19:29:59","date_gmt":"2023-04-03T17:29:59","guid":{"rendered":"https:\/\/consolatozurigo.esteri.it\/?page_id=91"},"modified":"2026-03-17T16:13:14","modified_gmt":"2026-03-17T23:13:14","slug":"autoveicoli-e-patenti-di-guida","status":"publish","type":"page","link":"https:\/\/conssanfrancisco.esteri.it\/it\/servizi-consolari-e-visti\/servizi-per-il-cittadino-italiano\/autoveicoli-e-patenti-di-guida\/","title":{"rendered":"Autoveicoli e Patenti di guida"},"content":{"rendered":"<p><strong>Conferma di validit\u00e0 della patente di guida<br \/>\n<\/strong><br \/>\nAi sensi della <a href=\"https:\/\/conssanfrancisco.esteri.it\/wp-content\/uploads\/2026\/03\/Circolare_n13_del22dicembre1997.pdf\"><u>Circolare n. 107 del 14 ottobre 1997 del Ministero del Trasporti<\/u><\/a>, i cittadini italiani residenti all\u2019estero e regolarmente iscritti all\u2019A.I.R.E. possono richiedere la conferma di validit\u00e0 della patente<sup><a href=\"#fn1\" id=\"ref1\">1<\/a><\/sup> di guida italiana tramite l\u2019Autorit\u00e0 diplomatico-consolare competente per territorio.<\/p>\n<p>Ai sensi dell\u2019art. 126, comma 9, del Codice della Strada, \u00e8 possibile rinnovare la patente di guida presso questo Consolato Generale <u>a partire da 4 mesi prima della scadenza<\/u>, a condizione che <u>l\u2019interessato sia regolarmente iscritto all\u2019A.I.R.E. da almeno sei mesi e che la patente non sia scaduta da oltre 5 anni<\/u>.<\/p>\n<p><strong>Modalit\u00e0 di richiesta<br \/>\n<\/strong><br \/>\nPer ottenere la conferma di validit\u00e0 della patente, l\u2019interessato \u00e8 tenuto a:<\/p>\n<ul>\n<li>sottoporsi a visita medica presso un medico abilitato al rilascio del certificato per il rinnovo della patente di guida. Il relativo costo \u00e8 interamente a carico del richiedente. Il Consolato Generale NON dispone di medici affiliati o \u201cdi fiducia\u201d;<\/li>\n<li>inviare per posta la documentazione al seguente indirizzo:<\/li>\n<\/ul>\n<p>Consolato Generale d\u2019Italia in San Francisco<\/p>\n<p>(all\u2019attenzione <em>Rinnovo Patenti di Guida<\/em>)<\/p>\n<p>2590 Webster Street, San Francisco, CA,94115<\/p>\n<p>&nbsp;<\/p>\n<p>In particolare, la documentazione deve includere:<\/p>\n<ol>\n<li>fotocopia chiara fronte\/retro della patente di guida italiana, scaduta da non pi\u00f9 di cinque anni;<\/li>\n<li>certificato medico di idoneit\u00e0, rilasciato in data non anteriore a 30 giorni (vedasi <a href=\"https:\/\/conssanfrancisco.esteri.it\/wp-content\/uploads\/2024\/09\/RINNOVO-PATENTE-Modulo-Certificato-Medico.pdf\"><u>modulo medico<\/u><\/a>). Il modulo pu\u00f2 essere compilato anche da due medici diversi (uno per la vista ed uno per l\u2019udito). \u00c8 ammesso un oculista, mentre non \u00e8 ammesso un ottico. I medici devono indicare sul modulo di rinnovo la propria iscrizione all\u2019albo professionale, oltre ad apporre la firma;<\/li>\n<li>fotocopia di una prova di residenza (ad esempio, la patente di guida statunitense oppure una bolletta di utenza domestica):<\/li>\n<li><em>Money order<\/em> intestato a \u201cConsolato Generale d\u2019Italia a San Francisco\u201d per l\u2019importo totale previsto dalla <a href=\"https:\/\/conssanfrancisco.esteri.it\/it\/servizi-consolari-e-visti\/servizi-per-il-cittadino-italiano\/tariffe\/\"><u>Tariffa Consolare<\/u><\/a> (Art. 66D);<\/li>\n<li>busta precompilata e preaffrancata tipo \u201c<em>Priority Mail<\/em>\u201d con <em>tracking number <\/em>(acquistabile esclusivamente presso USPS), riportante l\u2019indirizzo del richiedente per la restituzione della documentazione.<\/li>\n<\/ol>\n<p><strong>Il Consolato Generale declina ogni responsabilit\u00e0 per eventuali ritardi o disguidi imputabili ai servizi postali.<\/strong><\/p>\n<p>&nbsp;<\/p>\n<p>Il Consolato Generale, verificata la documentazione e l\u2019identit\u00e0 del medico certificatore, rilascer\u00e0 un foglio di rinnovo, che dovr\u00e0 essere conservato unitamente alla patente di guida originale.<\/p>\n<p>&nbsp;<\/p>\n<p>Si precisa che i Consolati Italiani NON hanno la possibilit\u00e0 di rilasciare una nuova patente di guida in formato tessera; viene rilasciato esclusivamente un foglio di rinnovo munito di timbro consolare.<\/p>\n<p>&nbsp;<\/p>\n<p>___________<\/p>\n<p>&nbsp;<\/p>\n<p><strong>Rientro in Italia<\/strong><\/p>\n<p><strong><br \/>\n<\/strong>I titolari di patente che trasferiscano la propria residenza in Italia sono tenuti a procedere, entro sei mesi dal rientro, al rinnovo ordinario della patente ai sensi dell\u2019art. 126, comma 8, del Codice della Strada, anche qualora l\u2019attestazione rilasciata dal Consolato sia ancora in corso di validit\u00e0.<\/p>\n<p><strong>Si segnala che questo Consolato Generale NON garantisce che il documento di rinnovo rilasciato sia riconosciuto valido per la guida negli Stati Uniti.<\/strong><\/p>\n<p>&nbsp;<\/p>\n<p><strong><u>IMPORTANTE &#8211; SMARRIMENTO O FURTO DELLA PATENTE DI GUIDA:<\/u><\/strong><\/p>\n<p><strong><u>\u00a0<\/u><\/strong><\/p>\n<p><strong><u>Il Consolato Generale NON pu\u00f2 rilasciare duplicati n\u00e9 documenti di guida provvisori.<\/u><\/strong><\/p>\n<p><strong><u>Per tali casistiche, si rimanda alle istruzioni fornite dal competente Ministero delle Infrastrutture e Trasporti al seguente link<\/u><\/strong>: <a href=\"https:\/\/www.mit.gov.it\/smarrimento-furto-patente\"><strong>https:\/\/www.mit.gov.it\/smarrimento-furto-patente<\/strong><\/a><\/p>\n<p>&nbsp;<\/p>\n<p>___________<\/p>\n<p>Per ulteriori informazioni, si invita a consultare il sito del Ministero degli Affari Esteri e della Cooperazione Internazionale:<br \/>\n<a href=\"https:\/\/www.esteri.it\/it\/servizi-consolari-e-visti\/italiani-all-estero\/autoveicoli_e_patenti\/\">https:\/\/www.esteri.it\/it\/servizi-consolari-e-visti\/italiani-all-estero\/autoveicoli_e_patenti\/<\/a><\/p>\n<div id=\"footnotes\">\n<ol>\n<li id=\"fn1\">Le patenti di guida di tipo A e di tipo B sono valide per 10 (dieci) anni. Qualora siano rilasciate o confermate a chi ha superato il cinquantesimo (50) anno d\u2019et\u00e0 sono valide per cinque (5) anni. Quelle per coloro che hanno superato il settantesimo (70) anno d\u2019et\u00e0 sono valide per tre (3) anni. Le patenti rilasciate a persone diversamente abili e quelle di tipo C sono valide per cinque (5) anni e per 3 anni (3) a partire dal settantesimo (790) anno d\u2019et\u00e0.<a href=\"#ref1\">\u21a9<\/a><\/li>\n<\/ol>\n<\/div>\n<p><a href=\"#_ftnref1\" name=\"_ftn1\">[1]<\/a><\/p>\n","protected":false},"excerpt":{"rendered":"Conferma di validit\u00e0 della patente di guida Ai sensi della Circolare n. 107 del 14 ottobre 1997 del Ministero del Trasporti, i cittadini italiani residenti all\u2019estero e regolarmente iscritti all\u2019A.I.R.E. possono richiedere la conferma di validit\u00e0 della patente1 di guida italiana tramite l\u2019Autorit\u00e0 diplomatico-consolare competente per territorio. Ai sensi dell\u2019art. 126, comma 9, del Codice [&hellip;]","protected":false},"author":1,"featured_media":0,"parent":59,"menu_order":3,"comment_status":"closed","ping_status":"closed","template":"","meta":{"footnotes":""},"class_list":["post-91","page","type-page","status-publish","hentry"],"_links":{"self":[{"href":"https:\/\/conssanfrancisco.esteri.it\/it\/wp-json\/wp\/v2\/pages\/91","targetHints":{"allow":["GET"]}}],"collection":[{"href":"https:\/\/conssanfrancisco.esteri.it\/it\/wp-json\/wp\/v2\/pages"}],"about":[{"href":"https:\/\/conssanfrancisco.esteri.it\/it\/wp-json\/wp\/v2\/types\/page"}],"author":[{"embeddable":true,"href":"https:\/\/conssanfrancisco.esteri.it\/it\/wp-json\/wp\/v2\/users\/1"}],"replies":[{"embeddable":true,"href":"https:\/\/conssanfrancisco.esteri.it\/it\/wp-json\/wp\/v2\/comments?post=91"}],"version-history":[{"count":6,"href":"https:\/\/conssanfrancisco.esteri.it\/it\/wp-json\/wp\/v2\/pages\/91\/revisions"}],"predecessor-version":[{"id":7282,"href":"https:\/\/conssanfrancisco.esteri.it\/it\/wp-json\/wp\/v2\/pages\/91\/revisions\/7282"}],"up":[{"embeddable":true,"href":"https:\/\/conssanfrancisco.esteri.it\/it\/wp-json\/wp\/v2\/pages\/59"}],"wp:attachment":[{"href":"https:\/\/conssanfrancisco.esteri.it\/it\/wp-json\/wp\/v2\/media?parent=91"}],"curies":[{"name":"wp","href":"https:\/\/api.w.org\/{rel}","templated":true}]}}