{"id":903,"date":"2023-08-04T11:40:36","date_gmt":"2023-08-04T18:40:36","guid":{"rendered":"https:\/\/conssanfrancisco.esteri.it\/?page_id=903"},"modified":"2025-10-02T12:47:47","modified_gmt":"2025-10-02T19:47:47","slug":"passaporti-per-minori","status":"publish","type":"page","link":"https:\/\/conssanfrancisco.esteri.it\/it\/servizi-consolari-e-visti\/servizi-per-il-cittadino-italiano\/passaporti-e-carte-didentita\/passaporti-per-minori\/","title":{"rendered":"Passaporti per MINORI"},"content":{"rendered":"<p>Consolato Generale d\u2019Italia<br \/>\nUfficio Passaporti<br \/>\n2590 Webster Street<br \/>\nSan Francisco, CA 94115<\/p>\n<p>NOTE IMPORTANTI<\/p>\n<ul>\n<li>Se il minore \u00e8 NATO ALL&#8217;ESTERO, \u00e8 possibile richiedere il rilascio di primo passaporto dopo aver ricevuto la PEC con la quale\u00a0l\u2019Ufficio di Stato Civile invia la richiesta di trascrizione dell\u2019atto di nascita al Comune AIRE. In caso di problematiche relative alla registrazione dell\u2019atto, sara\u2019 possibile rilasciare il passaporto solo dopo aver ricevuto conferma della registrazione da parte del Comune.\u00a0Per istruzioni riguardo a come richiedere la trascrizione di un atto di nascita rilasciato all&#8217;estero\u00a0<a href=\"https:\/\/conssanfrancisco.esteri.it\/it\/servizi-consolari-e-visti\/servizi-per-il-cittadino-italiano\/stato-civile\/\"><strong>visitare la pagina web dell&#8217;ufficio di Stato Civile<\/strong><\/a>.<\/li>\n<\/ul>\n<ul>\n<li><strong>Il minore deve essere iscritto all&#8217;AIRE tramite il Consolato Generale d&#8217;Italia di SAN FRANCISCO<\/strong>\u00a0prima di richiedere il passaporto.<\/li>\n<li><strong>Se il minore ha GI\u00c0 COMPIUTO 12 ANNI,<\/strong>\u00a0\u00e8 necessario prenotare e confermare un appuntamento via\u00a0<a href=\"https:\/\/prenotami.esteri.it\/\">Prenot@Mi<\/a> con il profilo di uno dei genitori, specificando nelle note che l&#8217;appuntamento \u00e8 a nome del minore (vedere la sezione \u201cInformazioni Generali\u201d sulla pagina Passaporti). Il portale non permette di creare utenze per minorenni. Sar\u00e0 necessario prenotare l\u2019appuntamento a nome del genitore e, nello spazio riservato alle NOTE, indicare che l\u2019appuntamento \u00e8 a nome del figlio (inserire nome, cognome, data e luogo di nascita del minore). Da ogni utenza si possono prenotare un massimo di 5 prenotazioni (selezionare Prenotazioni Multiple).<\/li>\n<li><strong>Se il minore ha MENO DI 12 ANNI<\/strong>, la richiesta di rilascio del passaporto va inviata per posta senza che i genitori prenotino un appuntamento (vedere le istruzioni al riguardo pubblicate in calce)<\/li>\n<\/ul>\n<p>&nbsp;<\/p>\n<p><strong>DOCUMENTAZIONE RICHIESTA PER IL RILASCIO DI PASSAPORTO A MINORI CON PIU&#8217; DI 12 ANNI<\/strong><br \/>\nLa seguente documentazione deve essere presentata in originale e in formato cartaceo il giorno dell&#8217;appuntamento per <span style=\"text-decoration: underline;\">ogni minore che ha gi\u00e0 compiuto 12 anni<\/span>. \u00c8 richiesta la presenza di almeno UNO dei due genitori il giorno dell&#8217;appuntamento.<br \/>\n<em><strong>NOTA BENE<\/strong>:\u00a0Qualora il richiedente presentasse la documentazione incompleta NON si potr\u00e0 procedere con l&#8217;appuntamento. In tal caso sar\u00e0 necessario fissare un nuovo appuntamento tramite\u00a0<a href=\"https:\/\/prenotami.esteri.it\/\">Prenot@MI<\/a>.<\/em><\/p>\n<ol>\n<li><strong><a href=\"https:\/\/conssanfrancisco.esteri.it\/wp-content\/uploads\/2025\/08\/2025-SF-Modulo-di-richiesta-Passaporto-MINORE-ITALIANO.pdf\">Modulo di richiesta di rilascio di passaporto a minori<\/a>\u00a0<\/strong>debitamente compilato e firmato in calce da entrambi i genitori.<br \/>\na) Incollare nell\u2019apposito riquadro una delle due foto di cui al punto 5<br \/>\nb) Un genitore deve firmare sotto la foto al fine di poter identificare il minore;<\/p>\n<ul>\n<li><strong>I genitori di cittadinanza italiana o dell&#8217;Unione Europea<\/strong>\u00a0devono allegare al modulo firmato\u00a0una fotocopia del proprio passaporto italiano o europeo (pagine con i dati e la firma del titolare).<\/li>\n<li><strong>Se uno dei genitori\u00a0non\u00a0\u00e8 cittadino italiano o dell&#8217;Unione Europea<\/strong>\u00a0deve autenticare la propria firma sul modulo presso un notaio pubblico, o un Console Onorario, o un funzionario del Consolato Generale a San Francisco il giorno dell\u2019appuntamento. Va sempre allegata una fotocopia del passaporto.<\/li>\n<li><strong>In caso di decesso di uno dei genitori &#8211;<\/strong>\u00a0\u00e8 necessario presentare una fotocopia dell\u2019atto di morte dello stesso.<\/li>\n<\/ul>\n<\/li>\n<li><strong>Passaporto italiano del minore<\/strong>\u00a0(nel caso di rilascio del primo passaporto italiano questo documento non \u00e8 necessario)<\/li>\n<li><strong>Copie di eventuali altri passaporti del minore<\/strong><\/li>\n<li><strong>2 foto formato tessera del minore,<\/strong> possibilmente del formato per passaporto italiano (<a href=\"https:\/\/conssanfrancisco.esteri.it\/wp-content\/uploads\/2023\/08\/foto_passaporto_-_specificazioni.pdf\">fare clic qui per maggiori informazioni<\/a>), oppure formato passaporto USA.<\/li>\n<li><strong>Fotocopia del titolo di soggiorno del minore<\/strong>:\n<ul>\n<li><strong>Visto di ingresso negli USA;<\/strong><\/li>\n<li>oppure\u00a0<strong><em>Permanent Resident Card;<\/em><\/strong><\/li>\n<li>oppure\u00a0<strong>Passaporto statunitense accompagnato dal certificato di naturalizzazione\u00a0<\/strong>(qualora il minore si fosse naturalizzato successivamente alla nascita)\u00a0<em>oppure<\/em>\u00a0dal\u00a0<strong><em>Consular<\/em><\/strong><em><strong>\u00a0Report of Birth Abroad<\/strong><\/em> (solo per i cittadini statunitensi nati fuori dagli USA).<\/li>\n<\/ul>\n<\/li>\n<li><strong>Pagamento del COSTO TOTALE del passaporto in $ USA<\/strong>\u00a0(<a href=\"https:\/\/conssanfrancisco.esteri.it\/it\/servizi-consolari-e-visti\/servizi-per-il-cittadino-italiano\/tariffe\/\"><em>fare clic qui per vedere le tariffe Consolari<\/em><\/a>)\n<ul>\n<li>N.B. si accettano solo MONEY ORDER o CASHIER\u2019S CHECK, gi\u00e0 compilati, ed intestati al Consolato Generale d&#8217;Italia &#8211; San Francisco. Non si accettano contanti, assegni personali e pagamenti con carte di credito\/bancomat.<\/li>\n<\/ul>\n<\/li>\n<li><strong>Busta preaffrancata e gi\u00e0 indirizzata<\/strong>\u00a0per la restituzione del nuovo passaporto (e del vecchio passaporto) &#8211; si accettano esclusivamente buste della United States Postal Service Express Mail oppure Priority Mail con tracking number (<strong>non<\/strong>\u00a0si accettano buste prepagate UPS e FedEx). Per i minori che hanno gia\u2019 compiuto 12 anni: Il passaporto non verr\u00e0 rilasciato durante l\u2019appuntamento salvo comprovata urgenza, approvata dall\u2019Ufficio Passaporti.<\/li>\n<li><strong><a href=\"https:\/\/conssanfrancisco.esteri.it\/wp-content\/uploads\/2023\/08\/autorizzazione_alle_rispedizione_del_passaporto_minori.pdf\">Modulo di autorizzazione per la spedizione del passaporto per posta<\/a><em><br \/>\n<\/em><\/strong><\/li>\n<\/ol>\n<p><strong>DOCUMENTAZIONE RICHIESTA PER IL RILASCIO DI PASSAPORTO A MINORI CON MENO DI 12 ANNI<\/strong><\/p>\n<p>SE IL MINORE HA MENO DI 12 ANNI, inviare la documentazione sopra elencata per posta all&#8217;indirizzo riportato all&#8217;inizio della presente pagina.<\/p>\n<p>In particolare, la seguente documentazione deve essere presentata via posta in originale e in formato cartaceo per <span style=\"text-decoration: underline;\">ogni minore che non ha ancora compiuto 12 anni<\/span>.<br \/>\n<em><strong>NOTA BENE<\/strong>: Qualora il richiedente presentasse la documentazione incompleta NON si potr\u00e0 procedere con l&#8217;emissione del passaporto. In tal caso la pratica verr\u00e0 restituita.<\/em><\/p>\n<ol>\n<li><strong><a href=\"https:\/\/conssanfrancisco.esteri.it\/wp-content\/uploads\/2025\/08\/2025-SF-Modulo-di-richiesta-Passaporto-MINORE-ITALIANO.pdf\">Modulo di richiesta di rilascio di passaporto a minori<\/a>\u00a0<\/strong>debitamente compilato e firmato in calce da entrambi i genitori.<br \/>\na) Incollare nell\u2019apposito riquadro una delle due foto di cui al punto 5<br \/>\nb) Un genitore deve firmare sotto la foto al fine di poter identificare il minore;<\/p>\n<ul>\n<li><strong>I genitori di cittadinanza italiana o dell&#8217;Unione Europea<\/strong>\u00a0devono allegare al modulo firmato\u00a0una fotocopia del proprio passaporto italiano o europeo (pagine con i dati e la firma del titolare).<\/li>\n<li><strong>Se uno dei genitori\u00a0non\u00a0\u00e8 cittadino italiano o dell&#8217;Unione Europea<\/strong> deve far autenticare la propria firma sul modulo presso un <em>notary public<\/em>, o un Console Onorario. Va sempre allegata una fotocopia del passaporto\/documento di riconoscimento valido.<\/li>\n<li><strong>In caso di decesso di uno dei genitori &#8211;<\/strong>\u00a0\u00e8 necessario presentare una fotocopia dell\u2019atto di morte dello stesso.<\/li>\n<\/ul>\n<\/li>\n<li><strong>Passaporto italiano del minore<\/strong>\u00a0(nel caso di rilascio del primo passaporto italiano questo documento non \u00e8 necessario)<\/li>\n<li><strong>Copie di eventuali altri passaporti del minore<\/strong><\/li>\n<li><strong>2 foto formato tessera del minore,<\/strong> possibilmente del formato per passaporto italiano (<a href=\"https:\/\/conssanfrancisco.esteri.it\/wp-content\/uploads\/2023\/08\/foto_passaporto_-_specificazioni.pdf\">fare clic qui per maggiori informazioni<\/a>), oppure formato passaporto USA.<\/li>\n<li><strong>Fotocopia del titolo di soggiorno del minore<\/strong>:\n<ul>\n<li><strong>Visto di ingresso negli USA;<\/strong><\/li>\n<li>oppure\u00a0<strong><em>Permanent Resident Card;<\/em><\/strong><\/li>\n<li>oppure\u00a0<strong>Passaporto statunitense accompagnato dal certificato di naturalizzazione\u00a0<\/strong>(qualora il minore si fosse naturalizzato successivamente alla nascita)\u00a0<em>oppure<\/em>\u00a0dal\u00a0<strong><em>Consular<\/em><\/strong><em><strong>\u00a0Report of Birth Abroad<\/strong><\/em> (solo per i cittadini statunitensi nati fuori dagli USA).<\/li>\n<\/ul>\n<\/li>\n<li><strong>Pagamento del COSTO TOTALE del passaporto in $ USA<\/strong>\u00a0(<a href=\"https:\/\/conssanfrancisco.esteri.it\/it\/servizi-consolari-e-visti\/servizi-per-il-cittadino-italiano\/tariffe\/\"><em>fare clic qui per vedere le tariffe Consolari<\/em><\/a>)\n<ul>\n<li>N.B. si accettano solo MONEY ORDER o CASHIER\u2019S CHECK, gi\u00e0 compilati, ed intestati al Consolato Generale d&#8217;Italia &#8211; San Francisco. Non si accettano contanti, assegni personali e pagamenti con carte di credito\/bancomat.<\/li>\n<\/ul>\n<\/li>\n<li><strong>Busta preaffrancata e gi\u00e0 indirizzata<\/strong>\u00a0per la restituzione del nuovo passaporto (e del vecchio passaporto) &#8211; si accettano esclusivamente buste della United States Postal Service Express Mail oppure Priority Mail con tracking number (<strong>non<\/strong>\u00a0si accettano buste prepagate UPS e FedEx). Per i minori che hanno gia\u2019 compiuto 12 anni: Il passaporto non verr\u00e0 rilasciato durante l\u2019appuntamento salvo comprovata urgenza, approvata dall\u2019Ufficio Passaporti.<\/li>\n<li><strong><a href=\"https:\/\/conssanfrancisco.esteri.it\/wp-content\/uploads\/2023\/08\/autorizzazione_alle_rispedizione_del_passaporto_minori.pdf\">Modulo di autorizzazione per la spedizione del passaporto per posta<\/a><\/strong><\/li>\n<\/ol>\n<p><strong>SCADENZARIO PER L&#8217;INVIO PER POSTA<\/strong><\/p>\n<p>Al fine di poter prendere in carico le richieste inviate per posta (e di poter utilizzare il pagamento inviato) entro la fine del trimestre, tali richieste devono pervenire al Consolato entro le date indicate qui di seguito. In caso contrario, c&#8217;\u00e8 la possibilit\u00e0 che la validit\u00e0 dell&#8217;ammontare del pagamento scada prima che sia possibile prendere in carico la pratica. In tal caso, l&#8217;intera richiesta (compreso il pagamento) sar\u00e0 restituita al richiedente, il quale dovr\u00e0 re-inviarla al Consolato con un nuovo pagamento per l&#8217;ammontare della tariffa attualmente in corso.<\/p>\n<table class=\"table\">\n<tbody>\n<tr>\n<td><strong>\u00a0 \u00a0Trimestre \u00a0\u00a0<\/strong><\/td>\n<td><strong>\u00a0 \u00a0 \u00a0Tariffe Consolari valide dal &#8211; al \u00a0 \u00a0 \u00a0\u00a0<\/strong><\/td>\n<td><strong>\u00a0 La richiesta deve pervenire<br \/>\nal Consolato entro e non oltre il \u00a0<\/strong><\/td>\n<\/tr>\n<tr>\n<td>I<\/td>\n<td>\u00a0 01 gennaio &#8211; 31 marzo<\/td>\n<td>\u00a0 15 marzo<\/td>\n<\/tr>\n<tr>\n<td>II<\/td>\n<td>\u00a0 01 aprile &#8211; 30 giugno<\/td>\n<td>\u00a0 15 giugno<\/td>\n<\/tr>\n<tr>\n<td>III<\/td>\n<td>\u00a0 01 luglio &#8211; 30 settembre<\/td>\n<td>\u00a0 15 settembre<\/td>\n<\/tr>\n<tr>\n<td>IV<\/td>\n<td>\u00a0 01 ottobre &#8211; 31 dicembre<\/td>\n<td>\u00a0 10 dicembre<\/td>\n<\/tr>\n<\/tbody>\n<\/table>\n<p>&nbsp;<\/p>\n<p><span style=\"text-decoration: underline;\"><strong><em>Nota Bene: Le richieste incomplete e\/o con documentazione mancante saranno restituite al mittente.<\/em><\/strong><\/span><\/p>\n<p>&nbsp;<\/p>\n<p>Per maggiori informazioni inviare un&#8217;email all&#8217;Ufficio Passaporti a <a href=\"mailto:passaporti.sanfrancisco@esteri.it\">passaporti.sanfrancisco@esteri.it<\/a>.<\/p>\n","protected":false},"excerpt":{"rendered":"Consolato Generale d\u2019Italia Ufficio Passaporti 2590 Webster Street San Francisco, CA 94115 NOTE IMPORTANTI Se il minore \u00e8 NATO ALL&#8217;ESTERO, \u00e8 possibile richiedere il rilascio di primo passaporto dopo aver ricevuto la PEC con la quale\u00a0l\u2019Ufficio di Stato Civile invia la richiesta di trascrizione dell\u2019atto di nascita al Comune AIRE. In caso di problematiche relative [&hellip;]","protected":false},"author":4,"featured_media":0,"parent":67,"menu_order":1,"comment_status":"closed","ping_status":"closed","template":"","meta":{"footnotes":""},"class_list":["post-903","page","type-page","status-publish","hentry"],"_links":{"self":[{"href":"https:\/\/conssanfrancisco.esteri.it\/it\/wp-json\/wp\/v2\/pages\/903","targetHints":{"allow":["GET"]}}],"collection":[{"href":"https:\/\/conssanfrancisco.esteri.it\/it\/wp-json\/wp\/v2\/pages"}],"about":[{"href":"https:\/\/conssanfrancisco.esteri.it\/it\/wp-json\/wp\/v2\/types\/page"}],"author":[{"embeddable":true,"href":"https:\/\/conssanfrancisco.esteri.it\/it\/wp-json\/wp\/v2\/users\/4"}],"replies":[{"embeddable":true,"href":"https:\/\/conssanfrancisco.esteri.it\/it\/wp-json\/wp\/v2\/comments?post=903"}],"version-history":[{"count":6,"href":"https:\/\/conssanfrancisco.esteri.it\/it\/wp-json\/wp\/v2\/pages\/903\/revisions"}],"predecessor-version":[{"id":5949,"href":"https:\/\/conssanfrancisco.esteri.it\/it\/wp-json\/wp\/v2\/pages\/903\/revisions\/5949"}],"up":[{"embeddable":true,"href":"https:\/\/conssanfrancisco.esteri.it\/it\/wp-json\/wp\/v2\/pages\/67"}],"wp:attachment":[{"href":"https:\/\/conssanfrancisco.esteri.it\/it\/wp-json\/wp\/v2\/media?parent=903"}],"curies":[{"name":"wp","href":"https:\/\/api.w.org\/{rel}","templated":true}]}}