{"id":892,"date":"2023-08-04T09:58:10","date_gmt":"2023-08-04T16:58:10","guid":{"rendered":"https:\/\/conssanfrancisco.esteri.it\/?page_id=892"},"modified":"2025-10-02T12:18:45","modified_gmt":"2025-10-02T19:18:45","slug":"passaporti-per-adulti","status":"publish","type":"page","link":"https:\/\/conssanfrancisco.esteri.it\/it\/servizi-consolari-e-visti\/servizi-per-il-cittadino-italiano\/passaporti-e-carte-didentita\/passaporti-per-adulti\/","title":{"rendered":"Passaporti per ADULTI"},"content":{"rendered":"<p><strong>SI RICORDA CHE PER IL RILASCIO DI PASSAPORTO PER ADULTI:<\/strong><\/p>\n<ul>\n<li>i richiedenti residenti in questa circoscrizione consolare devono essere regolarmente iscritti all&#8217;AIRE tramite il Consolato Generale d&#8217;Italia di San Francisco<\/li>\n<li>i\u00a0richiedenti devono aver gi\u00e0 prenotato e confermato l&#8217;appuntamento tramite\u00a0<a href=\"https:\/\/prenotami.esteri.it\/\">Prenot@Mi<\/a>\u00a0(<em>vedere la sezione &#8220;Informazioni generali&#8221; sulla pagina Passaporti<\/em><em>)<\/em><\/li>\n<\/ul>\n<p><strong>NOTA BENE<\/strong>: Qualora la documentazione presentata il giorno dell&#8217;appuntamento non sia completa, NON si potr\u00e0 procedere con il rilascio del passaporto. In tal caso, sar\u00e0 necessario prenotare un nuovo appuntamento tramite\u00a0<a href=\"https:\/\/prenotami.esteri.it\/\">Prenot@Mi<\/a>.<\/p>\n<p><strong><br \/>\nDOCUMENTAZIONE RICHIESTA PER IL RILASCIO DI PASSAPORTO PER ADULTI<br \/>\n<\/strong>La seguente documentazione deve essere presentata in originale e in formato cartaceo il giorno dell&#8217;appuntamento.<\/p>\n<p>&nbsp;<\/p>\n<ol>\n<li><a href=\"https:\/\/conssanfrancisco.esteri.it\/wp-content\/uploads\/2025\/08\/2025-SF-Modulo-di-richiesta-Passaporto-ADULTO-ITALIANO.pdf\"><strong>MODULO di richiesta di rilascio di passaporto<\/strong><\/a>, debitamente compilato e firmato dal richiedente<\/li>\n<li><strong>Passaporto Italiano\u00a0<\/strong>(<em>nel caso di rilascio del primo passaporto italiano questo documento non \u00e8 necessario. Si dovr\u00e0 portare la lettera di riconoscimento della cittadinanza italiana o un certificato di cittadinanza del Comune)<\/em><\/li>\n<li><strong>2 fotografie formato tessera<\/strong> possibilmente per passaporti italiani\u00a0 (<a href=\"https:\/\/conssanfrancisco.esteri.it\/wp-content\/uploads\/2023\/08\/foto_passaporto_-_specificazioni.pdf\">fare clic qui per maggiori informazioni<\/a>) o formato passaporto USA.<a href=\"http:\/\/www.conssanfrancisco.esteri.it\/consolato_sanfrancisco\/resource\/doc\/2016\/05\/foto_passaporto_-_specificazioni.pdf\"><br \/>\n<\/a><\/li>\n<li><strong>COPIA del titolo di soggiorno statunitense<\/strong>:\n<ul>\n<li><strong>Visto di ingresso negli USA<\/strong><\/li>\n<li>oppure\u00a0<strong>Permanent Resident Card &#8211; rilasciata o rinnovata dopo il 15 agosto 1992<\/strong>.\n<ul>\n<li>IMPORTANTE: Se tale documento \u00e8 stato rinnovato, \u00e8 sufficiente copia della ricevuta di pagamento rilasciata al momento della richiesta di rinnovo.\u00a0\u00c8 possibile effettuare la richiesta anche online (www.uscis.gov). In caso di una carta non aggiornata, \u00e8 necessario presentare, in alternativa, una dichiarazione di non naturalizzazione rilasciata dall\u2019US Immigration Office oppure un passaporto italiano dove sia stato apposto almeno un timbro di ingresso negli USA da parte dell\u2019US Immigration Office dopo il 15 agosto del 1992. NOTA BENE: in assenza di tale documentazione il passaporto NON potr\u00e0 essere rilasciato.<\/li>\n<\/ul>\n<\/li>\n<li>oppure\u00a0<strong>Passaporto USA (includere ANCHE la c<\/strong><strong>opia\u00a0del certificato di naturalizzazione<\/strong>\u00a0se naturalizzato cittadino statunitense successivamente alla nascita)<\/li>\n<li>oppure\u00a0<strong>copia del Consular Report of Birth Abroad<\/strong>\u00a0(solo per i cittadini statunitensi nati fuori dagli USA)<\/li>\n<\/ul>\n<\/li>\n<li><strong>COPIA di eventuali altri passaporti.<\/strong><\/li>\n<li><strong>Pagamento per il COSTO TOTALE del passaporto in $ USA <\/strong>\u00a0(<em><a href=\"https:\/\/conssanfrancisco.esteri.it\/it\/servizi-consolari-e-visti\/servizi-per-il-cittadino-italiano\/tariffe\/\">Fare clic qui per consultare la pagina delle Tariffe Consolari<\/a>)<\/em>\n<ul>\n<li>N.B. si accettano solo MONEY ORDER o CASHIER\u2019S CHECK, gi\u00e0 compilati ed intestati al Consolato Generale d&#8217;Italia &#8211; San Francisco. Non si accettano pagamenti in contanti, assegni personali o con carte di credito\/bancomat.<\/li>\n<\/ul>\n<\/li>\n<li><strong>Busta United States Postal Service preaffrancata, con tracking number, e gi\u00e0 indirizzata<\/strong> per la restituzione del nuovo passaporto (e del vecchio passaporto) &#8211; si accettano esclusivamente buste della United States Postal Service Express Mail oppure Priority Mail (<strong>non<\/strong>\u00a0si accettano buste prepagate UPS e FedEx). Il passaporto non verr\u00e0 rilasciato durante l\u2019appuntamento salvo comprovata urgenza, approvata dall\u2019Ufficio Passaporti.<\/li>\n<li><a href=\"https:\/\/conssanfrancisco.esteri.it\/wp-content\/uploads\/2023\/08\/autorizzazione_alle_rispedizione_del_passaporto_10_febbraio_2016.pdf\"><strong>Modulo di autorizzazione alla rispedizione del passaporto<\/strong><\/a>, debitamente compilato e firmato dal richiedente<\/li>\n<li><strong><a href=\"https:\/\/conssanfrancisco.esteri.it\/wp-content\/uploads\/2023\/08\/2023_SanFrancisco_passaporto_dichiarazione_per_rilascio_no_obstacle.pdf\">DICHIARAZIONE<\/a> &#8211; OBBLIGATORIO<\/strong>\u00a0per il rilascio di passaporto se il richiedente ha figli minori\u00a0<em>(se il richiedente non ha figli minori, seguire le istruzioni a partire dal punto 3)<\/em><\/li>\n<\/ol>\n<p><strong>SCADENZARIO PER L\u2019INVIO PER POSTA<\/strong><\/p>\n<p>Al fine di poter prendere in carico le richieste inviate per posta (e di poter utilizzare il pagamento inviato) entro la fine del trimestre, tali richieste devono pervenire al Consolato entro le date indicate qui di seguito. In caso contrario, c\u2019\u00e8 la possibilit\u00e0 che la validit\u00e0 dell\u2019ammontare del pagamento scada prima che sia possibile prendere in carico la pratica. In tal caso, l\u2019intera richiesta (compreso il pagamento) sar\u00e0 restituita al richiedente, il quale dovr\u00e0 re-inviarla al Consolato con un nuovo pagamento per l\u2019ammontare della tariffa attualmente in corso.<\/p>\n<table class=\"table\">\n<tbody>\n<tr>\n<td><strong>\u00a0 \u00a0Trimestre \u00a0\u00a0<\/strong><\/td>\n<td><strong>\u00a0 \u00a0 \u00a0Tariffe Consolari valide dal \u2013 al \u00a0 \u00a0 \u00a0\u00a0<\/strong><\/td>\n<td><strong>\u00a0 La richiesta deve pervenire<br \/>\nal Consolato entro e non oltre il \u00a0<\/strong><\/td>\n<\/tr>\n<tr>\n<td>I<\/td>\n<td>\u00a0 01 gennaio \u2013 31 marzo<\/td>\n<td>\u00a0 15 marzo<\/td>\n<\/tr>\n<tr>\n<td>II<\/td>\n<td>\u00a0 01 aprile \u2013 30 giugno<\/td>\n<td>\u00a0 15 giugno<\/td>\n<\/tr>\n<tr>\n<td>III<\/td>\n<td>\u00a0 01 luglio \u2013 30 settembre<\/td>\n<td>\u00a0 15 settembre<\/td>\n<\/tr>\n<tr>\n<td>IV<\/td>\n<td>\u00a0 01 ottobre \u2013 31 dicembre<\/td>\n<td>\u00a0 10 dicembre<\/td>\n<\/tr>\n<\/tbody>\n<\/table>\n<p><em>Nota Bene: Le richieste incomplete e\/o con documentazione mancante saranno restituite al mittente.<\/em><\/p>\n<p>Per maggiori informazioni inviare un&#8217;email all&#8217;Ufficio Passaporti a passaporti.sanfrancisco@esteri.it.<\/p>\n<p>&nbsp;<\/p>\n","protected":false},"excerpt":{"rendered":"SI RICORDA CHE PER IL RILASCIO DI PASSAPORTO PER ADULTI: i richiedenti residenti in questa circoscrizione consolare devono essere regolarmente iscritti all&#8217;AIRE tramite il Consolato Generale d&#8217;Italia di San Francisco i\u00a0richiedenti devono aver gi\u00e0 prenotato e confermato l&#8217;appuntamento tramite\u00a0Prenot@Mi\u00a0(vedere la sezione &#8220;Informazioni generali&#8221; sulla pagina Passaporti) NOTA BENE: Qualora la documentazione presentata il giorno dell&#8217;appuntamento [&hellip;]","protected":false},"author":4,"featured_media":0,"parent":67,"menu_order":0,"comment_status":"closed","ping_status":"closed","template":"","meta":{"footnotes":""},"class_list":["post-892","page","type-page","status-publish","hentry"],"_links":{"self":[{"href":"https:\/\/conssanfrancisco.esteri.it\/it\/wp-json\/wp\/v2\/pages\/892","targetHints":{"allow":["GET"]}}],"collection":[{"href":"https:\/\/conssanfrancisco.esteri.it\/it\/wp-json\/wp\/v2\/pages"}],"about":[{"href":"https:\/\/conssanfrancisco.esteri.it\/it\/wp-json\/wp\/v2\/types\/page"}],"author":[{"embeddable":true,"href":"https:\/\/conssanfrancisco.esteri.it\/it\/wp-json\/wp\/v2\/users\/4"}],"replies":[{"embeddable":true,"href":"https:\/\/conssanfrancisco.esteri.it\/it\/wp-json\/wp\/v2\/comments?post=892"}],"version-history":[{"count":6,"href":"https:\/\/conssanfrancisco.esteri.it\/it\/wp-json\/wp\/v2\/pages\/892\/revisions"}],"predecessor-version":[{"id":5931,"href":"https:\/\/conssanfrancisco.esteri.it\/it\/wp-json\/wp\/v2\/pages\/892\/revisions\/5931"}],"up":[{"embeddable":true,"href":"https:\/\/conssanfrancisco.esteri.it\/it\/wp-json\/wp\/v2\/pages\/67"}],"wp:attachment":[{"href":"https:\/\/conssanfrancisco.esteri.it\/it\/wp-json\/wp\/v2\/media?parent=892"}],"curies":[{"name":"wp","href":"https:\/\/api.w.org\/{rel}","templated":true}]}}