{"id":89,"date":"2023-04-03T19:29:38","date_gmt":"2023-04-03T17:29:38","guid":{"rendered":"https:\/\/consolatozurigo.esteri.it\/?page_id=89"},"modified":"2024-01-10T16:22:12","modified_gmt":"2024-01-10T23:22:12","slug":"notarile","status":"publish","type":"page","link":"https:\/\/conssanfrancisco.esteri.it\/it\/servizi-consolari-e-visti\/servizi-per-il-cittadino-italiano\/notarile\/","title":{"rendered":"Notarile"},"content":{"rendered":"<div>UFFICIO NOTARILE<br \/>\n2590 Webster Street<br \/>\nSan Francisco, CA 94115<br \/>\nTel.: (415) 292-9215<br \/>\nFax: (415) 931-7205\u00a0 (alla c\/a dell\u2019Ufficio Notarile)<br \/>\nE-mail:\u00a0<a href=\"mailto:notarile.sanfrancisco@esteri.it\">notarile.sanfrancisco@esteri.it<\/a><\/p>\n<p style=\"text-align: justify;\"><strong>L&#8217;Ufficio Notarile riceve solo su appuntamento.<\/strong><\/p>\n<p style=\"text-align: justify;\">Per richiedere un appuntamento si prega di inviare un email all&#8217;indirizzo: <a href=\"mailto:notarile.sanfrancisco@esteri.it\">notarile.sanfrancisco@esteri.it<\/a><\/p>\n<\/div>\n<p>&nbsp;<\/p>\n<p><span style=\"text-align: justify;\">CONTATTI E INFORMAZIONI DI CARATTERE GENERALE<\/span><\/p>\n<div>\n<p style=\"text-align: justify;\">L\u2019Ufficio Notarile di questo Consolato riceve esclusivamente su appuntamento dal luned\u00ec al venerd\u00ec dalle 9.00am alle 12:00pm.<\/p>\n<p style=\"text-align: justify;\"><strong>Il servizio notarile \u00e8 fornito ai cittadini italiani che si trovino all&#8217;estero in via permanente o temporanea.<\/strong><\/p>\n<p style=\"text-align: justify;\"><strong>Per cittadini di altre nazionalit\u00e0 \u00e8 possibile fornire solo alcuni servizi specifici, il servizio \u00e8 facoltativo e presuppone in ogni caso la residenza nella giurisdizione consolare.<\/strong><\/p>\n<p style=\"text-align: justify;\">Il Consolato Generale d&#8217;Italia a San Francisco predispone atti e fornisce molti dei servizi che in Italia richiederebbero l&#8217;intervento di un notaio, quali: procure generali e speciali; atti di notoriet\u00e0; autenticazioni di firma; dichiarazioni sostitutive di atti di notoriet\u00e0, ecc.<\/p>\n<p style=\"text-align: justify;\"><strong>Tuttavia, l&#8217;Ufficio Notarile non pu\u00f2 fornire nessun tipo di consulenza e\/o assistenza legale diretta.<\/strong><\/p>\n<p style=\"text-align: justify;\">Gli utenti dovranno presentarsi di persona presso l&#8217;Ufficio muniti di validi documenti di identit\u00e0 (passaporto, carta d&#8217;identit\u00e0).<\/p>\n<p style=\"text-align: justify;\">Le donne coniugate dovranno, ove munite di documenti dai quali risultino identificabili soltanto con il cognome del coniuge, fornire prova del cognome da nubile (ad es., mediante esibizione di certificato di nascita e di matrimonio).<\/p>\n<p style=\"text-align: justify;\">Per ciascun atto \u00e8 previsto, di norma, il pagamento dei diritti di bollo e consolari, il cui ammontare varia in funzione del tipo di servizio reso e del rapporto di cambio dollaro-euro vigente al momento. Il pagamento dei servizi resi avviene esclusivamente tramite money order o cashier&#8217;s check; NON si accettano carte di credito\/debito, assegni personali o contanti.<\/p>\n<p style=\"text-align: justify;\">I servizi notarili pi\u00f9 frequentemente richiesti sono elencati nel menu a destra.<\/p>\n<p style=\"text-align: justify;\">Per ulteriori informazioni si prega di telefonare al <strong>(415) 292-9215<\/strong> o inviare un e-mail all&#8217;indirizzo <a href=\"mailto:notarile.sanfrancisco@esteri.it\">notarile.sanfrancisco@esteri.it<\/a>.<\/p>\n<\/div>\n<div><\/div>\n<div><\/div>\n<div><\/div>\n","protected":false},"excerpt":{"rendered":"UFFICIO NOTARILE 2590 Webster Street San Francisco, CA 94115 Tel.: (415) 292-9215 Fax: (415) 931-7205\u00a0 (alla c\/a dell\u2019Ufficio Notarile) E-mail:\u00a0notarile.sanfrancisco@esteri.it L&#8217;Ufficio Notarile riceve solo su appuntamento. Per richiedere un appuntamento si prega di inviare un email all&#8217;indirizzo: notarile.sanfrancisco@esteri.it &nbsp; CONTATTI E INFORMAZIONI DI CARATTERE GENERALE L\u2019Ufficio Notarile di questo Consolato riceve esclusivamente su appuntamento dal [&hellip;]","protected":false},"author":1,"featured_media":0,"parent":59,"menu_order":6,"comment_status":"closed","ping_status":"closed","template":"","meta":{"footnotes":""},"class_list":["post-89","page","type-page","status-publish","hentry"],"_links":{"self":[{"href":"https:\/\/conssanfrancisco.esteri.it\/it\/wp-json\/wp\/v2\/pages\/89","targetHints":{"allow":["GET"]}}],"collection":[{"href":"https:\/\/conssanfrancisco.esteri.it\/it\/wp-json\/wp\/v2\/pages"}],"about":[{"href":"https:\/\/conssanfrancisco.esteri.it\/it\/wp-json\/wp\/v2\/types\/page"}],"author":[{"embeddable":true,"href":"https:\/\/conssanfrancisco.esteri.it\/it\/wp-json\/wp\/v2\/users\/1"}],"replies":[{"embeddable":true,"href":"https:\/\/conssanfrancisco.esteri.it\/it\/wp-json\/wp\/v2\/comments?post=89"}],"version-history":[{"count":7,"href":"https:\/\/conssanfrancisco.esteri.it\/it\/wp-json\/wp\/v2\/pages\/89\/revisions"}],"predecessor-version":[{"id":2624,"href":"https:\/\/conssanfrancisco.esteri.it\/it\/wp-json\/wp\/v2\/pages\/89\/revisions\/2624"}],"up":[{"embeddable":true,"href":"https:\/\/conssanfrancisco.esteri.it\/it\/wp-json\/wp\/v2\/pages\/59"}],"wp:attachment":[{"href":"https:\/\/conssanfrancisco.esteri.it\/it\/wp-json\/wp\/v2\/media?parent=89"}],"curies":[{"name":"wp","href":"https:\/\/api.w.org\/{rel}","templated":true}]}}