{"id":769,"date":"2023-08-02T12:48:50","date_gmt":"2023-08-02T19:48:50","guid":{"rendered":"https:\/\/conssanfrancisco.esteri.it\/?page_id=769"},"modified":"2025-12-11T17:55:14","modified_gmt":"2025-12-12T00:55:14","slug":"dichiarazione-di-valore","status":"publish","type":"page","link":"https:\/\/conssanfrancisco.esteri.it\/it\/servizi-consolari-e-visti\/servizi-per-il-cittadino-italiano\/ufficio-istruzione\/dichiarazione-di-valore\/","title":{"rendered":"Dichiarazione di Valore"},"content":{"rendered":"<article id=\"articolo_centro\" class=\"col-md-15 col-sm-15 padding_articolo item-page\" role=\"main\" aria-label=\"articolo\">\n<div>\n<p><a href=\"https:\/\/conssanfrancisco.esteri.it\/wp-content\/uploads\/2024\/12\/Dichiarazione-di-valore_application_form2024-12-18_ENG_agg.doc\"><strong>Modulo di Richiesta<\/strong><\/a><\/p>\n<p><a href=\"https:\/\/conssanfrancisco.esteri.it\/wp-content\/uploads\/2023\/08\/apostille_info_and_sos_website_-_inglese.pdf\"><strong>Informazioni per l&#8217;Apostille<\/strong><\/a><\/p>\n<p><a href=\"https:\/\/conssanfrancisco.esteri.it\/it\/servizi-consolari-e-visti\/servizi-per-il-cittadino-italiano\/altri-servizi\/interpreti-e-traduttori\/\"><strong>Lista di Traduttori<\/strong><\/a><\/p>\n<p>&nbsp;<\/p>\n<p><strong>PROCEDURA PER LA RICHIESTA DELLA DICHIARAZIONE DI VALORE PER I TITOLI DI STUDIO CONSEGUITI NELLA COMPETENZA DEL CONSOLATO GENERALE D&#8217;ITALIA A SAN FRANCISCO<\/strong><\/p>\n<p>&nbsp;<\/p>\n<p>La procedura descritta nel presente documento si applica esclusivamente ai titoli di studio rilasciati nella giurisdizione del Consolato Generale d&#8217;Italia a San Francisco. Questa comprende:<\/p>\n<ul>\n<li>Alaska<\/li>\n<li>California (<strong><u>eccettuate <\/u><\/strong><u>le seguenti contee di competenza del Consolato Generale d\u2019Italia in Los Angeles: Imperial Valley, Kern, Los Angeles, Orange, Riverside, Santa Barbara, San Bernardino, San Diego, San Luis Obispo, Ventura<\/u>)<\/li>\n<li>Hawaii<\/li>\n<li>Idaho<\/li>\n<li>Montana<\/li>\n<li>Oregon<\/li>\n<li>Utah<\/li>\n<li>Washington<\/li>\n<li>American Territories of Samoa<\/li>\n<li>American Territory of Guam<\/li>\n<li>Northern Mariana Islands<\/li>\n<li>Johnston Atoll, Wake Island, Midway Islands<\/li>\n<\/ul>\n<p>Verranno gestite esclusivamente le domande di dichiarazione di valore relative a titoli di studio conseguiti nella giurisdizione del Consolato Generale d&#8217;Italia a San Francisco.<\/p>\n<p><strong>DOCUMENTAZIONE RICHIESTA:<\/strong><\/p>\n<ol>\n<li>Fotocopia del passaporto del richiedente, su cui \u00e8 apposta una firma olografa. Per coloro che non sono cittadini dell\u2019Unione Europea, la fotocopia dovr\u00e0 essere notarizzata tramite <strong>copy certification<\/strong>.<\/li>\n<li>Una richiesta distinta per ogni titolo di studio da compilare sul modulo predisposto (vedi file allegato-application form), datata e firmata. Verranno respinte le domande non datate o non firmate.<\/li>\n<li>Fotocopia del diploma di high school o bachelor o master o Ph.D. o altro titolo, con <strong>autentica\/notarizzazione della firma (<em>acknowledgment<\/em>) da parte del <em>Notary Public<\/em><\/strong> (nello Stato di Washington l\u2019autentica non \u00e8 necessaria. Nello Utah il riconoscimento del <em>Notary Public<\/em> \u00e8 richiesto solo per le scuole e le universit\u00e0 private).<\/li>\n<li>\u201c<strong><em>Apostille<\/em><\/strong><em> for international use<\/em>\u201d del Segretario di Stato che deve essere unita al diploma e all\u2019<em>acknowledgment<\/em> del Notary Public di cui al punto 2).<\/li>\n<li>High school o altro titolo <strong>Official <\/strong><strong><em>Transcript<\/em><\/strong><strong> in originale<\/strong>, firmato dall\u2019autorit\u00e0 scolastica delegata alla certificazione (in genere il <em>Registrar<\/em>), <strong>con autentica\/notarizzazione della firma (<em>acknowledgment<\/em>) da parte del <em>Notary Public<\/em><\/strong> (nello Stato di Washington l\u2019autentica non \u00e8 necessaria. Nello Utah \u00e8 necessaria solo per le scuole private e non per quelle pubbliche). <strong>La fotocopia dell\u2019Official Transcript non sar\u00e0 accettata e non permetter\u00e0 il rilascio della dichiarazione di valore.<\/strong><\/li>\n<li>\u201c<strong><em>Apostille<\/em><\/strong> for international use\u201d del Segretario di Stato che deve essere unita all\u2019<em>Official Transcript<\/em> originale e all\u2019<em>acknowledgment<\/em> del Notary Public di cui al punto 5).<\/li>\n<li>Se la <em>Dichiarazione di Valore<\/em> \u00e8 richiesta per il diploma di high school, \u00e8 necessario presentare <strong><u>l\u2019originale \u201cAP Archived Score Report\u201d rilasciato dall\u2019AP College Board<\/u><\/strong> dal quale si evince il punteggio degli esami AP.<\/li>\n<li>Nel caso in cui la dichiarazione di valore venga richiesta per proseguire gli studi (laurea, laurea magistrale, master, scuola di specializzazione di area sanitaria, dottorato di ricerca), non \u00e8 previsto il pagamento del servizio consolare.<\/li>\n<li>In tutti gli altri casi \u00e8 previsto il pagamento il pagamento della tariffa consolare ai sensi dell\u2019<strong> 66N<\/strong> (sotto il chiarimento sull\u2019importo della tariffa). Il pagamento dovr\u00e0 avvenire tramite <strong><em>money order<\/em><\/strong><strong>,<\/strong> <strong><em>cashier\u2019s check<\/em><\/strong>, o <strong><em>assegno circolare internazionale in dollari USA<\/em> <\/strong>con beneficiario \u201cConsulate General of Italy in San Francisco\u201d.\u00a0 <strong>NON SONO ACCETTATE ALTRE FORME DI PAGAMENTO<\/strong>.<\/li>\n<li>Fotocopia della lettera di preiscrizione alla scuola\/all\u2019universit\u00e0 o di accettazione dell\u2019iscrizione da parte dell\u2019universit\u00e0, qualora si intenda proseguire gli studi.<\/li>\n<li>All\u2019interno deve essere inserita una <strong>busta preaffrancata\/prepagata e preindirizzata<\/strong> (UPS o USPS), della capienza tale da permettere di rimandare tutta la documentazione fornita oltre alla dichiarazione di valore. Non si accettano le buste FedEx.<\/li>\n<\/ol>\n<p>La documentazione deve essere inviata via posta al seguente indirizzo:<\/p>\n<p><strong>Education Office<\/strong><\/p>\n<p>Consulate General of Italy<\/p>\n<p>2590 Webster St.<\/p>\n<p>94115 San Francisco, CA<\/p>\n<p>In caso di richiesta di dichiarazione di valore per pi\u00f9 titoli, sar\u00e0 necessario compilare pi\u00f9 moduli (application form) e allegare a ciascuno di essi la relativa documentazione. Per ciascuna richiesta sar\u00e0 rilasciata una distinta dichiarazione di valore. Richieste e allegati potranno essere inseriti in un\u2019unica busta. Le dichiarazioni di valore e la documentazione relativa ai titoli di studio verranno restituite inserite nella busta preaffrancata e preindirizzata presente nel plico.<\/p>\n<p>Qualora l\u2019<em>Official<\/em> <em>Transcript<\/em> sia comune a due diversi diplomi (es. Master e Dottorato), l&#8217;insieme delle pagine relative al primo diploma e l&#8217;insieme delle pagine relative al secondo diploma dovranno essere separati (se possibile) e allegati alla rispettiva <em>Apostille<\/em>. Qualora la separazione non fosse possibile (ad esempio per informazioni incomplete, oppure qualora una pagina faccia riferimento ad entrambi i diplomi), dovranno essere richiesti alla Segreteria due <em>Official<\/em> <em>Transcript<\/em> in originale e queste dovranno essere allegate alle rispettive A<em>postille<\/em>.<\/p>\n<p><strong>DOTTORATO DI RICERCA O ALTRO DOTTORATO PROFESSIONALE<\/strong><\/p>\n<p>Il <em>Transcript<\/em> deve indicare:<\/p>\n<ol>\n<li>metodologia di ammissione (ad esempio: colloquio, concorso pubblico, ecc.)<\/li>\n<li>data di ammissione<\/li>\n<li>durata del programma di dottorato (in anni)<\/li>\n<li>data di effettivo completamento del programma<\/li>\n<li>data di conferimento del titolo<\/li>\n<li>metodologia (attraverso l&#8217;insegnamento, la ricerca, ecc.)<\/li>\n<li>titolo completo della tesi<\/li>\n<li>collegamento ipertestuale al repository che punti alla tesi di dottorato di ricerca completa.<\/li>\n<\/ol>\n<p>Qualora qualcuno dei punti da a) a g) non fosse riportato nel <em>Transcript<\/em>, deve esserne fornita separata evidenza. Dovr\u00e0 essere fornita evidenza del titolo universitario precedente che consente l&#8217;ammissione al dottorato.<\/p>\n<p><strong>TARIFFE<\/strong><\/p>\n<p>La tariffa per il rilascio della dichiarazione di valore \u00e8 indicata al seguente link alla voce \u201cDichiarazione Consolare, art. 66N\u201d: <a href=\"https:\/\/conssanfrancisco.esteri.it\/it\/servizi-consolari-e-visti\/servizi-per-il-cittadino-italiano\/tariffe\/\">https:\/\/conssanfrancisco.esteri.it\/en\/servizi-consolari-e-visti\/servizi-per-il-cittadino-italiano\/tariffe\/<\/a><\/p>\n<p>Le tariffe vengono aggiornate ogni trimestre, il 1\u00b0 gennaio, il 1\u00b0 aprile, il 1\u00b0 giugno e 1\u00b0 settembre, quindi \u00e8 necessario verificare sul sito prima di procedere con il pagamento.<\/p>\n<p>L\u2019importo si intende per il rilascio di una dichiarazione di valore. Per il rilascio di pi\u00f9 dichiarazioni di valore \u00e8 possibile effettuare un unico pagamento il cui ammontare deve corrispondere alla somma delle singole tariffe.<\/p>\n<p><strong>IMPORTANTI NOTE GENERALI<\/strong><\/p>\n<p>Per ottenere l<strong>\u2019Apostille<\/strong>, \u00e8 necessario che la firma dell\u2019autorit\u00e0 scolastica, apposta sul documento, sia prima autenticata da un notaio (Notary Public). \u00c8 importante che n\u00e9 lo studente, n\u00e9 il genitore, n\u00e9 il coordinatore del programma di scambio firmi il documento, attestando che \u00e8 l\u2019originale o una copia, facendosi poi autenticare la firma per ottenere l\u2019Apostille, perch\u00e9 in tal caso il documento non sar\u00e0 accettabile. <strong>La firma autenticata deve essere quella dell\u2019autorit\u00e0 scolastica<\/strong>.<\/p>\n<p>Ogni istanza di nome(i) e cognome(i) riportata sulle istanze, diploma(i), trascrizione(i), traduzione(i) e dottorato di ricerca ed (eventuale) tesi dovr\u00e0 coincidere esattamente con il\/i nome\/i e cognome\/i stampati sulla fotocopia del passaporto. Ci\u00f2 vale anche per il titolo di studio universitario che abilita all\u2019ammissione al dottorato e per la sua eventuale dichiarazione di valore.<\/p>\n<p>Ogni eventuale secondo (o ulteriore) nome o cognome dovr\u00e0 essere riportato per intero. Omissioni o abbreviazioni determino il rigetto dell\u2019istanza.<\/p>\n<p>Eventuali cambi del\/i nome\/ o del\/i cognome\/e (es. per patrimonio) devono essere documentate.<\/p>\n<\/div>\n<hr \/>\n<div class=\"row\"><\/div>\n<\/article>\n<aside id=\"articolo_dx\" class=\"col-md-4 col-sm-4 col-xs-24\" role=\"complementary\" aria-label=\"approfondimenti\"><a title=\"Modulo di Richiesta di Perfezionamento Documenti Scolastici e Universitari\" href=\"https:\/\/conssanfrancisco.esteri.it\/consolato_sanfrancisco\/resource\/doc\/2020\/03\/2020_02_28_dv_application_form.doc\">Modulo di Richiesta di Perfezionamento Documenti Scolastici e Universitari<\/a><a title=\"Lista traduttori\" href=\"http:\/\/www.conssanfrancisco.esteri.it\/consolato_sanfrancisco\/it\/i_servizi\/traduttori\/traduttori-medici-ed-altri-professionisiti.html\">Lista traduttori<\/a><a title=\"Apostille e contatti Segretari di Stato\" href=\"http:\/\/www.conssanfrancisco.esteri.it\/consolato_sanfrancisco\/resource\/doc\/2017\/09\/apostille_info_and_sos_website_-_italiano.pdf\">Apostille e contatti Segretari di Stato<\/a><\/p>\n<div id=\"custom_html\"><\/div>\n<\/aside>\n<p><span class=\"testobianco\">52<\/span><\/p>\n","protected":false},"excerpt":{"rendered":"Modulo di Richiesta Informazioni per l&#8217;Apostille Lista di Traduttori &nbsp; PROCEDURA PER LA RICHIESTA DELLA DICHIARAZIONE DI VALORE PER I TITOLI DI STUDIO CONSEGUITI NELLA COMPETENZA DEL CONSOLATO GENERALE D&#8217;ITALIA A SAN FRANCISCO &nbsp; La procedura descritta nel presente documento si applica esclusivamente ai titoli di studio rilasciati nella giurisdizione del Consolato Generale d&#8217;Italia a [&hellip;]","protected":false},"author":4,"featured_media":0,"parent":423,"menu_order":0,"comment_status":"closed","ping_status":"closed","template":"","meta":{"footnotes":""},"class_list":["post-769","page","type-page","status-publish","hentry"],"_links":{"self":[{"href":"https:\/\/conssanfrancisco.esteri.it\/it\/wp-json\/wp\/v2\/pages\/769","targetHints":{"allow":["GET"]}}],"collection":[{"href":"https:\/\/conssanfrancisco.esteri.it\/it\/wp-json\/wp\/v2\/pages"}],"about":[{"href":"https:\/\/conssanfrancisco.esteri.it\/it\/wp-json\/wp\/v2\/types\/page"}],"author":[{"embeddable":true,"href":"https:\/\/conssanfrancisco.esteri.it\/it\/wp-json\/wp\/v2\/users\/4"}],"replies":[{"embeddable":true,"href":"https:\/\/conssanfrancisco.esteri.it\/it\/wp-json\/wp\/v2\/comments?post=769"}],"version-history":[{"count":6,"href":"https:\/\/conssanfrancisco.esteri.it\/it\/wp-json\/wp\/v2\/pages\/769\/revisions"}],"predecessor-version":[{"id":6569,"href":"https:\/\/conssanfrancisco.esteri.it\/it\/wp-json\/wp\/v2\/pages\/769\/revisions\/6569"}],"up":[{"embeddable":true,"href":"https:\/\/conssanfrancisco.esteri.it\/it\/wp-json\/wp\/v2\/pages\/423"}],"wp:attachment":[{"href":"https:\/\/conssanfrancisco.esteri.it\/it\/wp-json\/wp\/v2\/media?parent=769"}],"curies":[{"name":"wp","href":"https:\/\/api.w.org\/{rel}","templated":true}]}}