{"id":67,"date":"2023-04-03T19:27:59","date_gmt":"2023-04-03T17:27:59","guid":{"rendered":"https:\/\/consolatozurigo.esteri.it\/?page_id=67"},"modified":"2025-12-11T15:35:29","modified_gmt":"2025-12-11T22:35:29","slug":"passaporti-e-carte-didentita","status":"publish","type":"page","link":"https:\/\/conssanfrancisco.esteri.it\/it\/servizi-consolari-e-visti\/servizi-per-il-cittadino-italiano\/passaporti-e-carte-didentita\/","title":{"rendered":"Documenti di Viaggio (Passaporti e E.T.D.)"},"content":{"rendered":"<p><iframe loading=\"lazy\" title=\"YouTube video player\" src=\"https:\/\/www.youtube.com\/embed\/5aemUnqyt1A?si=gvi3zE4rbmR62P45\" width=\"560\" height=\"315\" frameborder=\"0\" allowfullscreen=\"allowfullscreen\"><\/iframe><\/p>\n<p><strong>UFFICIO PASSAPORTI<br \/>\n<\/strong>Consolato Generale d&#8217;Italia<br \/>\n2590 Webster Street<br \/>\nSan Francisco, CA 94115<\/p>\n<p>passaporti.sanfrancisco@esteri.it<\/p>\n<p>FARE CLIC SUI SEGUENTI LINK PER MAGGIORI INFORMAZIONI:<\/p>\n<p>1)\u00a0<a href=\"#Info\">Informazioni Generali<\/a><br \/>\n2)\u00a0<a href=\"#ISTRUZIONI\">Istruzioni<\/a><br \/>\n3)\u00a0<a href=\"#Rinnovi\">Richiesta di rilascio di nuovo passaporto\/Esaurimento pagine<\/a><br \/>\n4)\u00a0<a href=\"#Appuntamenti\">Appuntamenti<\/a><br \/>\n5)\u00a0<a href=\"#Costo_passaporto\">Costo per il rilascio del Passaporto e modalit\u00e0 di pagamento<\/a><br \/>\n6)\u00a0<a href=\"#Rilevazione_impronte\">Rilevamento delle impronte digitali<\/a><br \/>\n7)\u00a0<a href=\"#Avviso_per_minori_14anni\">Dichiarazione di accompagnamento per i minori italiani di et\u00e0 inferiore a 14 anni in viaggio<\/a>\u00a0senza almeno un genitore come accompagnatore<br \/>\n8)\u00a0<a href=\"#requisiti_USA\">Carta d&#8217;identit\u00e0<\/a><\/p>\n<p>_______________________________________________________________________<\/p>\n<p><strong>INFORMAZIONI GENERALI<\/strong><\/p>\n<ul>\n<li>I cittadini italiani che risiedono almeno 6 mesi all\u2019anno in questa circoscrizione consolare devono aver gi\u00e0 presentato\/inviato una richiesta di iscrizione all\u2019AIRE al Consolato a San Francisco\u00a0<strong>ALMENO 30 GIORNI PRIMA DELL&#8217;APPUNTAMENTO<\/strong>. Lo stesso vale anche per i cittadini gi\u00e0 iscritti all\u2019AIRE che sono provenienti da un altro Consolato e che soddisfano il requisito di residenza.\u00a0L\u2019iscrizione all\u2019A.I.R.E. \u00e8 un diritto-dovere del cittadino (art. 6 legge 470\/1988) e costituisce il presupposto per ottenere il rilascio di un nuovo passaporto all\u2019estero. Per iscriversi all&#8217;AIRE,\u00a0<a href=\"https:\/\/conssanfrancisco.esteri.it\/it\/servizi-consolari-e-visti\/servizi-per-il-cittadino-italiano\/anagrafe-degli-italiani-residenti-allestero-aire\/\"><strong>visitare la pagina dell&#8217;Ufficio Anagrafe-AIRE<\/strong><\/a>.<\/li>\n<li>Di norma\u00a0<strong>la domanda di rilascio di passaporto\u00a0va presentata all\u2019Ufficio competente territorialmente in base alla residenza del richiedente<\/strong>, in Italia o all\u2019estero. La circoscrizione del Consolato Generale d&#8217;Italia di San Francisco copre i seguenti stati: Alaska, Hawaii, Idaho, Montana, Oregon, Utah, Washington, Territori americani delle Samoe, Territorio americano di Guam, Isole Marianne settentrionali, Atollo Johnston, Isola Wake, Isole Midways, e California settentrionale e centrale (eccetto le seguenti contee: San Luis Obispo, Kern, San Bernardino, Santa Barbara, Ventura, Los Angeles, Riverside, San Diego, Imperial Valley, Orange &#8211; di competenza del Consolato Generale d\u2019Italia di Los Angeles). <b>Le richieste di rilascio di passaporto presentate da richiedenti non ancora registrati presso la circoscrizione consolare di San Francisco saranno rifiutate. La richiesta di rilascio passaporto dovr\u00e0 essere presentata nuovamente una volta completata la registrazione tramite il portale <a href=\"https:\/\/serviziconsolari.esteri.it\/ScoFE\/index.sco\">FAST IT<\/a>. Le richieste di rilascio passaporto da parte di connazionali non residenti nella nostra circoscrizione consolare verranno rifiutate e dovranno essere presentate presso l&#8217;Ufficio consolare competente per territorio.<\/b><\/li>\n<li>Per poter richiedere il rilascio di un passaporto ad un minore NATO ALL&#8217;ESTERO, la nascita del minore deve essere gi\u00e0 trascritto presso un Comune in Italia.\u00a0<em>Per istruzioni a riguardo visitare\u00a0<\/em><a href=\"https:\/\/conssanfrancisco.esteri.it\/it\/servizi-consolari-e-visti\/servizi-per-il-cittadino-italiano\/stato-civile\/\"><strong>la pagina web dell&#8217;ufficio Stato Civile<\/strong><\/a>.<\/li>\n<li>Si pu\u00f2 richiedere il rilascio di un nuovo passaporto a partire da <strong><u>sei mes<\/u><\/strong><span style=\"text-decoration: underline;\">i<strong> prima<\/strong><\/span> della data di scadenza del passaporto in corso di validit\u00e0.<\/li>\n<\/ul>\n<p><a href=\"#top\"><em>fare clic qui per tornare all&#8217;inizio della pagina<\/em><\/a><\/p>\n<p>&nbsp;<\/p>\n<p><strong>ISTRUZIONI PER RICHIEDERE UN PASSAPORTO ITALIANO<\/strong><\/p>\n<p>Le seguenti istruzioni sono per\u00a0<strong>ADULTI<\/strong>\u00a0e per\u00a0<strong>MINORI CHE HANNO GI\u00c1 COMPIUTO 12 ANNI<\/strong>.<\/p>\n<p><em>N.B. I minori\u00a0SOTTO\u00a0i 12 anni\u00a0NON HANNO BISOGNO\u00a0di un appuntamento e la documentazione richiesta dovr\u00e0 essere inviata per posta (<a href=\"https:\/\/conssanfrancisco.esteri.it\/consolato_sanfrancisco\/it\/i_servizi\/per_i_cittadini\/passaporti\/passaporti-per-minori.html\">vedere la documentazione richiesta per minori<\/a>)<\/em><\/p>\n<ol>\n<li style=\"list-style-type: none;\">\n<ol>\n<li><strong>PRESENTARE UNA RICHIESTA DI ISCRIZIONE ALL\u2019AIRE \/ ASSOCIAZIONE UTENZA O AGGIORNAMENTO INDIRIZZO SUL PORTALE FAST IT.\u00a0<\/strong><a href=\"https:\/\/conssanfrancisco.esteri.it\/it\/servizi-consolari-e-visti\/servizi-per-il-cittadino-italiano\/anagrafe-degli-italiani-residenti-allestero-aire\/\"><em>Vedere la pagina web dell\u2019ufficio AIRE per istruzioni<\/em><\/a>\n<ul>\n<li>Per chi \u00e8 gi\u00e0 iscritto all\u2019AIRE tramite il Consolato Generale d&#8217;Italia di San Francisco:\n<ol>\n<li>Creare un\u2019utenza su Fast It (oppure effettuare il login se si ha gi\u00e0 un\u2019utenza)<\/li>\n<li>VERIFICARE la correttezza dell\u2019indirizzo<\/li>\n<li>AGGIORNARE L\u2019INDIRIZZO qualora non fosse aggiornato.\u00a0<a href=\"https:\/\/conssanfrancisco.esteri.it\/it\/servizi-consolari-e-visti\/servizi-per-il-cittadino-italiano\/anagrafe-degli-italiani-residenti-allestero-aire\/\">Vedere le istruzioni a riguardo pubblicate sul sito di questo Consolato Generale (cliccare qui)<\/a>.<\/li>\n<\/ol>\n<\/li>\n<\/ul>\n<\/li>\n<li><strong>PRENOTARE UN APPUNTAMENTO<\/strong>\u00a0usando il portale\u00a0<a href=\"https:\/\/prenotami.esteri.it\/\">Prenot@MI<\/a>.\u00a0<a href=\"#Appuntamenti\">Fare clic qui per informazioni a riguardo<\/a><\/li>\n<li><strong>RICONFERMARE LA PRENOTAZIONE<\/strong>\u00a0esclusivamente tramite\u00a0<a href=\"https:\/\/prenotami.esteri.it\/\">Prenot@MI<\/a> a partire da 10 giorni prima ed entro 3 giorni prima dell\u2019appuntamento (ora italiana). <a href=\"#Appuntamenti\">(Fare clic qui per le istruzioni)<\/a>\n<ol>\n<li><strong>NOTA BENE<\/strong>: In mancanza di questa seconda conferma, l&#8217;appuntamento sar\u00e0 cancellato automaticamente dal sistema, il quale render\u00e0 lo slot disponibile ad un altro richiedente.<\/li>\n<\/ol>\n<\/li>\n<li><strong>PRESENTARE LA DOCUMENTAZIONE RICHIESTA<\/strong>\u00a0il giorno dell\u2019appuntamento.\n<ul>\n<li><a href=\"https:\/\/conssanfrancisco.esteri.it\/it\/servizi-consolari-e-visti\/servizi-per-il-cittadino-italiano\/passaporti-e-carte-didentita\/passaporti-per-adulti\/\">ADULTI \u2013 Documentazione richiesta (fare clic qui)<\/a><\/li>\n<li><a href=\"https:\/\/conssanfrancisco.esteri.it\/it\/servizi-consolari-e-visti\/servizi-per-il-cittadino-italiano\/passaporti-e-carte-didentita\/passaporti-per-minori\/\">MINORI \u2013 Documentazione richiesta (fare clic qui)<\/a><\/li>\n<\/ul>\n<\/li>\n<\/ol>\n<\/li>\n<\/ol>\n<p>&nbsp;<\/p>\n<p><strong>RICHIESTA DI RILASCIO DI NUOVO PASSAPORTO\/ESAURIMENTO PAGINE<\/strong><\/p>\n<p>I passaporti italiani non sono pi\u00f9 rinnovabili, perci\u00f2 chi ha un passaporto italiano in scadenza (oppure gi\u00e0 scaduto) dovr\u00e0 richiedere il rilascio di un nuovo passaporto. Allo stesso modo, chi ha esaurito le pagine di un passaporto ancora in corso di validit\u00e0 dovr\u00e0 richiedere un nuovo libretto.<\/p>\n<p><a href=\"#top\"><em>fare clic qui per tornare all&#8217;inizio della pagina<\/em><\/a><\/p>\n<p><strong><br \/>\nAPPUNTAMENTI<\/strong><\/p>\n<p><a href=\"https:\/\/prenotami.esteri.it\/\"><strong>Nuovo portale Prenot@Mi per i servizi consolari<\/strong><\/a><\/p>\n<p><b>ATTENZIONE: Si informa che se nello stato della prenotazione appare la parola \u201cSCADUTA\u201d, significa che NON\u00a0\u00e8 stato confermato nessun appuntamento.<\/b><\/p>\n<p><em><strong>Per il rilascio di ETD (Emergency Travel Document)<\/strong>,\u00a0<strong>\u00e8 necessario inviare un\u2019email a\u00a0<a href=\"mailto:passaporti.sanfrancisco@esteri.it\">passaporti.sanfrancisco@esteri.it<\/a>\u00a0 includendo le ragioni dell\u2019urgenza<\/strong>.<\/em><\/p>\n<p>Ricordiamo, in ogni caso, che nell\u2019eventualit\u00e0 di incomprimibili emergenze \u00e8 sempre possibile contattare l\u2019Ufficio Passaporti all\u2019indirizzo e-mail passaporti.sanfrancisco@esteri.it e che, al difuori degli orari d\u2019ufficio, \u00e8 possibile contattare il Consolato Generale al numero telefonico di emergenza +1 (415) 999 0094.<\/p>\n<p><strong><em>IMPORTANTE<\/em><\/strong><\/p>\n<p>Il Consolato Generale d\u2019Italia ricorda a tutti i connazionali che il sistema di prenotazione Prenot@Mi\u00a0\u00e8\u00a0<strong>INTERAMENTE gratuito.\u00a0<\/strong><br \/>\n<strong>Non \u00e8 previsto alcun tipo di pagamento per ottenere un appuntamento in Consolato.<br \/>\n<\/strong><br \/>\nInvitiamo tutti i connazionali a\u00a0<strong>diffidare di chiunque millanti di poter far avere appuntamenti in tempi pi\u00f9 brevi a fronte della corresponsione di una somma di denaro<\/strong>\u00a0e raccomandiamo di\u00a0<strong>non pagare alcun servizio di questo tipo.\u00a0Il Consolato Generale si dissocia<\/strong>\u00a0in modo totale e inequivocabile da qualsiasi sito web, agenzia o persona fisica che possa avere in passato o stia tuttora svolgendo una simile attivit\u00e0 e\u00a0<strong>si riserva ogni diritto di prendere i necessari provvedimenti nelle sedi opportune.<\/strong><\/p>\n<p><strong>I residenti negli stati di WASHINGTON, OREGON, UTAH e HAWAII possono prenotare un appuntamento presso il Consolato Onorario di competenza per il rilevamento dei dati biometrici.<\/strong>\u00a0Tale servizio \u00e8 offerto dai Consoli Onorari su base volontaria e in base alla loro disponibilit\u00e0.\u00a0Per i recapiti dei Consolati Onorari, si prega di controllare\u00a0<a href=\"https:\/\/conssanfrancisco.esteri.it\/it\/chi-siamo\/la-rete-consolare\/\">l&#8217;apposita pagina web<\/a>.<\/p>\n<p><strong>Istruzioni per prenotare un appuntamento\u00a0<\/strong><\/p>\n<ol>\n<li><strong>PER CHI RISIEDE LEGALMENTE** IN QUESTA CIRCOSCRIZIONE CONSOLARE<\/strong><em>\u00a0(titolari di visto\/carta verde\/employment authorization card, e cittadini USA)<\/em><strong>\u00a0\u00e8 necessaria l&#8217;ISCRIZIONE AIRE<em>.<\/em>\u00a0<\/strong><a href=\"https:\/\/conssanfrancisco.esteri.it\/it\/servizi-consolari-e-visti\/servizi-per-il-cittadino-italiano\/anagrafe-degli-italiani-residenti-allestero-aire\/\"><em>Fare clic qui per istruzioni<\/em><\/a><strong>.<br \/>\n<em>**Nota bene:<\/em><\/strong>\u00a0<em>chi non \u00e8 iscritto all&#8217;AIRE presso questo Consolato e\/o chi non possiede un valido (non scaduto) titolo di soggiorno per gli Stati Uniti dovr\u00e0 scrivere un&#8217;email a\u00a0<a href=\"mailto:passaporti.sanfrancisco@esteri.it\">passaporti.sanfrancisco@esteri.it<\/a>\u00a0prima di prenotare un appuntamento per il passaporto.<\/em><\/li>\n<li><strong>CREARE UN&#8217;UTENZA IN\u00a0<a href=\"https:\/\/prenotami.esteri.it\/\">PRENOTA@MI<\/a><a href=\"https:\/\/prenotami.esteri.it\/\">\u00a0(fare clic qui)<\/a><\/strong>: \u00c8 necessario creare un&#8217;utenza a nome del richiedente. Si ricorda di prenotare un appuntamento esclusivamente con l\u2019utenza del\/della connazionale che effettivamente richiede il nuovo passaporto. Non \u00e8 possibile presentare pi\u00f9 di una richiesta di rilascio di nuovo passaporto nell\u2019arco di un appuntamento (anche se i richiedenti fanno parte della stessa famiglia anagrafica). Il portale non permette di creare un\u2019utenza per un minore. Sar\u00e0 necessario prenotare l\u2019appuntamento a nome del genitore e, nello spazio riservato alle NOTE, indicare che l\u2019appuntamento e\u2019 a nome del figlio (inserire nome, cognome, data e luogo di nascita del minore). Da ogni utenza si possono prenotare un massimo di 5 prenotazioni (selezionare Prenotazioni Multiple).\n<ul>\n<li><strong>IMPORTANTE!\u00a0<em>Chi ha recentemente inviato una richiesta di iscrizione AIRE tramite FAST IT\u00a0deve verificare che\u00a0lo stato della richiesta sia DEFINITO \/ COMPLETO prima di richiedere l&#8217;appuntamento<\/em>.<\/strong>\u00a0Una volta definita\/completata la pratica, sar\u00e0 possibile prenotare l&#8217;appuntamento per il rilascio di nuovo passaporto.<\/li>\n<\/ul>\n<\/li>\n<li><strong>COME PRENOTARE UN APPUNTAMENTO:<\/strong>\u00a0accedere al sito web\u00a0<a href=\"https:\/\/prenotami.esteri.it\/\">PRENOT@MI<\/a>\u00a0e selezionare il servizio di rilascio passaporto ordinario. Il portale rende disponibili gli appuntamenti fino a un massimo di 24 settimane.\n<ul>\n<li><strong>ADULTI E MINORI\u00a0SOPRA\u00a0I 12 ANNI<\/strong>: Tutti i richiedenti che hanno gi\u00e0 compiuto 12 anni devono prenotare un appuntamento individuale per il rilascio del passaporto attraverso\u00a0<a href=\"https:\/\/prenotami.esteri.it\/\">PRENOT@Mi<\/a><\/li>\n<li><strong>MINORI\u00a0SOTTO\u00a0I 12 ANNI:\u00a0<\/strong>Per i minori che hanno meno di 12 anni, la richiesta di rilascio di passaporto va inviata via posta senza la necessit\u00e0 di un appuntamento (fare riferimento alle istruzioni nella sezione del sito &#8220;Passaporti per minori&#8221;)<\/li>\n<\/ul>\n<\/li>\n<li><strong>RICONFERMA APPUNTAMENTO<\/strong>: A partire da 10 giorni prima dell&#8217;appuntamento sar\u00e0 necessario riconfermare l&#8217;appuntamento tramite\u00a0<a href=\"https:\/\/prenotami.esteri.it\/\">PRENOT@MI<\/a>. Tale riconferma deve essere effettuata entro e non oltre 3 giorni prima dell&#8217;appuntamento (ora italiana).\n<ul>\n<li><strong>NOTA BENE<\/strong>: In mancanza di questa seconda conferma, l&#8217;appuntamento sar\u00e0 cancellato automaticamente dal sistema, il quale render\u00e0 lo slot disponibile ad un altro richiedente.<\/li>\n<\/ul>\n<\/li>\n<\/ol>\n<p><strong>Istruzioni per prenotare un appuntamento urgente<\/strong><\/p>\n<p>I connazionali con una reale urgenza, possono prenotare lo slot giornaliero PASSAPORTO: SOLO URGENZE COMPROVATE.<\/p>\n<p>Questo slot \u00e8 stato creato per:<\/p>\n<p>&#8211; i connazionali che NON hanno un\u2019altra cittadinanza (titolari, quindi, di carta verde\/visto o senza permesso di soggiorno) e hanno il passaporto scaduto o in scadenza nei prossimi 6 mesi;<\/p>\n<p>&#8211; i connazionali che hanno un\u2019altra cittadinanza ma si trovano negli Stati Uniti con un permesso di soggiorno collegato al passaporto italiano e hanno il passaporto scaduto o in scadenza nei prossimi 6 mesi;<\/p>\n<p>&#8211; i connazionali che hanno anche la cittadinanza statunitense ma forniscono come prova d\u2019urgenza la prenotazione di un volo<br \/>\nconfermato in Italia o nell\u2019Area Schengen della durata di oltre 90 giorni o altra documentazione comprovante l\u2019urgenza. In caso di dubbio sull\u2019urgenza del proprio caso, \u00e8 necessario contattare il nostro ufficio PRIMA di prenotare un appuntamento d\u2019urgenza.<\/p>\n<p>Nota Bene: Gli appuntamenti d&#8217;urgenza sono soggetti ad una verifica da parte di questo Consolato Generale. E\u2019 necessario indicare nello spazio NOTE le ragioni dell\u2019urgenza e, il giorno dell\u2019appuntamento, portare la documentazione necessaria comprovante l\u2019urgenza. In caso contrario, l&#8217;appuntamento sar\u00e0 cancellato e si dovr\u00e0 prenotare un appuntamento ordinario per il rilascio del passaporto.<\/p>\n<p><strong>\u00a0<\/strong><\/p>\n<p><em>\u00a0<\/em><\/p>\n<p><em><a href=\"#top\">fare clic qui per tornare all&#8217;inizio della pagina<\/a><\/em><\/p>\n<p>&nbsp;<\/p>\n<p>&nbsp;<\/p>\n<p><strong><br \/>\nCOSTO DEL PASSAPORTO e MODALIT\u00c0 DI PAGAMENTO<br \/>\n<\/strong><\/p>\n<ul>\n<li>IL COSTO TOTALE del passaporto \u00e8\u00a0pubblicato nella<strong>\u00a0<a href=\"https:\/\/conssanfrancisco.esteri.it\/it\/servizi-consolari-e-visti\/servizi-per-il-cittadino-italiano\/tariffe\/\">tabella delle tariffe consolari<\/a><\/strong>.<\/li>\n<\/ul>\n<ul>\n<li><strong>Il pagamento deve essere un\u00a0<\/strong><strong>MONEY ORDER O CASHIER&#8217;S CHECK<\/strong>\u00a0gi\u00e0 compilato ed intestato al Consolato Generale d&#8217;Italia &#8211; San Francisco, per l&#8217;ammontare pubblicato in $USD. Non si accettano pagamenti in contanti, assegni personali e\/o con carte di credito\/bancomat.\n<ul>\n<li>per informazioni sul MONEY ORDER e come\/dove richiederlo visitare la seguente pagina web:\u00a0<a href=\"https:\/\/www.wikihow.com\/Get-a-Money-Order\">https:\/\/www.wikihow.com\/Get-a-Money-Order<\/a><\/li>\n<\/ul>\n<\/li>\n<\/ul>\n<p>N.B. Poich\u00e9 le tariffe consolari saranno aggiornate ogni trimestre, assicurarsi che l&#8217;ammontare del pagamento presentato il giorno dell&#8217;appuntamento rispecchi quello in corso. I pagamenti con un ammontare diverso da quello in corso non saranno accettati.<\/p>\n<p><a href=\"#top\">fare clic qui per tornare all&#8217;inizio della pagina<\/a><\/p>\n<p>&nbsp;<\/p>\n<p><a name=\"Rilevazione_impronte\"><\/a><\/p>\n<p><strong><br \/>\nRILEVAMENTO DELLE IMPRONTE DIGITALI<\/strong><\/p>\n<ul>\n<li>Il rilascio di un nuovo passaporto biometrico necessita la presenza fisica del connazionale presso il Consolato Generale d&#8217;Italia di San Francisco al fine di acquisire le impronte digitali<\/li>\n<li>I minori che non hanno ancora compiuto 12 anni sono esenti dal rilevamento delle impronte digitali<\/li>\n<li>\u00c8 consentita l\u2019esenzione permanente dal rilevamento delle impronte digitali solo:\n<ul>\n<li>in caso di patologia o impedimento fisico permanente opportunamente documentati (ad es. certificazione medica rilasciata da un&#8217;autorit\u00e0 sanitaria locale, struttura ospedaliera, ecc.)<\/li>\n<li>oppure in caso di menomazione o malformazione fisica evidente (si prescinde in tal caso dalla certificazione medica).<\/li>\n<\/ul>\n<\/li>\n<\/ul>\n<p><a href=\"#top\">fare clic qui per tornare all&#8217;inizio della pagina<\/a><\/p>\n<p><em><strong>\u00a0<\/strong><\/em><\/p>\n<p>&nbsp;<\/p>\n<p><em><strong><br \/>\n<\/strong><\/em><strong>DICHIARAZIONE DI ACCOMPAGNAMENTO PER I MINORI ITALIANI DI ETA&#8217; INFERIORE A 14 ANNI IN VIAGGIO SENZA ALMENO UN GENITORE COME ACCOMPAGNATORE<br \/>\n<\/strong><\/p>\n<p><em>ATTENZIONE: \u00c8 responsabilit\u00e0 dell\u2019adulto accompagnatore ottenere un documento di viaggio valido per effettuare il viaggio e l\u2019ingresso in Italia.<br \/>\n<\/em><\/p>\n<p>I minori italiani che non hanno ancora compiuto 14 anni che viaggiano in assenza di genitori (o senza gli esercenti la potest\u00e0 genitoriale) devono disporre di un&#8217;autorizzazione ad hoc del competente Ufficio Consolare. Detta autorizzazione viene rilasciata sulla base di una dichiarazione di accompagnamento recante il nome della persona (o persone), o della societ\u00e0, o compagnia aerea a cui i minori sono stati affidati durante il viaggio.<\/p>\n<p>Al fine di poter viaggiare senza i genitori, \u00e8 necessario consegnare al Consolato la seguente documentazione in originale:<\/p>\n<ol>\n<li><a href=\"https:\/\/conssanfrancisco.esteri.it\/wp-content\/uploads\/2023\/08\/dichiarazioneaccompagnamentoperiminoridianni14.pdf\"><strong>Modulo di dichiarazione di accompagnamento<\/strong><\/a>, firmato dai genitori del minore o dall&#8217;esercente la potest\u00e0 genitoriale. Se uno dei genitori NON ha la cittadinanza italiana o di un paese dell\u2019Unione Europea, la firma sul modulo andr\u00e0 legalizzata da un &#8220;Notary Public&#8221; dello Stato di residenza.\n<ul>\n<li>Se il minore sar\u00e0 accompagnato da una persona, indicare il recapito di residenza dell&#8217;accompagnatore sul modulo, allegando copia di un documento di identit\u00e0 dello stesso.<\/li>\n<\/ul>\n<\/li>\n<li>Se si richiede la stampa del nome dell\u2019accompagnatore sul passaporto del minore, fornire il documento in originale. Se si richiede la stampa dell\u2019accompagnatore su un foglio separato, fornire una copia del passaporto del minore in corso di validit\u00e0.<\/li>\n<li>Copia dei passaporti dei genitori.<\/li>\n<li>Copia del documento di identit\u00e0 dell\u2019accompagnatore (se persona fisica).<\/li>\n<li>Prova di residenza dell\u2019accompagnatore (se persona fisica).<\/li>\n<li>Copia della prenotazione del volo dove compaiono i nomi dei minori e dell\u2019accompagnatore (se persona fisica).<\/li>\n<\/ol>\n<p>\u00c8 anche necessario includere:<\/p>\n<ul>\n<li><a href=\"https:\/\/conssanfrancisco.esteri.it\/wp-content\/uploads\/2023\/08\/autorizzazione_alle_rispedizione_del_passaporto_minori.pdf\"><strong>Modulo di autorizzazione per la spedizione del passaporto<\/strong><\/a>, debitamente compilato e firmato.<\/li>\n<li>Busta preaffrancata e gi\u00e0 indirizzata con tracking number per la spedizione del passaporto \u2013 si accettano esclusivamente buste della United States Postal Service Express Mail o Priority Mail.<\/li>\n<\/ul>\n<p>La dichiarazione di accompagnamento e l&#8217;autorizzazione sono normalmente valide per un solo viaggio di andata e ritorno: tuttavia, ove le circostanze lo richiedano e siano state adeguatamente motivate (cure mediche, studio) la loro validit\u00e0 pu\u00f2 prolungarsi fino ad una durata massima di sei mesi.<\/p>\n<p><a href=\"#top\">fare clic qui per tornare all&#8217;inizio della pagina<\/a><\/p>\n<p>&nbsp;<\/p>\n<p>Per chiarimenti riguardo al rilascio di passaporto, inviare un&#8217;email all&#8217;Ufficio Passaporti all&#8217;indirizzo passaporti.sanfrancisco@esteri.it.<\/p>\n<p>&nbsp;<\/p>\n<p>Per ulteriori informazioni riguardo al rilascio di passaporti visitare\u00a0<a href=\"http:\/\/www.esteri.it\/mae\/it\/italiani_nel_mondo\/serviziconsolari\/documenti_di_viaggio\">http:\/\/www.esteri.it\/mae\/it\/italiani_nel_mondo\/serviziconsolari\/documenti_di_viaggio<\/a>\u00a0<em>\u00a0<\/em><\/p>\n","protected":false},"excerpt":{"rendered":"UFFICIO PASSAPORTI Consolato Generale d&#8217;Italia 2590 Webster Street San Francisco, CA 94115 passaporti.sanfrancisco@esteri.it FARE CLIC SUI SEGUENTI LINK PER MAGGIORI INFORMAZIONI: 1)\u00a0Informazioni Generali 2)\u00a0Istruzioni 3)\u00a0Richiesta di rilascio di nuovo passaporto\/Esaurimento pagine 4)\u00a0Appuntamenti 5)\u00a0Costo per il rilascio del Passaporto e modalit\u00e0 di pagamento 6)\u00a0Rilevamento delle impronte digitali 7)\u00a0Dichiarazione di accompagnamento per i minori italiani di et\u00e0 [&hellip;]","protected":false},"author":1,"featured_media":0,"parent":59,"menu_order":7,"comment_status":"closed","ping_status":"closed","template":"","meta":{"footnotes":""},"class_list":["post-67","page","type-page","status-publish","hentry"],"_links":{"self":[{"href":"https:\/\/conssanfrancisco.esteri.it\/it\/wp-json\/wp\/v2\/pages\/67","targetHints":{"allow":["GET"]}}],"collection":[{"href":"https:\/\/conssanfrancisco.esteri.it\/it\/wp-json\/wp\/v2\/pages"}],"about":[{"href":"https:\/\/conssanfrancisco.esteri.it\/it\/wp-json\/wp\/v2\/types\/page"}],"author":[{"embeddable":true,"href":"https:\/\/conssanfrancisco.esteri.it\/it\/wp-json\/wp\/v2\/users\/1"}],"replies":[{"embeddable":true,"href":"https:\/\/conssanfrancisco.esteri.it\/it\/wp-json\/wp\/v2\/comments?post=67"}],"version-history":[{"count":6,"href":"https:\/\/conssanfrancisco.esteri.it\/it\/wp-json\/wp\/v2\/pages\/67\/revisions"}],"predecessor-version":[{"id":6531,"href":"https:\/\/conssanfrancisco.esteri.it\/it\/wp-json\/wp\/v2\/pages\/67\/revisions\/6531"}],"up":[{"embeddable":true,"href":"https:\/\/conssanfrancisco.esteri.it\/it\/wp-json\/wp\/v2\/pages\/59"}],"wp:attachment":[{"href":"https:\/\/conssanfrancisco.esteri.it\/it\/wp-json\/wp\/v2\/media?parent=67"}],"curies":[{"name":"wp","href":"https:\/\/api.w.org\/{rel}","templated":true}]}}