{"id":66,"date":"2023-04-03T19:26:56","date_gmt":"2023-04-03T17:26:56","guid":{"rendered":"https:\/\/consolatozurigo.esteri.it\/?page_id=66"},"modified":"2025-07-02T14:29:06","modified_gmt":"2025-07-02T21:29:06","slug":"lingua-e-cultura-italiana","status":"publish","type":"page","link":"https:\/\/conssanfrancisco.esteri.it\/it\/italia-e-usa\/diplomazia-culturale\/lingua-e-cultura-italiana\/","title":{"rendered":"Lingua, Scuole, Corsi, e Cultura Italiana"},"content":{"rendered":"<p>Nella circoscrizione Consolare di San Francisco \u00e8 presente una scuola paritaria Italiana a immersione linguistica Italiano-inglese \u201cLa Scuola International School\u201d. Vi sono, inoltre, diversi Istituti dove l\u2019italiano viene insegnato come lingua straniera, indicati nella tabella che segue la spiegazione relativa ai vari ordini di scuola.<\/p>\n<p>La sigla Pre-K corrisponde alla nostra scuola dell\u2019infanzia (3-5 anni d\u2019et\u00e0). Il primo anno di scuola primaria (elementary school) corrisponde al 1st grade, il primo anno di scuola secondaria di I grado (middle school) corrisponde al 6th grade, mentre il primo anno di scuola secondaria di II grado (high school) corrisponde al 9th grade e termina con il 12th grade.<\/p>\n<p>Per iscriversi presso un\u2019universit\u00e0 italiana oltre al diploma di high school \u00e8 necessario superare tre esami AP (Advanced Placement), alcuni dei quali possono essere determinati dalla facolt\u00e0 stessa. Per i cittadini italiani, l\u2019AP Italian non \u00e8 computabile.<\/p>\n<p><a href=\"https:\/\/conssanfrancisco.esteri.it\/wp-content\/uploads\/2025\/07\/Pubblicazione-SF_SCUOLE_25_26.pdf\">Link all&#8217;elenco delle scuole<\/a>.<\/p>\n<p>&nbsp;<\/p>\n<p>Nelle circoscrizioni consolari di San Francisco, Los Angeles e Houston, sono presenti diverse scuole di lingua che offrono corsi extracurricolari di lingua italiana per bambini, ragazzi e adulti. <a href=\"https:\/\/conssanfrancisco.esteri.it\/wp-content\/uploads\/2025\/07\/Corsi-extracurricolari_West-Coast_Texas.pdf\">La tabella allegata elenca le suddette scuole.<\/a><\/p>\n","protected":false},"excerpt":{"rendered":"Nella circoscrizione Consolare di San Francisco \u00e8 presente una scuola paritaria Italiana a immersione linguistica Italiano-inglese \u201cLa Scuola International School\u201d. Vi sono, inoltre, diversi Istituti dove l\u2019italiano viene insegnato come lingua straniera, indicati nella tabella che segue la spiegazione relativa ai vari ordini di scuola. La sigla Pre-K corrisponde alla nostra scuola dell\u2019infanzia (3-5 anni [&hellip;]","protected":false},"author":1,"featured_media":0,"parent":41,"menu_order":2,"comment_status":"closed","ping_status":"closed","template":"","meta":{"footnotes":""},"class_list":["post-66","page","type-page","status-publish","hentry"],"_links":{"self":[{"href":"https:\/\/conssanfrancisco.esteri.it\/it\/wp-json\/wp\/v2\/pages\/66","targetHints":{"allow":["GET"]}}],"collection":[{"href":"https:\/\/conssanfrancisco.esteri.it\/it\/wp-json\/wp\/v2\/pages"}],"about":[{"href":"https:\/\/conssanfrancisco.esteri.it\/it\/wp-json\/wp\/v2\/types\/page"}],"author":[{"embeddable":true,"href":"https:\/\/conssanfrancisco.esteri.it\/it\/wp-json\/wp\/v2\/users\/1"}],"replies":[{"embeddable":true,"href":"https:\/\/conssanfrancisco.esteri.it\/it\/wp-json\/wp\/v2\/comments?post=66"}],"version-history":[{"count":5,"href":"https:\/\/conssanfrancisco.esteri.it\/it\/wp-json\/wp\/v2\/pages\/66\/revisions"}],"predecessor-version":[{"id":5176,"href":"https:\/\/conssanfrancisco.esteri.it\/it\/wp-json\/wp\/v2\/pages\/66\/revisions\/5176"}],"up":[{"embeddable":true,"href":"https:\/\/conssanfrancisco.esteri.it\/it\/wp-json\/wp\/v2\/pages\/41"}],"wp:attachment":[{"href":"https:\/\/conssanfrancisco.esteri.it\/it\/wp-json\/wp\/v2\/media?parent=66"}],"curies":[{"name":"wp","href":"https:\/\/api.w.org\/{rel}","templated":true}]}}