{"id":5713,"date":"2025-09-09T18:43:15","date_gmt":"2025-09-10T01:43:15","guid":{"rendered":"https:\/\/conssanfrancisco.esteri.it\/?page_id=5713"},"modified":"2025-10-16T15:41:44","modified_gmt":"2025-10-16T22:41:44","slug":"riacquisto-della-cittadinanza-italiana-ai-sensi-dellart-13-comma-1-lettera-c-l-n-91-1992-e-per-diritto-di-residenza-in-italia","status":"publish","type":"page","link":"https:\/\/conssanfrancisco.esteri.it\/it\/servizi-consolari-e-visti\/servizi-per-il-cittadino-straniero\/cittadinanza\/riacquisto-della-cittadinanza-italiana-ai-sensi-dellart-13-comma-1-lettera-c-l-n-91-1992\/riacquisto-della-cittadinanza-italiana-ai-sensi-dellart-13-comma-1-lettera-c-l-n-91-1992-e-per-diritto-di-residenza-in-italia\/","title":{"rendered":"Riacquisto della cittadinanza italiana ai sensi dell\u2019art. 13 comma 1 lettera c)  L. n. 91\/1992 e per diritto di residenza in Italia"},"content":{"rendered":"<p>Ai sensi della Legge n. 91\/1992, entrata in vigore il 16 agosto 1992, la scelta di acquisire la cittadinanza di un altro Paese non comporta pi\u00f9 la perdita automatica della cittadinanza italiana, a meno che la cittadinanza non venga formalmente rinunciata (art. 11 Legge n. 91\/92). I cittadini italiani che hanno scelto di naturalizzarsi prima del 16 agosto 1992 hanno automaticamente perso la cittadinanza italiana (art. 13, comma 1, lettera c della Legge 5 febbraio 1992, n. 91). Tuttavia, essi possono riacquistarla, senza perdere l\u2019altra cittadinanza, in uno dei seguenti modi:<\/p>\n<ul>\n<li>Presentando <strong>una dichiarazione scritta di volont\u00e0 di riacquistare la cittadinanza italiana<\/strong> presso questo Consolato. Il documento ha validit\u00e0 di un anno e il richiedente dovr\u00e0 trasferirsi in Italia e stabilire l\u00ec la propria residenza stabile entro 12 mesi dalla data di rilascio (<a href=\"https:\/\/www.normattiva.it\/uri-res\/N2Ls?urn:nir:stato:legge:1992-02-05;91~art13!vig\">legge n. 91\/1992, art. 13, lettera c<\/a>);<\/li>\n<li><strong>Stabilendo la propria residenza permanente in Italia per almeno un anno<\/strong> (<a href=\"https:\/\/www.normattiva.it\/uri-res\/N2Ls?urn:nir:stato:legge:1992-02-05;91~art13!vig\">legge n. 91\/1992, art. 13, lettera d<\/a>). In questo caso non \u00e8 necessaria la dichiarazione di volont\u00e0. La riacquisizione della cittadinanza avr\u00e0 effetto il giorno successivo al compimento del requisito di un anno di residenza.<\/li>\n<\/ul>\n<p><strong>DOCUMENTI NECESSARI<\/strong><\/p>\n<p>Per presentare la richiesta (<u>come indicato nell\u2019opzione 1 sopra<\/u>), \u00e8 necessario fissare un appuntamento con l\u2019Ufficio Cittadinanza inviando un\u2019e-mail a:<br \/>\n<a href=\"mailto:cittadinanza.sanfrancisco@esteri.it\">cittadinanza.sanfrancisco@esteri.it<\/a> e presentare il giorno dell\u2019appuntamento i seguenti documenti:<br \/>\n\u2022 Modulo di richiesta (Consolato_SanFrancisco_scheda_di_rilevazione_della_naturalizzazione.pdf), debitamente compilato e firmato dal richiedente;<br \/>\n\u2022 Prova di residenza in questa circoscrizione consolare (ad esempio: bolletta, estratto conto bancario, ecc.);<br \/>\n\u2022 Certificato di nascita rilasciato dal Comune italiano di nascita o di iscrizione dell\u2019atto di nascita;<br \/>\n\u2022 Certificato di matrimonio o sentenza di divorzio se avvenuti all\u2019estero (se avvenuti negli Stati Uniti, consultare la sezione <strong><a href=\"https:\/\/conssanfrancisco.esteri.it\/it\/servizi-consolari-e-visti\/servizi-per-il-cittadino-italiano\/stato-civile\/\">Stato Civile<\/a><\/strong> del Consolato);<br \/>\n\u2022 Copia del passaporto italiano (se disponibile);<br \/>\n\u2022 Certificato di naturalizzazione statunitense (presentare sia l\u2019originale che una copia);<br \/>\n\u2022 Passaporto statunitense o altro documento d\u2019identit\u00e0 valido (presentare sia l\u2019originale che una copia);<br \/>\n\u2022 Ricevuta di pagamento di EURO 250 da versare al Ministero dell\u2019Interno, con le seguenti coordinate:<br \/>\n\u2022 Beneficiario: MINISTERO DELL\u2019INTERNO D.L.C.I. \u2013 CITTADINANZA<br \/>\nPiazzale del Viminale, 00184 ROMA (ITALIA)<br \/>\n\u2022 IBAN: IT54D0760103200000000809020<br \/>\n\u2022 SWIFT: BPPIITRRXXX<br \/>\n\u2022 EUROGIRO: PIBPITRA<br \/>\n\u2022 Causale del versamento: indicare nome e cognome del richiedente e aggiungere la dicitura \u201cistanza di riacquisto Cittadinanza\u201d.<\/p>\n<p><strong>L\u2019ufficio cittadinanza,\u00a0<b>SOLO<\/b>\u00a0se la suddetta documentazione, anticipata via email all\u2019indirizzo\u00a0<a href=\"mailto:cittadinanza.sanfrancisco@esteri.it\" target=\"_blank\" rel=\"noopener noreferrer\">cittadinanza.sanfrancisco@esteri.it<\/a>\u00a0, \u00e8 corretta e completa, comunicher\u00e0 un appuntamento all\u2019interessato per rendere la dichiarazione di riacquisto in base all\u2019art. 13, lettera c, della Legge n. 91\/1992.<br \/>\nIl mancato trasferimento in Italia entro un anno dalla dichiarazione comporter\u00e0 l\u2019invalidit\u00e0 della stessa.<br \/>\n<\/strong><\/p>\n<p class=\"x_MsoNormal\"><b>ATTENZIONE:<\/b>\u00a0Il Consolato Generale NON pu\u00f2 fornire consulenze di alcun genere su nessun tipo di pratica di cittadinanza, incluso il riacquisto.<\/p>\n<p class=\"x_MsoNormal\">\n<p class=\"x_MsoNormal\">Ai sensi della Legge 74\/2025 ricade sull\u2019interessato l\u2019onere di presentare la documentazione necessaria: essa \u00e8 illustrata in dettaglio in queste pagine e a tali pagine dovr\u00e0 fare esclusivo riferimento l\u2019interessato.<\/p>\n<p class=\"x_MsoNormal\">\n<p class=\"x_MsoNormal\">Il Consolato Generale, pertanto, NON risponde (se non con risposte automatiche informative che rimandano al sito web ufficiale) a eventuali richieste di informazioni o di consulto.<\/p>\n<p><strong><br \/>\n<\/strong><br \/>\n<strong><em>IMPORTANTE INFORMATIVA SULLA PRIVACY: nel presentare la documentazione a questo Consolato Generale d\u2019Italia a San Francisco, si conferma di aver\u00a0<\/em><\/strong><a href=\"https:\/\/conssanfrancisco.esteri.it\/wp-content\/uploads\/2023\/08\/informativa_privacy_cittadinanza_naturalizzazione_stato_civile_inglese.pdf\"><strong><em>letto e compreso le informazioni<\/em><\/strong><\/a><strong><em>\u00a0contenute nella normativa sulla privacy riguardante il trattamento dei dati personali che saranno presentati ai nostri uffici, ai sensi del Regolamento UE (GDPR).<\/em><\/strong><\/p>\n","protected":false},"excerpt":{"rendered":"Ai sensi della Legge n. 91\/1992, entrata in vigore il 16 agosto 1992, la scelta di acquisire la cittadinanza di un altro Paese non comporta pi\u00f9 la perdita automatica della cittadinanza italiana, a meno che la cittadinanza non venga formalmente rinunciata (art. 11 Legge n. 91\/92). I cittadini italiani che hanno scelto di naturalizzarsi prima [&hellip;]","protected":false},"author":6,"featured_media":0,"parent":5230,"menu_order":0,"comment_status":"closed","ping_status":"closed","template":"","meta":{"footnotes":""},"class_list":["post-5713","page","type-page","status-publish","hentry"],"_links":{"self":[{"href":"https:\/\/conssanfrancisco.esteri.it\/it\/wp-json\/wp\/v2\/pages\/5713","targetHints":{"allow":["GET"]}}],"collection":[{"href":"https:\/\/conssanfrancisco.esteri.it\/it\/wp-json\/wp\/v2\/pages"}],"about":[{"href":"https:\/\/conssanfrancisco.esteri.it\/it\/wp-json\/wp\/v2\/types\/page"}],"author":[{"embeddable":true,"href":"https:\/\/conssanfrancisco.esteri.it\/it\/wp-json\/wp\/v2\/users\/6"}],"replies":[{"embeddable":true,"href":"https:\/\/conssanfrancisco.esteri.it\/it\/wp-json\/wp\/v2\/comments?post=5713"}],"version-history":[{"count":2,"href":"https:\/\/conssanfrancisco.esteri.it\/it\/wp-json\/wp\/v2\/pages\/5713\/revisions"}],"predecessor-version":[{"id":6141,"href":"https:\/\/conssanfrancisco.esteri.it\/it\/wp-json\/wp\/v2\/pages\/5713\/revisions\/6141"}],"up":[{"embeddable":true,"href":"https:\/\/conssanfrancisco.esteri.it\/it\/wp-json\/wp\/v2\/pages\/5230"}],"wp:attachment":[{"href":"https:\/\/conssanfrancisco.esteri.it\/it\/wp-json\/wp\/v2\/media?parent=5713"}],"curies":[{"name":"wp","href":"https:\/\/api.w.org\/{rel}","templated":true}]}}