{"id":5574,"date":"2025-09-03T12:58:02","date_gmt":"2025-09-03T19:58:02","guid":{"rendered":"https:\/\/conssanfrancisco.esteri.it\/?page_id=5574"},"modified":"2026-04-21T13:11:39","modified_gmt":"2026-04-21T20:11:39","slug":"documentazione-da-presentare-per-i-casi-di-acquisto-automatico-di-cittadinanza-italiana-da-parte-di-minori-nati-allestero-da-cittadini-italiani","status":"publish","type":"page","link":"https:\/\/conssanfrancisco.esteri.it\/it\/servizi-consolari-e-visti\/servizi-per-il-cittadino-italiano\/stato-civile\/nascite\/documentazione-da-presentare-per-i-casi-di-acquisto-automatico-di-cittadinanza-italiana-da-parte-di-minori-nati-allestero-da-cittadini-italiani\/","title":{"rendered":"Documentazione da presentare per i casi di acquisto automatico di cittadinanza Italiana da parte di minori nati all\u2019estero da cittadini Italiani"},"content":{"rendered":"<p><strong>LISTA DOCUMENTI (TUTTI OBBLIGATORI come indicati)<\/strong><\/p>\n<ul>\n<li><strong>Modulo di Richiesta di Trascrizione in Italia del certificato di nascita di un minore<\/strong>\u00a0(<a href=\"https:\/\/conssanfrancisco.esteri.it\/wp-content\/uploads\/2023\/12\/Modulo-Registrazione-Nascita.pdf\">cliccare qui<\/a>);<\/li>\n<li><strong>Per le nascite di minorenni avvenute negli stati di:<\/strong><\/li>\n<\/ul>\n<ul>\n<li style=\"list-style-type: none;\">\n<ul>\n<li><a href=\"https:\/\/conssanfrancisco.esteri.it\/it\/servizi-consolari-e-visti\/servizi-per-il-cittadino-italiano\/stato-civile\/nascite\/documentazione-da-presentare-per-i-casi-di-acquisto-automatico-di-cittadinanza-italiana-da-parte-di-minori-nati-allestero-da-cittadini-italiani\/nascite-avvenute-negli-stati-di-california-oregon-washington-alaska-hawaii-montana-idaho-e-utah-o-nel-territorio-di-guam\/\"><strong>CALIFORNIA, OREGON, WASHINGTON, ALASKA, HAWAII, MONTANA, IDAHO, e UTAH, o nel territorio di GUAM (clicca qui)<\/strong><\/a><\/li>\n<li><a href=\"https:\/\/conssanfrancisco.esteri.it\/it\/servizi-consolari-e-visti\/servizi-per-il-cittadino-italiano\/stato-civile\/nascite\/documentazione-da-presentare-per-i-casi-di-acquisto-automatico-di-cittadinanza-italiana-da-parte-di-minori-nati-allestero-da-cittadini-italiani\/atti-di-stato-civile-rilasciati-in-altre-circoscrizioni-e-o-altri-paesi\/\"><strong>ALTRI STATI DEGLI USA e in ALTRI PAESI ESTERI (fuori dagli USA) (clicca qui)<\/strong><\/a><\/li>\n<li><strong>Per i certificati non formati nella circoscrizione consolare del Consolato Generale d\u2019Italia a San Francisco<\/strong>\u00a0si raccomanda di verificare sempre la correttezza della documentazione con il Consolato italiano territorialmente competente per emissione dell\u2019atto consultando il sito web. La procedura da seguire pu\u00f2 variare in base al Paese in cui l\u2019atto \u00e8 stato rilasciato, secondo gli accordi in vigore con il Paese in questione.\u00a0<a href=\"https:\/\/www.esteri.it\/it\/ministero\/struttura\/laretediplomatica\/\">Trova il tuo consolato competente qui.<\/a><br \/>\n<em>Esempio:<\/em>\u00a0Per atto di nascita emesso a Buenos Aires (Argentina), verificare il sito web del Consolato Generale italiano a Buenos Aires.<br \/>\nPer atto di nascita emesso a New York (USA), verificare il sito web del Consolato Generale italiano a New York.<\/li>\n<\/ul>\n<\/li>\n<\/ul>\n<ul>\n<li>Documentazione comprovante il possesso esclusivo della cittadinanza italiana dei genitori\/nonni o di residenza in Italia del genitore come indicato ai punti\u00a0<a href=\"https:\/\/conssanfrancisco.esteri.it\/it\/servizi-consolari-e-visti\/servizi-per-il-cittadino-italiano\/stato-civile\/nascite\/punto-2-documentazione-comprovante-il-possesso-esclusivo-della-cittadinanza-italiana-di-genitori-nonni\/\"><strong>2<\/strong><\/a>\u00a0e\u00a0<strong><span style=\"text-decoration: underline;\"><a href=\"https:\/\/conssanfrancisco.esteri.it\/it\/servizi-consolari-e-visti\/servizi-per-il-cittadino-italiano\/stato-civile\/nascite\/punto-3-documentazione-comprovante-la-residenza-in-italia-per-almeno-due-anni-continuativi-successivamente-allacquisto-della-cittadinanza-italiana-e-prima-della-data-di-nascita-del-figlio-a\/\">3<\/a><\/span>\u00a0<\/strong>della pagina precedente.<\/li>\n<\/ul>\n<p>Per i nati all\u2019estero \u00e8 necessario che il certificato di nascita venga registrato (trascritto) presso il Comune di iscrizione\u00a0<a href=\"https:\/\/conssanfrancisco.esteri.it\/it\/servizi-consolari-e-visti\/servizi-per-il-cittadino-italiano\/anagrafe-degli-italiani-residenti-allestero-aire\/\">AIRE<\/a>\u00a0di uno dei genitori italiani.<\/p>\n<p>La trasmissione del certificato di nascita al Comune comporta anche l\u2019automatica iscrizione anagrafica del minore, per il quale non \u00e8 necessario presentare separatamente la richiesta di iscrizione AIRE.<\/p>\n<p><strong>Trascrizione atto di nascita<\/strong>: e\u2019 possibile richiedere la trascrizione dell\u2019atto di nascita solo se\u00a0<strong>TUTTI GLI ATTI DI STATO CIVILE PRECEDENTI<\/strong>\u00a0(eventuali\u00a0<a href=\"https:\/\/conssanfrancisco.esteri.it\/it\/servizi-consolari-e-visti\/servizi-per-il-cittadino-italiano\/stato-civile\/matrimoni\/\">matrimoni<\/a>\u00a0e\u00a0<a href=\"https:\/\/conssanfrancisco.esteri.it\/it\/servizi-consolari-e-visti\/servizi-per-il-cittadino-italiano\/stato-civile\/divorzi\/\">divorzi<\/a>\u00a0del\/dei genitore\/i italiano\/i) sono gi\u00e0 stati presentati per la loro relativa trascrizione in Italia.<\/p>\n<p><strong>NOTA BENE<\/strong>:<\/p>\n<ul>\n<li>Prima di presentare o inviare un certificato, si prega di controllare <strong>ATTENTAMENTE<\/strong> generalit\u00e0, luogo e data di nascita degli interessati con le autorit\u00e0 estere competenti. In caso di errori, sar\u00e0 necessario richiedere le correzioni all\u2019ufficio che ha emesso l\u2019atto.<\/li>\n<\/ul>\n<p>&nbsp;<\/p>\n<p><strong>CONSEGNA DOCUMENTI<\/strong><\/p>\n<div class=\"responsive\">\n<table class=\"table table-bordered table-sm export-table\" width=\"736\">\n<tbody>\n<tr class=\"thead-light\">\n<td colspan=\"2\" width=\"623\"><strong>Per le registrazioni di atti di Stato Civile, NON \u00e8 necessario fissare un appuntamento, \u00e8 sufficiente inviare per posta la documentazione<\/strong>\u00a0all\u2019attenzione dell\u2019Ufficio Stato Civile:<\/td>\n<\/tr>\n<tr>\n<td width=\"312\">Consolato Generale d\u2019Italia<br \/>\nUfficio di Stato Civile<br \/>\n2590 Webster Street<br \/>\nSan Francisco, CA 94115<br \/>\nTel: (415) 292-9240<\/td>\n<\/tr>\n<\/tbody>\n<\/table>\n<\/div>\n<p><strong>I documenti originali presentati NON possono essere restituiti.<\/strong><\/p>\n","protected":false},"excerpt":{"rendered":"LISTA DOCUMENTI (TUTTI OBBLIGATORI come indicati) Modulo di Richiesta di Trascrizione in Italia del certificato di nascita di un minore\u00a0(cliccare qui); Per le nascite di minorenni avvenute negli stati di: CALIFORNIA, OREGON, WASHINGTON, ALASKA, HAWAII, MONTANA, IDAHO, e UTAH, o nel territorio di GUAM (clicca qui) ALTRI STATI DEGLI USA e in ALTRI PAESI ESTERI [&hellip;]","protected":false},"author":6,"featured_media":0,"parent":383,"menu_order":0,"comment_status":"closed","ping_status":"closed","template":"","meta":{"footnotes":""},"class_list":["post-5574","page","type-page","status-publish","hentry"],"_links":{"self":[{"href":"https:\/\/conssanfrancisco.esteri.it\/it\/wp-json\/wp\/v2\/pages\/5574","targetHints":{"allow":["GET"]}}],"collection":[{"href":"https:\/\/conssanfrancisco.esteri.it\/it\/wp-json\/wp\/v2\/pages"}],"about":[{"href":"https:\/\/conssanfrancisco.esteri.it\/it\/wp-json\/wp\/v2\/types\/page"}],"author":[{"embeddable":true,"href":"https:\/\/conssanfrancisco.esteri.it\/it\/wp-json\/wp\/v2\/users\/6"}],"replies":[{"embeddable":true,"href":"https:\/\/conssanfrancisco.esteri.it\/it\/wp-json\/wp\/v2\/comments?post=5574"}],"version-history":[{"count":5,"href":"https:\/\/conssanfrancisco.esteri.it\/it\/wp-json\/wp\/v2\/pages\/5574\/revisions"}],"predecessor-version":[{"id":7441,"href":"https:\/\/conssanfrancisco.esteri.it\/it\/wp-json\/wp\/v2\/pages\/5574\/revisions\/7441"}],"up":[{"embeddable":true,"href":"https:\/\/conssanfrancisco.esteri.it\/it\/wp-json\/wp\/v2\/pages\/383"}],"wp:attachment":[{"href":"https:\/\/conssanfrancisco.esteri.it\/it\/wp-json\/wp\/v2\/media?parent=5574"}],"curies":[{"name":"wp","href":"https:\/\/api.w.org\/{rel}","templated":true}]}}