{"id":528,"date":"2023-07-31T10:31:09","date_gmt":"2023-07-31T17:31:09","guid":{"rendered":"https:\/\/conssanfrancisco.esteri.it\/?page_id=528"},"modified":"2025-07-16T15:12:35","modified_gmt":"2025-07-16T22:12:35","slug":"cittadinanza-per-matrimonio-unione-civile","status":"publish","type":"page","link":"https:\/\/conssanfrancisco.esteri.it\/it\/servizi-consolari-e-visti\/servizi-per-il-cittadino-straniero\/cittadinanza\/cittadinanza-per-matrimonio-unione-civile\/","title":{"rendered":"Cittadinanza per matrimonio\/unione civile"},"content":{"rendered":"<p><strong>Cittadinanza per matrimonio o unione civile<\/strong><\/p>\n<ol>\n<li>Cenni normativi<\/li>\n<li>Requisiti<\/li>\n<li>Documenti<\/li>\n<li>Procedura\n<ol>\n<li>FASE 1: registrazione ed inserimento della pratica<\/li>\n<li>FASE 2: verifica consolare<\/li>\n<li>FASE 3: valutazione e termini del procedimento<\/li>\n<li>FASE 4: decreto, nomina e giuramento<\/li>\n<\/ol>\n<\/li>\n<li>Costi<\/li>\n<li>Contatti e link utili<\/li>\n<\/ol>\n<p>&nbsp;<\/p>\n<ol>\n<li><strong>CENNI NORMATIVI<\/strong><\/li>\n<\/ol>\n<p>Coloro che richiedono la cittadinanza italiana per matrimonio o unione civile devono essere a conoscenza dei doveri nei confronti della Repubblica Italiana, primi fra tutti\u00a0<strong>l\u2019adesione ai valori nazionali e l\u2019irreprensibilit\u00e0 della condotta<\/strong>.<\/p>\n<p>L\u2019acquisto della cittadinanza italiana da parte del coniuge straniero o apolide che abbia contratto matrimonio con cittadino italiano a partire dal 27 aprile 1983 \u00e8 attualmente regolato dalla Legge 5 febbraio 1992 n. 91 (artt. 5, 6, 7 e 8) e successive modifiche.<\/p>\n<p>Le richieste di cittadinanza italiana possono essere presentate anche da parte del cittadino o della cittadina stranieri che hanno costituito un\u2019unione civile con cittadino\/a italiano\/a trascritta nei registri dello stato civile del Comune italiano (D. Lgs. 5, 6 e 7\/ 2017).<\/p>\n<p>Il coniuge\/parte dell\u2019unione civile straniero pu\u00f2 acquistare la cittadinanza italiana su domanda, in presenza dei requisiti stabiliti dalla normativa vigente, come spiegato nelle sezioni successive.<\/p>\n<p><u>Riferimenti normativi<\/u>:<\/p>\n<p>Legge n.123 del 21 aprile 1983<\/p>\n<p><a href=\"https:\/\/www.normattiva.it\/uri-res\/N2Ls?urn:nir:stato:legge:1992-02-05;91!vig\">Legge n. 91 del 5 febbraio 1992<\/a><\/p>\n<p>Legge n.94\/2009<\/p>\n<p>Legge n. 76\/2016 e D.Lgs. n. 5, 6 e 7\/2017<\/p>\n<ol>\n<li>113\/2018 e Legge n. 132\/2018<\/li>\n<li>130\/2020 e Legge n. 173\/2020<\/li>\n<\/ol>\n<p>&nbsp;<\/p>\n<ol start=\"2\">\n<li><strong>REQUISITI PER LA RICHIESTA DI CITTADINANZA<\/strong><\/li>\n<\/ol>\n<p><strong>Residenza nella circoscrizione consolare<\/strong>: il richiedente dovr\u00e0 indirizzare la domanda alla Rappresentanza diplomatico-consolare competente per la sua residenza, esclusivamente attraverso l\u2019apposito applicativo informatico (vedasi Punto 4, Procedura, Fase 1 \u2013 Registrazione e inserimento istanza).<\/p>\n<p>Il coniuge\/parte dell\u2019unione civile di nazionalit\u00e0 italiana deve essere residente e regolarmente iscritto all\u2019Anagrafe degli Italiani Residenti all\u2019Estero (A.I.R.E.) della circoscrizione consolare di competenza e convivente allo stesso indirizzo del richiedente la cittadinanza. In caso contrario, dovr\u00e0 fornire documentazione comprovante la motivazione (es. lavoro, scolarit\u00e0 dei figli, cure mediche o altro), che determina o ha determinato la necessit\u00e0 di domicilio disgiunto;<\/p>\n<p><strong>Termini di presentazione<\/strong>:\u00a0la domanda pu\u00f2 essere presentata tre anni dopo il matrimonio\/unione civile se il coniuge \u00e8 cittadino italiano\u00a0<em>iure sanguinis,<\/em>\u00a0cio\u00e8 dalla nascita; in caso di naturalizzazione avvenuta dopo il matrimonio (ad. es. per residenza in Italia), i tre anni decorrono dalla data della naturalizzazione del coniuge. I tre anni vengono ridotti a un anno e mezzo in presenza di figli minori nati o adottati dai coniugi;<\/p>\n<p><strong>Trascrizione del matrimonio\/unione civile<\/strong>: se avvenuti all\u2019estero, devono essere stati trascritti presso il Comune in Italia;<\/p>\n<p><strong>Validit\u00e0<\/strong>\u00a0del matrimonio\/unione civile e stabilit\u00e0 del vincolo di coniugio\/unione civile fino all\u2019adozione del provvedimento di concessione della cittadinanza. Al fine del conferimento della cittadinanza italiana, alla data di adozione del decreto non devono essere intervenuti lo scioglimento, l\u2019annullamento o la cessazione degli effetti civili del matrimonio\/unione civile (separazione personale, divorzio, decesso del coniuge o parte dell\u2019unione civile);<\/p>\n<p><strong>Situazione penale:<\/strong><\/p>\n<ul>\n<li><strong>Assenza <\/strong>di sentenze di condanna da parte delle Autorit\u00e0 giudiziarie italiane per reati per i quali sia prevista una pena superiore a tre anni di reclusione;<\/li>\n<li><strong>Assenza\u00a0<\/strong>di sentenze di condanna da parte delle Autorit\u00e0 giudiziarie straniere ad una pena superiore ad un anno per reati non politici;<\/li>\n<li><strong>Assenza <\/strong>di condanne per delitti contro la personalit\u00e0 dello Stato e di motivi ostativi per la sicurezza della Repubblica.<\/li>\n<\/ul>\n<p><strong>Conoscenza della\u00a0lingua italiana<\/strong>\u00a0non inferiore a livello B1 del Quadro Comune Europeo di Riferimento (QCER).<\/p>\n<p><strong>Pagamento\u00a0delle tasse e percezioni<\/strong>\u00a0indicate nella sezione documenti e costi.<\/p>\n<ol start=\"3\">\n<li><strong>DOCUMENTI necessari per la richiesta di cittadinanza<\/strong><\/li>\n<\/ol>\n<ul>\n<li><strong>Estratto dell\u2019atto di nascita <\/strong>o equivalente: in originale, rilasciato possibilmente da non oltre sei mesi dal Paese in cui si \u00e8 nati, completo di tutte le generalit\u00e0 (incluse paternit\u00e0 e maternit\u00e0), debitamente legalizzato\/apostillato e tradotto in lingua italiana.<\/li>\n<\/ul>\n<p>La traduzione in italiano deve essere certificata conforme dall\u2019Ambasciata\/Consolato competente e legalizzata con Apostille. In merito, si raccomanda di verificare le relative istruzioni pubblicate nei siti degli uffici consolari italiani nel Paese di emissione del certificato.<\/p>\n<p><strong>Alcune informazioni sui certificati di nascita statunitensi:<\/strong><\/p>\n<p>Il certificato di nascita deve essere rilasciato in\u00a0<em>long form<\/em>\u00a0(o\u00a0<em>extended form<\/em>) dalle autorit\u00e0 competenti dello Stato USA di nascita e legalizzato mediante Apostille rilasciata nel medesimo Stato. Di norma l\u2019Apostille legalizza la firma del County Clerk, City Clerk, Director of Vital Statistics o simile che ha firmato la copia autentica del certificato. Le traduzioni in italiano dei certificati di nascita statunitensi dovranno essere munite di certificazione di conformit\u00e0.<\/p>\n<p>&nbsp;<\/p>\n<ul>\n<li><strong>Certificati Penali <\/strong>del Paese di origine e degli eventuali Paesi terzi di residenza (a partire dai 14 anni d\u2019et\u00e0) \u2013 tranne l\u2019Italia \u2013 e dei Paesi di cui si possiede la cittadinanza, in originale<strong>, rilasciato inderogabilmente non oltre sei mesi prima della presentazione della domanda, debitamente legalizzato\/apostillato e tradotto in lingua italiana<\/strong>. La traduzione in italiano deve essere certificata conforme dall\u2019Ambasciata\/Consolato competente e legalizzata con Apostille. Il richiedente \u00e8 esonerato dal presentare il certificato penale del Paese di origine solo se lo ha lasciato prima del compimento dei 14 anni e\u00a0<strong>non\u00a0<\/strong>ne ha conservato la cittadinanza. <span style=\"text-decoration: underline;\"><strong>Si rammenta che le persone che hanno assunto il cognome del coniuge o comunque cambiato nome dovranno richiedere i certificati penali agli uffici competenti con il nome posseduto correntemente nonch\u00e9 con il nome risultante dall\u2019atto di nascita e con ogni altro nome con cui siano o siano stati conosciuti, nella modalit\u00e0 \u201ca.k.a\u201d. oppure \u201cformerly known as\u201d.<\/strong><\/span><\/li>\n<\/ul>\n<p>&nbsp;<\/p>\n<ul>\n<li><strong>Ricevuta del versamento del contributo di euro 250,00 <\/strong>a favore del Ministero dell\u2019Interno.<\/li>\n<\/ul>\n<p>&nbsp;<\/p>\n<ul>\n<li><strong>Documento di identit\u00e0<\/strong>: fotocopia del passaporto in corso di validit\u00e0 (pagine con i dati personali, fotografia, date di rilascio e scadenza).<\/li>\n<\/ul>\n<p>&nbsp;<\/p>\n<ul>\n<li><strong>Copia integrale dell\u2019atto di matrimonio o estratto per riassunto del registro dei matrimoni<\/strong>, da richiedere al competente Comune italiano in cui l\u2019atto risulta trascritto, possibilmente rilasciato da non oltre sei mesi prima dell\u2019istanza.<\/li>\n<\/ul>\n<p><strong>ATTENZIONE<\/strong>: Non saranno accettati certificati di matrimonio.<\/p>\n<p><strong>NOTA BENE<\/strong>: Qualora il richiedente sia un cittadino UE, potr\u00e0 avvalersi dell\u2019autocertificazione al posto dell\u2019atto di matrimonio (D.P.R. n. 445\/2000)<\/p>\n<p>&nbsp;<\/p>\n<ul>\n<li><strong>Certificato di conoscenza della lingua italiana <\/strong>non inferiore al livello B1 del Quadro Comune Europeo di Riferimento (QCER).\u00a0<u>Le certificazioni ammesse sono esclusivamente le seguenti:<\/u><\/li>\n<\/ul>\n<ol>\n<li>PLIDA della Societ\u00e0 Dante Alighieri<\/li>\n<li>CertIt dell\u2019Universit\u00e0 Roma Tre<\/li>\n<li>CILS dell\u2019Universit\u00e0 per stranieri di Siena<\/li>\n<li>CELI dell\u2019Universit\u00e0 per stranieri di Perugia<\/li>\n<li>Co.L. Universit\u00e0 per Stranieri di Reggio Calabria<\/li>\n<\/ol>\n<p><strong>Altre certificazioni provenienti dai suddetti Enti o da altre istituzioni non sono idonee e non potranno essere accettate.<\/strong><\/p>\n<p>Per informazioni sull\u2019esame di lingua nella circoscrizione di questo Consolato Generale cliccare\u00a0<a href=\"https:\/\/iicsanfrancisco.esteri.it\/it\/lingua-e-cultura\/certificazioni\/certificazione-linguistica\/\">qui<\/a>.<\/p>\n<p><strong>\u00a0<\/strong><\/p>\n<p>Non sono, invece, tenuti alla presentazione del titolo di conoscenza della lingua italiana:<\/p>\n<ul>\n<li>Gli stranieri (anche se residenti all\u2019estero) che abbiano gi\u00e0 sottoscritto l\u2019accordo di integrazione di cui all\u2019art. 4 bis del D.lgs. n. 286\/1998 Testo Unico Immigrazione.<\/li>\n<li>I titolari di permesso di soggiorno per soggiornanti di lungo periodo UE (o CE) di cui all\u2019articolo 9 del medesimo Testo Unico (anche se residenti all\u2019estero), solo se rilasciato dalle Autorit\u00e0 italiane. I permessi di soggiorno per motivi familiari o quelli emessi da altri Stati non sono idonei.<\/li>\n<li>Coloro che hanno conseguito un titolo di studio emesso da un istituto di istruzione pubblico o paritario riconosciuto dal Ministero dell\u2019Istruzione, dell\u2019Universit\u00e0 e della Ricerca e\/o dal Ministero degli Affari Esteri e della Cooperazione internazionale.<\/li>\n<\/ul>\n<p>&nbsp;<\/p>\n<p><strong>N.B.<\/strong>\u00a0Con Circolare del Ministero dell\u2019Interno 14605 del 13\/03\/2025, con la quale viene recepita la Sentenza n. 25\/2025 della Corte Costituzionale, viene esclusa la necessita del superamento del test linguistico per lo \u201c<em>straniero affetto da gravi limitazioni alla capacit\u00e0 di apprendimento linguistico derivanti dall\u2019et\u00e0, da patologie o da handicap, attestate mediante certificazione rilasciata da strutture sanitarie pubbliche<\/em>\u201d. All\u2019estero da strutture individuate dalle autorit\u00e0 consolari. Tutta la documentazione andr\u00e0 tradotta e legalizzata.<\/p>\n<p>&nbsp;<\/p>\n<ol start=\"4\">\n<li><strong>PROCEDURA<\/strong><\/li>\n<\/ol>\n<p><strong>FASE 1 \u2013 REGISTRAZIONE E INSERIMENTO ISTANZA<\/strong><\/p>\n<p>Il richiedente residente all\u2019estero dovr\u00e0 effettuare la registrazione sul portale del Ministero dell\u2019Interno (<a href=\"https:\/\/portaleservizi.dlci.interno.it\/AliCittadinanza\/ali\/home.htm\">https:\/\/portaleservizi.dlci.interno.it\/AliCittadinanza\/ali\/home.htm<\/a>) senza l\u2019utilizzo di SPID ma con il proprio indirizzo e-mail.<\/p>\n<p><strong>Si precisa che l\u2019indirizzo email dichiarato sul portale in fase di inoltro della domanda on line costituisce domicilio eletto<\/strong>\u00a0(art. 47 c.c.); si rende pertanto necessaria una frequente consultazione della propria email in quanto tutte le comunicazioni relative alla domanda di cittadinanza, ivi comprese richieste di integrazione documentale, convocazioni, notifiche di provvedimenti, ecc., avverranno UNICAMENTE tramite canale informatico.<\/p>\n<p><strong>Il richiedente \u00e8 tenuto a registrare i propri dati con la massima attenzione in quanto questi non potranno essere modificati e, in caso di errore, si dovr\u00e0 procedere ad una nuova registrazione con altro indirizzo e-mail.<\/strong>\u00a0In particolare, andranno riportate le generalit\u00e0 indicate nell\u2019atto di nascita (incluse eventuali annotazioni) e\/o in atti e documenti formati all\u2019estero dalle competenti autorit\u00e0 straniere (quali atti di matrimonio, documenti d\u2019identit\u00e0, sentenze di cambio nome\/cognome, etc.).\u00a0<strong><em>In caso di discordanze, il richiedente \u00e8 tenuto a fornire opportuna documentazione giustificativa<\/em><\/strong><em>.<\/em><\/p>\n<p>Nella domanda dovr\u00e0 essere dichiarata\u00a0<strong>l\u2019eventuale convivenza di figli minori<\/strong>\u00a0del\/della richiedente, nati da una precedente relazione.<\/p>\n<p><strong>Si dovranno dichiarare tutte le residenze dal quattordicesimo anno e non lasciare periodi di tempo non dichiarati.<\/strong><\/p>\n<p>Non andranno riportati caratteri o segni speciali (per esempio la cediglia, accenti acuti o gravi all\u2019interno della parola, accenti circonflessi, etc.). Sar\u00e0 possibile inserire solo l\u2019accento sull\u2019ultima lettera utilizzando l\u2019apostrofo, qualora ci sia anche nella lingua di origine.<\/p>\n<p>Una volta registrato, il richiedente potr\u00e0 procedere alla compilazione della domanda \u201c<em>online<\/em>\u201d e all\u2019inserimento di tutti i documenti richiesti sull\u2019apposito portale del Ministero dell\u2019Interno:\u00a0<a href=\"https:\/\/portaleserviziapp.dlci.interno.it\/\">https:\/\/portaleserviziapp.dlci.interno.it<\/a>.<\/p>\n<p><strong>Qualsiasi domanda di carattere tecnico o di contenuto relativa all\u2019istanza online dovr\u00e0 essere risolta rivolgendosi direttamente al Ministero dell\u2019Interno che ha predisposto un servizio di assistenza con FAQ e HelpDesk dedicati<\/strong>.<\/p>\n<p>&nbsp;<\/p>\n<p><strong>Attenzione: NOTE PER LA COMPILAZIONE DELLA DOMANDA\u00a0<em>ONLINE<\/em><\/strong><\/p>\n<ul>\n<li>nel modulo di registrazione vanno inseriti DATA E LUOGO DI NASCITA cos\u00ec come indicati nell\u2019atto di nascita.<\/li>\n<li>vanno riportate le GENERALIT\u00c0 indicate in atti e documenti formati all\u2019estero dalle competenti autorit\u00e0 straniere. In caso di discordanze, fornire documentazione giustificativa.\u00a0Nel caso di discordanze, si prega di assicurare che siano presenti annotazioni nell\u2019atto di nascita dell\u2019eventuale cambio cognome e\/o nome o annotazioni nell\u2019atto di matrimonio formato all\u2019estero, debitamente legalizzato e tradotto in italiano, o di produrre una dichiarazione di esatte generalit\u00e0, rilasciata dalle competenti autorit\u00e0 consolari del Paese di cittadinanza, presenti sul territorio italiano, e legalizzata dalla Prefettura italiana di competenza;<\/li>\n<li>specificare nell\u2019istanza l\u2019eventuale presenza di figli minori del\/della richiedente, nati da una precedente relazione<\/li>\n<\/ul>\n<p><strong>FASE 2 \u2013\u00a0VERIFICA CONSOLARE<\/strong><\/p>\n<p>L\u2019Ufficio Consolare sar\u00e0 automaticamente informato della presentazione della domanda e proceder\u00e0 alle necessarie verifiche. Il richiedente ricever\u00e0 quindi, in modalit\u00e0 telematica tramite il portale del Ministero dell\u2019Interno, una comunicazione relativa all\u2019accettazione o al rifiuto della propria pratica.<\/p>\n<p>In caso di rifiuto della domanda, si potr\u00e0 ripresentare la domanda avendo cura di sanare gli errori indicati nel rifiuto stesso e si potranno riutilizzare i pagamenti gi\u00e0 effettuati, se si ripresenta la domanda\u00a0<strong>entro un anno<\/strong>.<\/p>\n<p>In caso di accettazione, il richiedente sar\u00e0 convocato per via telematica presso la Rappresentanza diplomatico-consolare per l\u2019autentica della firma apposta sulla domanda di cittadinanza, per la consegna di tutta la documentazione cartacea in originale, ivi compresa quella gi\u00e0 trasmessa per via telematica tramite il Portale, per la riscossione delle percezioni consolari previste.<\/p>\n<p>Tutta la documentazione di cui sopra sar\u00e0 conservata in originale dalla Rappresentanza diplomatico-consolare, ad eccezione del documento d\u2019identit\u00e0 e del certificato linguistico, per i quali verr\u00e0 effettuata una copia conforme con relativi pagamenti.<\/p>\n<p><strong>FASE 3 \u2013\u00a0VALUTAZIONE E TERMINI DEL PROCEDIMENTO<\/strong><\/p>\n<p>La valutazione della domanda e la definizione del procedimento sono di esclusiva competenza del Ministero dell\u2019Interno, entro 24 mesi dalla data di presentazione della domanda, prorogabili fino al massimo di 36 mesi. Qualora al termine della valutazione della pratica il procedimento si concluda positivamente, il Ministero dell\u2019Interno invier\u00e0 il decreto di conferimento della cittadinanza italiana alla Rappresentanza diplomatico-consolare competente per residenza dell\u2019interessato\/a.<\/p>\n<p><strong>FASE 4 \u2013\u00a0DECRETO, NOTIFICA E GIURAMENTO<\/strong><\/p>\n<p>Il decreto di conferimento della cittadinanza italiana verr\u00e0 notificato \u2013 tramite il portale \u2013 con comunicazione indirizzata al richiedente. All\u2019atto della notifica verranno altres\u00ec richiesti documenti volti a verificare la permanenza del vincolo coniugale, con data successiva al decreto, quali, ad esempio (elenco non esaustivo):<\/p>\n<ul>\n<li>Atto integrale di matrimonio rilasciato dal competente Comune italiano (non l\u2019estratto);<\/li>\n<li>Certificato penale del Paese di attuale residenza e certificato penale FBI, debitamente legalizzati e tradotti.<\/li>\n<\/ul>\n<p>Alla data di adozione del decreto, quindi, non deve essere intervenuto lo scioglimento del matrimonio o dell\u2019unione civile n\u00e9 la separazione personale (sentenza di separazione). Invece, il decesso del coniuge avvenuto dopo la presentazione della domanda di cittadinanza non comporta la decadenza del beneficio.<\/p>\n<p>Entro e non oltre sei mesi dalla notifica, l\u2019interessato verr\u00e0 convocato presso gli uffici consolari, per prestare giuramento di fedelt\u00e0 alla Repubblica e alle sue leggi.\u00a0<strong>Il termine di sei mesi \u00e8 tassativo, decorso il quale si perder\u00e0 il diritto al conseguimento della cittadinanza.<\/strong><\/p>\n<p>\u00c8 previsto il pagamento della\u00a0<a href=\"https:\/\/conssanfrancisco.esteri.it\/en\/servizi-consolari-e-visti\/servizi-per-il-cittadino-italiano\/tariffe\/\">tariffa consolare<\/a>\u00a0di EUR 15.00 (<a href=\"https:\/\/www.esteri.it\/wp-content\/uploads\/2025\/02\/tariffa_consolare_aggiornata__2025rev-FINale.pdf\">art. 8 della Tabella Consolare<\/a>) da apporre sul verbale di giuramento.<\/p>\n<p>L\u2019atto integrale di matrimonio va richiesto al Comune italiano nei cui registri l\u2019atto risulta trascritto; il certificato penale si richiede alle Autorit\u00e0 competenti nel paese di residenza e dovr\u00e0 essere in regola con le disposizioni in materia di legalizzazione\/apostille e traduzione, come spiegato nella sezione \u201cDocumenti\u201d.<\/p>\n<p>La persona interessata prester\u00e0 giuramento di fedelt\u00e0 alla Repubblica italiana pronunciando le seguenti parole:<\/p>\n<p><em>\u201cGIURO DI ESSERE FEDELE ALLA REPUBBLICA E DI OSSERVARE LA\u00a0<\/em><a href=\"https:\/\/www.cortecostituzionale.it\/documenti\/download\/pdf\/Costituzione_della_Repubblica_italiana.pdf\"><em>COSTITUZIONE<\/em><\/a>\u00a0<em>E LE LEGGI DELLO STATO\u201d<\/em><\/p>\n<p>&nbsp;<\/p>\n<p>L\u2019acquisto della cittadinanza italiana decorrer\u00e0 dal giorno successivo a quello del giuramento.<\/p>\n<p>Il certificato di nascita originale sar\u00e0 inviato per la trascrizione al Comune italiano di riferimento insieme alla richiesta di iscrizione all\u2019AIRE e al verbale dell\u2019avvenuto giuramento.<\/p>\n<ol start=\"5\">\n<li><strong>COSTI<\/strong><\/li>\n<\/ol>\n<ul>\n<li>Contributo di 250 \u20ac a favore del Ministero dell\u2019Interno, da pagare esclusivamente tramite PagoPa durante la compilazione della domanda oppure tramite bonifico sul conto corrente indicato dal Ministero dell\u2019Interno (ricevuta da inserire nella domanda\u00a0<em>online<\/em>) con eventuali spese a carico di chi dispone il bonifico:<\/li>\n<\/ul>\n<p>\u201cMinistero dell\u2019Interno D.L.C.I Cittadinanza\u201d<\/p>\n<p>Nome della Banca:\u00a0Poste Italiane S.p.A.<\/p>\n<p>Codice IBAN:\u00a0IT54D0760103200000000809020<\/p>\n<p>Causale del versamento:\u00a0Richiesta cittadinanza per matrimonio ex art. 5 L. 91\/1992 e nome e cognome del richiedente<\/p>\n<p>Codice BIC\/SWIFT di Poste Italiane:\u00a0BPPIITRRXXX (per bonifici esteri)<\/p>\n<p>Codice BIC\/SWIFT: PIBPITRA (per operazioni del circuito EUROGIRO)<\/p>\n<p>&nbsp;<\/p>\n<p>Articoli della\u00a0<a href=\"https:\/\/conssanfrancisco.esteri.it\/it\/servizi-consolari-e-visti\/servizi-per-il-cittadino-italiano\/tariffe\/\">Tariffa Consolare<\/a>\u00a0(<a href=\"https:\/\/www.esteri.it\/wp-content\/uploads\/2025\/02\/tariffa_consolare_aggiornata__2025rev-FINale.pdf\">tariffa_consolare_aggiornata__2025rev-FINale.pdf<\/a>) da applicare con relativi importi:<\/p>\n<ul>\n<li>Autentica di firma sull\u2019istanza: art. 24<\/li>\n<li>Copia conforme del documento di identit\u00e0 in corso di validit\u00e0: art 71 (laddove il documento non sia in caratteri latini occorre anche la traduzione)<\/li>\n<li>Copia conforme della certificazione linguistica: art. 71<\/li>\n<li>Conformit\u00e0 della traduzione di atti di stato civile e certificati penali: art 72A<\/li>\n<li>Tariffa consolare : art. 8 (solo per la cerimonia di giuramento)<\/li>\n<\/ul>\n<p>&nbsp;<\/p>\n<ol start=\"6\">\n<li><strong>CONTATTI E LINK UTILI<\/strong><\/li>\n<\/ol>\n<p>TROVA IL TUO CONSOLATO <a href=\"https:\/\/serviziconsolarionline.esteri.it\/ScoFE\/services\/consulate\/find-consulate.sco\">https:\/\/serviziconsolarionline.esteri.it\/ScoFE\/services\/consulate\/find-consulate.sco<\/a><\/p>\n<p>INVIA LA TUA DOMANDA AL MINISTERO DELL\u2019INTERNO\u00a0<a href=\"https:\/\/portaleserviziapp.dlci.interno.it\/\">https:\/\/portaleserviziapp.dlci.interno.it<\/a><\/p>\n<p>SITO DEL MINISTERO DEGLI ESTERI\u00a0<a href=\"https:\/\/www.esteri.it\/mae\/it\/servizi\/italiani-all-estero\/cittadinanza.html\">https:\/\/www.esteri.it\/mae\/it\/servizi\/italiani-all-estero\/cittadinanza.html<\/a><\/p>\n<p>TABELLA CONSOLARE<\/p>\n<p><a href=\"https:\/\/www.esteri.it\/mae\/en\/ministero\/normativaonline\/normativa_consolare\/tariffa%20consolare\">https:\/\/www.esteri.it\/mae\/en\/ministero\/normativaonline\/normativa_consolare\/tariffa%20consolare<\/a><\/p>\n<p>&nbsp;<\/p>\n<p>&nbsp;<\/p>\n<p><strong>ATTENZIONE<\/strong>: fino al 27 aprile 1983 la donna straniera che sposava un cittadino italiano acquisiva automaticamente la cittadinanza italiana.<\/p>\n<p>Le istanze per matrimonio di donna straniera con marito cittadino italiano avvenuto prima del 27 aprile 1983 e ricevute successivamente alle 23:59 (ora di Roma) del 27 marzo saranno processate solo se ricorre una delle condizioni di cui alle lettere da a) ad e) dell\u2019articolo 3-bis della legge 91\/1992 come modificata dal Decreto Legge n. 36\/2025. Di conseguenza, se l\u2019interessata ha un genitore o un nonno italiano nato in Italia oppure se il genitore italiano dell\u2019interessata \u00e8 stato residente in Italia per almeno due anni prima della nascita dell\u2019interessata o, ancora, se l\u2019interessata \u00e8 nata in Italia, continuer\u00e0 ad applicarsi l\u2019articolo 10 della legge n. 555\/1912 ai matrimoni celebrati prima del 27 aprile 1983.<\/p>\n<p>Se si ricade in questa categoria, contattare per maggiori informazioni\u00a0<a href=\"mailto:cittadinanza.sanfrancisco@esteri.it\">cittadinanza.sanfrancisco@esteri.it<\/a><\/p>\n<p>&nbsp;<\/p>\n<p><strong><em>IMPORTANTE INFORMATIVA SULLA PRIVACY: nel presentare la documentazione a questo Consolato Generale d\u2019Italia a San Francisco, si conferma di aver\u00a0<\/em><\/strong><a href=\"https:\/\/conssanfrancisco.esteri.it\/wp-content\/uploads\/2023\/08\/informativa_privacy_cittadinanza_naturalizzazione_stato_civile_inglese.pdf\"><strong><em>letto e compreso le informazioni<\/em><\/strong><\/a><strong><em>\u00a0contenute nella normativa sulla privacy riguardante il trattamento dei dati personali che saranno presentati ai nostri uffici, ai sensi del Regolamento UE (GDPR).<\/em><\/strong><\/p>\n","protected":false},"excerpt":{"rendered":"Cittadinanza per matrimonio o unione civile Cenni normativi Requisiti Documenti Procedura FASE 1: registrazione ed inserimento della pratica FASE 2: verifica consolare FASE 3: valutazione e termini del procedimento FASE 4: decreto, nomina e giuramento Costi Contatti e link utili &nbsp; CENNI NORMATIVI Coloro che richiedono la cittadinanza italiana per matrimonio o unione civile devono [&hellip;]","protected":false},"author":4,"featured_media":0,"parent":96,"menu_order":4,"comment_status":"closed","ping_status":"closed","template":"","meta":{"footnotes":""},"class_list":["post-528","page","type-page","status-publish","hentry"],"_links":{"self":[{"href":"https:\/\/conssanfrancisco.esteri.it\/it\/wp-json\/wp\/v2\/pages\/528","targetHints":{"allow":["GET"]}}],"collection":[{"href":"https:\/\/conssanfrancisco.esteri.it\/it\/wp-json\/wp\/v2\/pages"}],"about":[{"href":"https:\/\/conssanfrancisco.esteri.it\/it\/wp-json\/wp\/v2\/types\/page"}],"author":[{"embeddable":true,"href":"https:\/\/conssanfrancisco.esteri.it\/it\/wp-json\/wp\/v2\/users\/4"}],"replies":[{"embeddable":true,"href":"https:\/\/conssanfrancisco.esteri.it\/it\/wp-json\/wp\/v2\/comments?post=528"}],"version-history":[{"count":6,"href":"https:\/\/conssanfrancisco.esteri.it\/it\/wp-json\/wp\/v2\/pages\/528\/revisions"}],"predecessor-version":[{"id":5395,"href":"https:\/\/conssanfrancisco.esteri.it\/it\/wp-json\/wp\/v2\/pages\/528\/revisions\/5395"}],"up":[{"embeddable":true,"href":"https:\/\/conssanfrancisco.esteri.it\/it\/wp-json\/wp\/v2\/pages\/96"}],"wp:attachment":[{"href":"https:\/\/conssanfrancisco.esteri.it\/it\/wp-json\/wp\/v2\/media?parent=528"}],"curies":[{"name":"wp","href":"https:\/\/api.w.org\/{rel}","templated":true}]}}