{"id":5218,"date":"2025-07-03T15:15:17","date_gmt":"2025-07-03T22:15:17","guid":{"rendered":"https:\/\/conssanfrancisco.esteri.it\/?page_id=5218"},"modified":"2026-01-27T12:47:59","modified_gmt":"2026-01-27T19:47:59","slug":"riacquisto-della-cittadinanza-italiana-ai-sensi-dellart-17-comma-1-l-n-91-1992","status":"publish","type":"page","link":"https:\/\/conssanfrancisco.esteri.it\/it\/servizi-consolari-e-visti\/servizi-per-il-cittadino-straniero\/cittadinanza\/riacquisto-della-cittadinanza-italiana-ai-sensi-dellart-13-comma-1-lettera-c-l-n-91-1992\/riacquisto-della-cittadinanza-italiana-ai-sensi-dellart-17-comma-1-l-n-91-1992\/","title":{"rendered":"Riacquisto della cittadinanza italiana ai sensi dell\u2019art. 17 comma 1 L. n. 91\/1992"},"content":{"rendered":"<p>La <a href=\"https:\/\/www.normattiva.it\/uri-res\/N2Ls?urn:nir:stato:legge:2025-05-23;74!vig=#:~:text=Il%20testo%20del%20decreto-legge%20coordinato%20con%20la%20legge,in%20questa%20stessa%20Gazzetta%20Ufficiale%20alla%20pag.%20154\"><u>Legge di conversione n. 74\/2025<\/u><\/a>\u00a0del Decreto Legge n. 36\/2025 ha modificato l\u2019<a href=\"https:\/\/www.normattiva.it\/uri-res\/N2Ls?urn:nir:stato:legge:1992;91~art17\"><u>art. 17, comma 1, della Legge n. 91\/1992<\/u><\/a>, prevedendo la possibilit\u00e0, per ex-cittadini anche residenti all\u2019estero, in determinati casi e per un periodo di tempo limitato (<strong>tra il 1\u00b0 luglio 2025 e il 31 dicembre 2027<\/strong>), di riacquistare la cittadinanza italiana rendendo una apposita dichiarazione.<\/p>\n<p>In particolare, tale possibilit\u00e0 \u00e8 prevista per chi \u00e8\u00a0<strong>nato in Italia<\/strong>\u00a0oppure \u00e8 stato\u00a0<strong>residente in Italia per almeno due anni continuativi<\/strong>\u00a0e ha\u00a0<strong>perduto la cittadinanza prima dell\u2019entrata in vigore della Legge n. 91\/1992<\/strong>\u00a0(quindi <strong><u>prima del 16 agosto 1992<\/u><\/strong>) in uno dei seguenti casi:<\/p>\n<ul>\n<li>ha volontariamente acquistato una cittadinanza straniera prima del 16 agosto 1992 e ha stabilito all\u2019estero la propria residenza (art. 8 n. 1 della Legge n. 555\/1912);<\/li>\n<li>avendo acquistato senza concorso di volont\u00e0 propria una cittadinanza straniera, ha rinunciato alla cittadinanza italiana e ha stabilito la propria residenza all\u2019estero (art. 8 n. 2 della Legge n. 555\/1912);<\/li>\n<li>essendo figlio minore non emancipato di chi ha perso la cittadinanza, aveva in comune con il genitore la residenza e ha acquistato la cittadinanza di uno Stato straniero (art. 12 della Legge n. 555\/1912).<\/li>\n<\/ul>\n<p><strong>La possibilit\u00e0 di rendere la dichiarazione di riacquisto non \u00e8, pertanto, prevista per ex-cittadini italiani nati all\u2019estero che non sono stati residenti in Italia per almeno due anni continuativi o per chi ha perso, per qualsiasi motivo, la cittadinanza italiana dal 16 agosto 1992.<\/strong><\/p>\n<p><strong><u>La dichiarazione di riacquisto da parte dell\u2019ex cittadino pu\u00f2 essere presentata tra il 1\u00b0 luglio 2025 e il 31 dicembre 2027.<\/u><\/strong><\/p>\n<p>Per poter rendere la dichiarazione di riacquisto, l\u2019ex-cittadino italiano dovr\u00e0 contattare l\u2019ufficio cittadinanza di questo Consolato Generale all\u2019indirizzo\u00a0<a href=\"mailto:cittadinanza.sanfrancisco@esteri.it\">cittadinanza.sanfrancisco@esteri.it<\/a>\u00a0 inviando una comunicazione ad oggetto \u201cDichiarazione di riacquisto ex art. 17 comma 1 Legge 91\/1992\u201d e allegando, in formato PDF, i documenti sotto elencati:<\/p>\n<ol>\n<li><a href=\"https:\/\/conssanfrancisco.esteri.it\/wp-content\/uploads\/2026\/01\/FORMULARIO-RICHIESTA-RIACQUISTO-NEW.pdf\"><u>Formulario di richiesta<\/u><\/a>;<\/li>\n<li>Documento di identit\u00e0 in corso di validit\u00e0, emesso dal Paese di attuale cittadinanza;<\/li>\n<li>Prova di residenza nella circoscrizione consolare (bolletta di utenze domestiche, patente di guida o carta di identit\u00e0 emessa dallo Stato di residenza);<\/li>\n<li><strong>Se nati in Italia:<\/strong>\n<ol>\n<li><strong>Estratto dell\u2019atto di nascita<\/strong> rilasciato, negli <u>ultimi sei mesi<\/u>, dal Comune italiano ove la nascita \u00e8 stata registrata (obbligatorio-da richiedere personalmente dal richiedente al Comune di nascita);<\/li>\n<\/ol>\n<\/li>\n<li><strong>Se nati all\u2019estero:<\/strong>\n<ol>\n<li><strong>Estratto dell\u2019atto di nascita estero,\u00a0<\/strong>apostillato e tradotto, e<\/li>\n<li><strong>Certificato storico di residenza\u00a0<\/strong>atto a dimostrare la residenza in Italia per almeno due anni consecutivi, emesso negli\u00a0<strong><u>ultimi sei mesi<\/u><\/strong>dal Comune di ultima residenza in Italia;<\/li>\n<\/ol>\n<\/li>\n<li><strong>Certificato storico di cittadinanza<\/strong>, atto a confermare il precedente possesso della cittadinanza italiana, emesso negli <strong><u>ultimi sei mesi<\/u><\/strong> dal Comune di ultima residenza in Italia (obbligatorio-da richiedere personalmente dal richiedente al Comune di ultima residenza);<\/li>\n<li><strong>Certificato di naturalizzazione straniero:<\/strong> se l\u2019interessato era minorenne al momento della naturalizzazione, dovr\u00e0 presentare ANCHE i\u00a0<strong>certificati di naturalizzazione dei genitori nati italiani<\/strong>. Si ricorda che fino al 9 marzo 1975, la maggiore et\u00e0 in Italia veniva raggiunta ai 21 anni.<\/li>\n<li><strong>Pagamento della tariffa consolare\u00a0<\/strong>(art. 7c): 250 Euro. Si accettano solo pagamenti tramite money <em>order <\/em>intestati a Consolato Generale d\u2019Italia a San Francisco in dollari statunitensi. Per verificare l\u2019importo esatto,\u00a0si prega di consultare la\u00a0<a href=\"https:\/\/conssanfrancisco.esteri.it\/it\/servizi-consolari-e-visti\/servizi-per-il-cittadino-italiano\/tariffe\/\"><u>tabella consolare<\/u><\/a>;<\/li>\n<li>Fotocopia della patente statunitense (oppure il passaporto) e dei documenti italiani in proprio possesso, possibilmente passaporto, anche se scaduti di validit\u00e0.<\/li>\n<li>Qualora coniugato, copia del certificato di matrimonio, apostillato e tradotto.<\/li>\n<\/ol>\n<p>L\u2019ufficio cittadinanza,\u00a0<strong>SOLO<\/strong>\u00a0se la suddetta documentazione, anticipata via email, \u00e8\u00a0<strong>corretta e completa<\/strong>, comunicher\u00e0 un appuntamento all\u2019interessato per rendere la dichiarazione di riacquisto in base all\u2019art. 17, comma 1, della Legge n. 91\/1992.<\/p>\n<p>La dichiarazione sar\u00e0 resa dall\u2019interessato <strong>personalmente<\/strong> in Consolato.<\/p>\n<p>Il giorno dell\u2019appuntamento l\u2019interessato dovr\u00e0 presentare la documentazione originale e\u00a0<strong>una copia<\/strong>\u00a0della stessa nonch\u00e9 il pagamento, tramite <em>money order<\/em> intestato al Consolato Generale d\u2019Italia a San Francisco, del diritto consolare di \u20ac 250. Per l\u2019importo in USD, si prega di consultare la\u00a0<a href=\"https:\/\/conssanfrancisco.esteri.it\/it\/servizi-consolari-e-visti\/servizi-per-il-cittadino-italiano\/tariffe\/\"><u>tabella consolare.<\/u><\/a><\/p>\n<p>Il riacquisto, laddove ne ricorrano i presupposti, avr\u00e0 effetto dal giorno successivo alla dichiarazione.<\/p>\n<p><strong>Il riacquisto NON ha, infatti, effetti retroattivi.<\/strong><\/p>\n<p>La trasmissione della cittadinanza ai discendenti \u00e8 disciplinata dalle regole generali, recentemente riformate dal Decreto Legge n. 36\/2025 come convertito dalla Legge n. 74\/2025.<\/p>\n<p>In particolare, si attira l\u2019attenzione sul fatto che il riacquisto della cittadinanza da parte della persona residente all\u2019estero <strong>NON comporta pi\u00f9 l\u2019automatico acquisto della cittadinanza italiana da parte del figlio minorenne convivente<\/strong>. Secondo l\u2019art. 14 della Legge n. 91\/1992, cos\u00ec come modificato, l\u2019acquisto della cittadinanza italiana da parte del figlio minore convivente con il genitore che riacquista, richiede che il figlio minore convivente, alla data del riacquisto della cittadinanza italiana da parte del genitore, risieda legalmente in Italia da almeno due anni continuativi (o dalla nascita, se di et\u00e0 inferiore ai due anni).<\/p>\n<p>Il genitore che riacquista la cittadinanza italiana, essendo cittadino per riacquisto e non pi\u00f9 per nascita, NON pu\u00f2 rendere la dichiarazione di acquisto della cittadinanza per i figli minori, di cui all\u2019art. 4, comma 1-bis della legge 91\/1992.<\/p>\n<p><strong>ATTENZIONE<\/strong>: Il Consolato Generale NON pu\u00f2 fornire consulenze di alcun genere su nessun tipo di pratica di cittadinanza, incluso il riacquisto.<\/p>\n<p>Ai sensi della Legge 74\/2025 ricade sull\u2019interessato l\u2019onere di presentare la documentazione necessaria: essa \u00e8 illustrata in dettaglio in queste pagine e a tali pagine dovr\u00e0 fare esclusivo riferimento l\u2019interessato.<\/p>\n<p>Il Consolato Generale, pertanto, NON risponde (se non con risposte automatiche informative che rimandano al sito web ufficiale) a eventuali richieste di informazioni o di consulto.<\/p>\n<p><em><strong>\u00a0<\/strong><\/em><\/p>\n<p><em><strong>IMPORTANTE INFORMATIVA SULLA PRIVACY: nel presentare la documentazione a questo Consolato Generale d\u2019Italia a San Francisco, si conferma di aver\u00a0<\/strong><\/em><a href=\"https:\/\/conssanfrancisco.esteri.it\/wp-content\/uploads\/2023\/08\/informativa_privacy_cittadinanza_naturalizzazione_stato_civile_inglese.pdf\"><em><strong>letto e compreso le informazioni<\/strong><\/em><\/a><em><strong>\u00a0contenute nella normativa sulla privacy riguardante il trattamento dei dati personali che saranno presentati ai nostri uffici, ai sensi del Regolamento UE (GDPR).<\/strong><\/em><\/p>\n","protected":false},"excerpt":{"rendered":"La Legge di conversione n. 74\/2025\u00a0del Decreto Legge n. 36\/2025 ha modificato l\u2019art. 17, comma 1, della Legge n. 91\/1992, prevedendo la possibilit\u00e0, per ex-cittadini anche residenti all\u2019estero, in determinati casi e per un periodo di tempo limitato (tra il 1\u00b0 luglio 2025 e il 31 dicembre 2027), di riacquistare la cittadinanza italiana rendendo una [&hellip;]","protected":false},"author":4,"featured_media":0,"parent":5230,"menu_order":3,"comment_status":"closed","ping_status":"closed","template":"","meta":{"footnotes":""},"class_list":["post-5218","page","type-page","status-publish","hentry"],"_links":{"self":[{"href":"https:\/\/conssanfrancisco.esteri.it\/it\/wp-json\/wp\/v2\/pages\/5218","targetHints":{"allow":["GET"]}}],"collection":[{"href":"https:\/\/conssanfrancisco.esteri.it\/it\/wp-json\/wp\/v2\/pages"}],"about":[{"href":"https:\/\/conssanfrancisco.esteri.it\/it\/wp-json\/wp\/v2\/types\/page"}],"author":[{"embeddable":true,"href":"https:\/\/conssanfrancisco.esteri.it\/it\/wp-json\/wp\/v2\/users\/4"}],"replies":[{"embeddable":true,"href":"https:\/\/conssanfrancisco.esteri.it\/it\/wp-json\/wp\/v2\/comments?post=5218"}],"version-history":[{"count":6,"href":"https:\/\/conssanfrancisco.esteri.it\/it\/wp-json\/wp\/v2\/pages\/5218\/revisions"}],"predecessor-version":[{"id":6823,"href":"https:\/\/conssanfrancisco.esteri.it\/it\/wp-json\/wp\/v2\/pages\/5218\/revisions\/6823"}],"up":[{"embeddable":true,"href":"https:\/\/conssanfrancisco.esteri.it\/it\/wp-json\/wp\/v2\/pages\/5230"}],"wp:attachment":[{"href":"https:\/\/conssanfrancisco.esteri.it\/it\/wp-json\/wp\/v2\/media?parent=5218"}],"curies":[{"name":"wp","href":"https:\/\/api.w.org\/{rel}","templated":true}]}}