{"id":4773,"date":"2025-05-07T17:03:04","date_gmt":"2025-05-08T00:03:04","guid":{"rendered":"https:\/\/conssanfrancisco.esteri.it\/?page_id=4773"},"modified":"2025-12-17T15:58:21","modified_gmt":"2025-12-17T22:58:21","slug":"cambiamento-nome-cognome-sesso","status":"publish","type":"page","link":"https:\/\/conssanfrancisco.esteri.it\/it\/servizi-consolari-e-visti\/servizi-per-il-cittadino-italiano\/stato-civile\/cambiamento-nome-cognome-sesso\/","title":{"rendered":"Cambiamento nome, cognome, sesso"},"content":{"rendered":"<p><strong>Cambiamento nome, cognome, sesso<\/strong><\/p>\n<p><strong>AMMISSIBILIT\u00c0 DELLE DOMANDE:<\/strong> nell\u2019ordinamento italiano il cambio del nome o la modifica del cognome rivestono carattere ECCEZIONALE, pertanto le richieste potranno essere ammesse SOLO ed ESCLUSIVAMENTE in presenza di situazioni oggettivamente RILEVANTI, supportate da adeguata e pregnante documentazione e da SOLIDE e SIGNIFICATIVE motivazioni : cognomi o nomi RIDICOLI o VERGOGNOSI o che RIVELANO ORIGINE NATURALE.<\/p>\n<p>In nessun caso pu\u00f2 essere richiesta l\u2019attribuzione di cognomi di importanza storica o comunque tali da indurre in errore circa l\u2019appartenenza del richiedente a famiglie illustri o particolarmente note nel luogo in cui si trova registrato l\u2019atto di nascita del richiedente o nel luogo di sua residenza.<\/p>\n<p><strong>Secondo la legge italiana le donne coniugate mantengono sempre il cognome da nubile, come da atto di nascita.<\/strong><\/p>\n<p><strong>ATTENZIONE<\/strong>\u00a0se la donna assume il\u00a0<strong>cognome del marito<\/strong>\u00a0all\u2019atto del matrimonio negli Stati Uniti d\u2019America, crea una differenza di dati di identit\u00e0 tra quelli registrati nell\u2019anagrafe italiana (che sono gli unici validi per l\u2019Italia e per il Consolato) ed in quella statunitensi.<\/p>\n<p>Per qualsiasi certificazione\/documentazione amministrativa italiana nonch\u00e9 sui documenti d\u2019identit\u00e0 italiani il cognome di riferimento sar\u00e0 sempre quello riportato sull\u2019atto di nascita (<strong>cognome da nubile<\/strong>).<\/p>\n<p>Il passaporto italiano consente l\u2019annotazione a margine (pagina 4) del cognome del marito, a richiesta dell\u2019interessata. Questa annotazione NON costituisce un cambio di cognome.<\/p>\n<p><strong>CAMBIO COGNOME:<\/strong>\u00a0Per ottenere l\u2019aggiunta ufficiale e formale del cognome del coniuge all\u2019anagrafe italiana e sui documenti italiani \u00e8 necessario presentare istanza di cambio cognome alla Prefettura, secondo la procedura di seguito indicata.<\/p>\n<p><strong>COMPETENZA A PROVVEDERE:<\/strong> la competenza a provvedere sulle domande e\u2019 riservata unicamente in Italia al PREFETTO della PROVINCIA nel luogo di residenza o di trascrizione dell\u2019atto di nascita del richiedente. Qualora la richiesta appaia meritevole di essere presa in considerazione, il richiedente sara\u2019 autorizzato con DECRETO del PREFETTO.<\/p>\n<p><strong>RICHIEDENTI:<\/strong> le domande possono essere presentate <strong>solo da cittadini ITALIANI<\/strong>.<\/p>\n<p><strong>Procedura<br \/>\n<\/strong><br \/>\nLa domanda pu\u00f2 essere inoltrata direttamente alla Prefettura competente o tramite questo Consolato Generale anticipando tutta la documentazione in formato PDF al seguente indirizzo di posta elettronica\u00a0<strong>statocivile.sanfrancisco@esteri.it<\/strong>.<\/p>\n<p>Una volta esaminata la documentazione con esito positivo, si dovr\u00e0 trasmettere la documentazione ORIGINALE via posta ordinaria\/corriere unitamente a:<\/p>\n<ul>\n<li>ricevuta di pagamento della prevista tassa (Vedi <a href=\"https:\/\/conssanfrancisco.esteri.it\/it\/servizi-consolari-e-visti\/servizi-per-il-cittadino-italiano\/tariffe\/\">Tariffa Consolare<\/a> \u2013 imposta di bollo);<\/li>\n<li>istanza scaricabile dal sito della Prefettura di competenza accompagnata da copia del documento d\u2019identit\u00e0 italiano in corso di validit\u00e0 e da cui sia rilevabile la firma del titolare;<\/li>\n<li>dichiarazione sostitutiva di certificazione scaricabile dal sito della Prefettura competente;<\/li>\n<li>dichiarazione di assenso da parte dei co-interessati per i maggiorenni;<\/li>\n<li>documentazione utile per motivare la richiesta;<\/li>\n<li>in caso di minorenni, la richiesta e la relativa documentazione dovr\u00e0 essere presentata e sottoscritta da entrambi i genitori;<\/li>\n<li>documentazione\u00a0<strong>originale<\/strong>\u00a0di cambio del nome e\/o cognome effettuato negli Stati Uniti d\u2019America, debitamente apostillata e tradotta in italiano;<\/li>\n<li>dichiarazione di assenza dei carichi pendenti e mancanza di pregiudizio;<\/li>\n<li>qualora si sia in possesso di altra cittadinanza oltre a quella italiana, certificato del casellario giudiziale in\u00a0<strong>originale<\/strong>\u00a0rilasciato dall\u2019Autorit\u00e0 straniera del Paese di cui si \u00e8 cittadini.<\/li>\n<\/ul>\n<p>Su richiesta della Prefettura interessata potrebbe essere richiesta ulteriore documentazione.<\/p>\n<p>Il richiedente ricever\u00e0 dal Prefetto, per il tramite del Consolato, il decreto di autorizzazione all\u2019affissione del cambio o modifica di nome o cognome. Se la domanda \u00e8 stata inoltrata direttamente dall\u2019interessato presso la Prefettura, il Consolato provveder\u00e0 comunque alla notificata all\u2019interessato\/a.<\/p>\n<p>In seguito, il Consolato Generale procede all\u2019affissione del decreto per trenta giorni\u00a0<a href=\"https:\/\/conssanfrancisco.esteri.it\/en\/servizi-consolari-e-visti\/servizi-per-il-cittadino-italiano\/altri-servizi\/albo-consolare\/pubblicazione-albo-consolare\/https:\/consginevra.esteri.it\/it\/servizi-consolari-e-visti\/servizi-per-il-cittadino-italiano\/altri-servizi\/albo-consolare\/\"> sull\u2019Albo Consolare<\/a>\u00a0per consentire eventuali opposizioni, previste dalla normativa (articolo 84 e succ. D.P.R. n. 396 del 2000).<\/p>\n<p>Al termine dell\u2019affissione, questo Consolato Generale, restituisce al Prefetto un esemplare del predetto decreto con una relazione attestante l\u2019avvenuta affissione.<\/p>\n<p>L\u2019interessato ricever\u00e0 dunque, o direttamente dalla Prefettura o per il tramite del Consolato, il decreto definitivo di autorizzazione del cambio o della modifica del nome o del cognome, che dovr\u00e0 essere annotato a margine dell\u2019atto di nascita dal Comune italiano dove l\u2019atto stesso risulta trascritto.<\/p>\n<p>La notifica del provvedimento potr\u00e0 essere inoltrata al Comune italiano o d\u2019ufficio o su richiesta dell\u2019interessato per il tramite del Consolato. A conferma dell\u2019avvenuta annotazione da parte del Comune sar\u00e0 possibile il rilascio dei nuovi documenti d\u2019identit\u00e0 con i dati anagrafici aggiornati.<\/p>\n<p>Tutte le informazioni, compresi i formulari da compilare per la richiesta, sono reperibili sul sito delle Prefetture, alla voce \u201cCambio Nome\/Cognome\u201d.<\/p>\n<p><span style=\"text-decoration: underline;\"><strong>N.B.: i connazionali che intendono presentare istanza di cambio nome e\/o cognome tramite questo Consolato Generale devono provvedere previamente al pagamento dell\u2019imposta di bollo direttamente alle Prefetture competenti per Comune di iscrizione AIRE, tramite bonifico bancario:<\/strong><\/span><\/p>\n<p><span style=\"text-decoration: underline;\">BENEFICIARIO: Ministero dell\u2019Economia e delle Finanze<\/span><\/p>\n<p><span style=\"text-decoration: underline;\">IBAN: IT79Z0100003245BE00000000QK<\/span><\/p>\n<p><span style=\"text-decoration: underline;\">BIC: BITAITRRENT<\/span><\/p>\n<p><span style=\"text-decoration: underline;\">CAUSALE: \u201ccodice fiscale del contribuente\u201d \u2013 Bollo su istanza Prefettura \u2013 anno di riferimento (AAAA) oppure mese\/anno (MM\/AAAA) <\/span><\/p>\n<p><span style=\"text-decoration: underline;\">IMPORTO: 16 euro.<\/span><\/p>\n<p>&nbsp;<\/p>\n<p><strong>Cambio del nome\/cognome a seguito di sentenza<\/strong><\/p>\n<p>Nel caso in cui il cambio del nome\/cognome sia avvenuto tramite una sentenza pronunciata all\u2019estero, si potr\u00e0 richiedere direttamente la trascrizione al Comune, con annotazione nell\u2019atto di nascita, anche per il tramite di questo Consolato. La documentazione necessaria \u00e8 la seguente:<\/p>\n<p>1.<a href=\"https:\/\/conssanfrancisco.esteri.it\/wp-content\/uploads\/2025\/05\/2025_SanFrancisco_istanza_per_cambio_nome.doc\">Istanza di cambio nome a questo Consolato Generale<\/a>;<\/p>\n<p>2.<a href=\"https:\/\/conssanfrancisco.esteri.it\/wp-content\/uploads\/2025\/05\/2025_SanFrancisco_modulo_richiesta_trascrizione_sentenza_cambio_nome.docx\">Domanda di trascrizione della sentenza<\/a>;<\/p>\n<p>3.Copia autentica della sentenza, emessa dal\u00a0 Tribunale o autorit\u00e0 giudiziaria competente, debitamente legalizzata con apostille dello Stato dove ha sede il Tribunale;<\/p>\n<p>4.Traduzione giurata in italiano effettuata da un traduttore professionista;<\/p>\n<p>5.Fotocopia del passaporto in corso di validit\u00e0, possibilmente italiano del richiedente.<\/p>\n<p>&nbsp;<\/p>\n<p>In mancanza di una sentenza straniera, il cittadino italiano che intenda cambiare il proprio nome o cognome potr\u00e8 presentare, in base agli artt. 89 e seguenti del D.P.R. 396 del 03\/11\/2000, una domanda al Prefetto del luogo di ultima residenza o del luogo in cui si trova l\u2019atto di nascita, esponendo le ragioni a fondamento della richiesta e corredandola di documentazione a supporto.<\/p>\n<p><u>Non \u00e8 necessario l\u2019intervento di questo Consolato Generale per la redazione e l\u2019inoltro della domanda di cui trattasi. <\/u><\/p>\n<p>&nbsp;<\/p>\n<p><strong>Cambio del nome per cambio sesso<\/strong><\/p>\n<p>Le richieste di cambiamento del nome che accompagnino richieste di cambiamento di sesso vanno presentate\u00a0<strong><u>direttamente<\/u><\/strong>\u00a0al\u00a0<strong>Tribunale italiano<\/strong>\u00a0competente per il Comune di nascita o di trascrizione del proprio certificato di nascita.<\/p>\n<p>ATTENZIONE: i tempi complessivi della procedura dipendono esclusivamente dalla Prefettura competente. Il decreto diventer\u00e0 efficace solo dopo le trascrizioni e annotazioni da parte del Comune nei propri registri.<\/p>\n<p>Il Consolato Generale provveder\u00e0 quindi alle variazioni solo dopo aver ricevuto conferma di trascrizione da parte del Comune.<\/p>\n<p>N.B.: qualora il cambiamento di sesso sia stato gi\u00e0 riconosciuto con <strong><u>sentenza definitiva<\/u><\/strong> adottata da parte di un <strong><u>Tribunale straniero<\/u><\/strong>, sar\u00e0 sufficiente fornire copia autentica (<em>certified copy<\/em>)\u00a0di tale sentenza, debitamente tradotta e apostillata, a questo Consolato Generale, che provveder\u00e0 alla relativa trasmissione al Comune competente, ai sensi e per gli effetti dell\u2019art. 64 della Legge n. 218\/1995.<\/p>\n<p>A seguito del cambiamento di nome e\/o cognome da parte del Comune, i documenti in possesso dell\u2019interessato\/a perderanno validit\u00e0 ed efficacia. Sar\u00e0 quindi necessario restituire il passaporto e carta di identit\u00e0 rilasciati con il nome non pi\u00f9 valido, anche se non scaduti, e ottenerne di nuovi.<\/p>\n<p>Chi possiede un codice fiscale italiano rilasciato con il vecchio nome dovr\u00e0 ottenere uno nuovo con le nuove generalit\u00e0.<\/p>\n<p>&nbsp;<\/p>\n<p><em>Per maggiori informazioni:\u00a0sito web del <a href=\"https:\/\/www.giustizia.it\/giustizia\/page\/it\/riconoscimento_del_genere\">Ministero della Giustizia<\/a><\/em><\/p>\n","protected":false},"excerpt":{"rendered":"Cambiamento nome, cognome, sesso AMMISSIBILIT\u00c0 DELLE DOMANDE: nell\u2019ordinamento italiano il cambio del nome o la modifica del cognome rivestono carattere ECCEZIONALE, pertanto le richieste potranno essere ammesse SOLO ed ESCLUSIVAMENTE in presenza di situazioni oggettivamente RILEVANTI, supportate da adeguata e pregnante documentazione e da SOLIDE e SIGNIFICATIVE motivazioni : cognomi o nomi RIDICOLI o VERGOGNOSI [&hellip;]","protected":false},"author":4,"featured_media":0,"parent":86,"menu_order":4,"comment_status":"closed","ping_status":"closed","template":"","meta":{"footnotes":""},"class_list":["post-4773","page","type-page","status-publish","hentry"],"_links":{"self":[{"href":"https:\/\/conssanfrancisco.esteri.it\/it\/wp-json\/wp\/v2\/pages\/4773","targetHints":{"allow":["GET"]}}],"collection":[{"href":"https:\/\/conssanfrancisco.esteri.it\/it\/wp-json\/wp\/v2\/pages"}],"about":[{"href":"https:\/\/conssanfrancisco.esteri.it\/it\/wp-json\/wp\/v2\/types\/page"}],"author":[{"embeddable":true,"href":"https:\/\/conssanfrancisco.esteri.it\/it\/wp-json\/wp\/v2\/users\/4"}],"replies":[{"embeddable":true,"href":"https:\/\/conssanfrancisco.esteri.it\/it\/wp-json\/wp\/v2\/comments?post=4773"}],"version-history":[{"count":4,"href":"https:\/\/conssanfrancisco.esteri.it\/it\/wp-json\/wp\/v2\/pages\/4773\/revisions"}],"predecessor-version":[{"id":6582,"href":"https:\/\/conssanfrancisco.esteri.it\/it\/wp-json\/wp\/v2\/pages\/4773\/revisions\/6582"}],"up":[{"embeddable":true,"href":"https:\/\/conssanfrancisco.esteri.it\/it\/wp-json\/wp\/v2\/pages\/86"}],"wp:attachment":[{"href":"https:\/\/conssanfrancisco.esteri.it\/it\/wp-json\/wp\/v2\/media?parent=4773"}],"curies":[{"name":"wp","href":"https:\/\/api.w.org\/{rel}","templated":true}]}}