{"id":421,"date":"2023-06-12T15:24:25","date_gmt":"2023-06-12T22:24:25","guid":{"rendered":"https:\/\/conssanfrancisco.esteri.it\/?page_id=421"},"modified":"2026-03-05T13:12:39","modified_gmt":"2026-03-05T20:12:39","slug":"procure","status":"publish","type":"page","link":"https:\/\/conssanfrancisco.esteri.it\/it\/servizi-consolari-e-visti\/servizi-per-il-cittadino-italiano\/notarile\/procure\/","title":{"rendered":"Procure"},"content":{"rendered":"<p style=\"text-align: justify;\"><strong>I Consolati Italiani possono rilasciare procure ai soli cittadini Italiani.<\/strong><\/p>\n<p style=\"text-align: justify;\">Le procure rilasciate dai Consolati Italiani sono redatte nella sola lingua Italiana e sono valide in Italia senza alcuna ulteriore certificazione.<\/p>\n<p style=\"text-align: justify;\">Per ottenere una procura \u00e8 necessario un appuntamento da richiedersi via email a <a href=\"mailto:notarile.sanfrancisco@esteri.it\">notarile.sanfrancisco@esteri.it. <\/a>\u00a0Si prega di allegare il modulo apposito debitamente compilato nell&#8217;email con cui si richiede l&#8217;appuntamento (vedi i moduli in calce a questa pagina).<\/p>\n<p style=\"text-align: justify;\">\u00c8 possibile sottoscrivere una procura nella forma della scrittura privata anche presso i Consolati Onorari presenti nella circoscrizione di questo Consolato Generale. Per maggiori informazioni contattare questo Ufficio Notarile inviando un\u2019email all\u2019indirizzo indicato sopra.<\/p>\n<p style=\"text-align: justify;\">Si precisa che gli Uffici Notarili dei Consolati Italiani non possono fornire consulenze legali o prestarsi alla redazione di procure specifiche per esigenze personali: i Consolati Italiani formano le sole procure indicate in calce a questa pagina.<\/p>\n<p><em>Chi intende conferire procura (mandante) deve\u00a0<strong>inviare un\u2019e-mail a <a href=\"mailto:notarile.sanfrancisco@esteri.it\">notarile.sanfrancisco<\/a><\/strong><\/em><em><strong>@esteri.it<\/strong>, allegando\u00a0<strong>bozza redatta da un notaio o avvocato italiano, completa di tutti i dati, in formato Word e copia del passaporto italiano in corso di validit\u00e0.<\/strong><\/em><\/p>\n<p style=\"text-align: justify;\"><strong>NOTA BENE: Il Consolato non si assume alcuna responsabilit\u00e0 circa la correttezza e la validit\u00e0 legale dei documenti che non sono preparati da questo Ufficio Notarile.<\/strong><\/p>\n<p>&nbsp;<\/p>\n<p>&nbsp;<\/p>\n<p style=\"text-align: justify;\"><strong>Informazioni Generali<\/strong><\/p>\n<p style=\"text-align: justify;\">La procura \u00e8 un atto con il quale si d\u00e0 la facolt\u00e0 ad un\u2019altra persona di agire in propria vece e rappresentanza ed a compiere gli atti necessari per raggiungere un determinato scopo (es. vendere, acquistare, amministrare, fare donazione, accettare donazione, costituire o sciogliere societ\u00e0, richiedere pubblicazioni di matrimonio, ecc.).<\/p>\n<p style=\"text-align: justify;\">Le procure si dividono in due categorie:<\/p>\n<p style=\"text-align: justify;\"><strong>Procure Generali:<\/strong>\u00a0con questi atti l&#8217;interessato affida al rappresentante la gestione di tutti i suoi affari, sia presenti sia futuri. La procura generale \u00e8 rilasciata a tempo indeterminato e conferisce vastissimi poteri rendendo di fatto il mandatario un alter \u2013ego del mandante. Tale procura deve essere conferita solo a persone di cui si gode la massima fiducia.<\/p>\n<p style=\"text-align: justify;\"><strong>Procure Speciali:<\/strong> con questi atti l&#8217;interessato affida al rappresentante la gestione di una parte dei suoi affari ed il compimento di varie attivit\u00e0 volte ad un fine specifico (es. vendita bene immobile). La procura speciale cessa di avere efficacia nel momento in cui l\u2019incarico particolare per il quale \u00e8 stata rilasciata si conclude.<\/p>\n<p>&nbsp;<\/p>\n<p style=\"text-align: justify;\">Per alcune procure, come per esempio l&#8217;atto di donazione, la legge prevede la forma dell&#8217;atto pubblico (queste procure sono rilasciate solo presso il Consolato di San Francisco).<\/p>\n<p style=\"text-align: justify;\">Se chi effettua l&#8217;atto agisce per conto di una societ\u00e0, tale persona dovr\u00e0 provare l&#8217;esistenza giuridica di detta societ\u00e0 e la carica da lui rivestita.<\/p>\n<p style=\"text-align: justify;\">Da sottolineare che, per tutti gli atti di carattere patrimoniale posti in essere da soggetti coniugati, gli stessi devono essere firmati da entrambi i coniugi. Il regime normale previsto dalla legge \u00e8 infatti quello della comunione dei beni fra coniugi. Se i cittadini italiani sono coniugati in Italia ed abbiano optato per il regime della separazione dei beni, non \u00e8 richiesta la sottoscrizione di entrambi i coniugi. Lo Stato della California non prevede tale possibilit\u00e0. Da ricordare che dal regime della comunione dei beni sono esclusi, perch\u00e9 considerati personali:<\/p>\n<ul style=\"text-align: justify;\">\n<li>i beni di cui, prima del matrimonio, il coniuge era proprietario o rispetto ai quali era titolare di un\u00a0diritto di godimento,<\/li>\n<li>i beni acquisiti successivamente al matrimonio per effetto di donazione o successione, quando\u00a0nell&#8217;atto di liberalit\u00e0 o nel testamento non \u00e8 specificato che essi sono imputati alla comunione,<\/li>\n<li>i beni di uso strettamente personale di ciascun coniuge ed i loro accessori<\/li>\n<li>i beni che servono all&#8217;esercizio della professione del coniuge,<\/li>\n<li>i beni ottenuti a titolo di risarcimento del danno, nonch\u00e9 la pensione attinente alla perdita totale o parziale della capacit\u00e0 lavorativa,<\/li>\n<li>i beni acquisiti col prezzo del trasferimento dei beni sopra indicati o con il loro scambio.<\/li>\n<\/ul>\n<p>&nbsp;<\/p>\n<p style=\"text-align: justify;\">Le tipologie di procure rilasciate da questo Consolato (clicca per scaricare il modulo di richiesta):<\/p>\n<ul>\n<li><a href=\"https:\/\/conssanfrancisco.esteri.it\/wp-content\/uploads\/2023\/12\/Modulo-Procura-Generale.docx\"><strong>Procura generale<\/strong><\/a><\/li>\n<li style=\"text-align: justify;\"><a href=\"https:\/\/conssanfrancisco.esteri.it\/wp-content\/uploads\/2023\/12\/Modulo-Procura-per-Acquisto-Beni-Immobili.docx\"><strong>Procura speciale per acquisto immobili<\/strong><\/a><\/li>\n<li style=\"text-align: justify;\"><a href=\"https:\/\/conssanfrancisco.esteri.it\/wp-content\/uploads\/2023\/12\/Modulo-Procura-per-Vendita-Beni-Immobili.docx\"><strong>Procura speciale per vendita immobili<\/strong><\/a><\/li>\n<li style=\"text-align: justify;\"><a href=\"https:\/\/conssanfrancisco.esteri.it\/wp-content\/uploads\/2023\/12\/Modulo-Procura-per-Successione-Ereditaria.docx\"><strong>Procura speciale per successione ereditaria<\/strong><\/a><\/li>\n<li style=\"text-align: justify;\"><a href=\"https:\/\/conssanfrancisco.esteri.it\/wp-content\/uploads\/2023\/12\/Modulo-Procura-per-Accettazione-Donazione.docx\"><strong>Procura speciale per accettazione di donazione e procura speciale per donare<\/strong><\/a><\/li>\n<li style=\"text-align: justify;\"><a href=\"https:\/\/conssanfrancisco.esteri.it\/wp-content\/uploads\/2023\/12\/Modulo-Procura-per-Acquisto-Vendita-Autoveicolo.docx\"><strong>Procura speciale per compravendita autoveicolo<\/strong><\/a><\/li>\n<li style=\"text-align: justify;\"><a href=\"https:\/\/conssanfrancisco.esteri.it\/wp-content\/uploads\/2023\/12\/Modulo-Procura-per-Rappresentanza-Legale.docx\"><strong>Procura speciale per rappresentanza legale<\/strong><\/a><\/li>\n<\/ul>\n<p>&nbsp;<\/p>\n","protected":false},"excerpt":{"rendered":"I Consolati Italiani possono rilasciare procure ai soli cittadini Italiani. Le procure rilasciate dai Consolati Italiani sono redatte nella sola lingua Italiana e sono valide in Italia senza alcuna ulteriore certificazione. Per ottenere una procura \u00e8 necessario un appuntamento da richiedersi via email a notarile.sanfrancisco@esteri.it. \u00a0Si prega di allegare il modulo apposito debitamente compilato nell&#8217;email [&hellip;]","protected":false},"author":4,"featured_media":0,"parent":89,"menu_order":6,"comment_status":"closed","ping_status":"closed","template":"","meta":{"footnotes":""},"class_list":["post-421","page","type-page","status-publish","hentry"],"_links":{"self":[{"href":"https:\/\/conssanfrancisco.esteri.it\/it\/wp-json\/wp\/v2\/pages\/421","targetHints":{"allow":["GET"]}}],"collection":[{"href":"https:\/\/conssanfrancisco.esteri.it\/it\/wp-json\/wp\/v2\/pages"}],"about":[{"href":"https:\/\/conssanfrancisco.esteri.it\/it\/wp-json\/wp\/v2\/types\/page"}],"author":[{"embeddable":true,"href":"https:\/\/conssanfrancisco.esteri.it\/it\/wp-json\/wp\/v2\/users\/4"}],"replies":[{"embeddable":true,"href":"https:\/\/conssanfrancisco.esteri.it\/it\/wp-json\/wp\/v2\/comments?post=421"}],"version-history":[{"count":6,"href":"https:\/\/conssanfrancisco.esteri.it\/it\/wp-json\/wp\/v2\/pages\/421\/revisions"}],"predecessor-version":[{"id":7160,"href":"https:\/\/conssanfrancisco.esteri.it\/it\/wp-json\/wp\/v2\/pages\/421\/revisions\/7160"}],"up":[{"embeddable":true,"href":"https:\/\/conssanfrancisco.esteri.it\/it\/wp-json\/wp\/v2\/pages\/89"}],"wp:attachment":[{"href":"https:\/\/conssanfrancisco.esteri.it\/it\/wp-json\/wp\/v2\/media?parent=421"}],"curies":[{"name":"wp","href":"https:\/\/api.w.org\/{rel}","templated":true}]}}