{"id":417,"date":"2023-06-12T15:11:52","date_gmt":"2023-06-12T22:11:52","guid":{"rendered":"https:\/\/conssanfrancisco.esteri.it\/?page_id=417"},"modified":"2023-12-01T11:49:00","modified_gmt":"2023-12-01T18:49:00","slug":"dichiarazioni-sostitutive","status":"publish","type":"page","link":"https:\/\/conssanfrancisco.esteri.it\/it\/servizi-consolari-e-visti\/servizi-per-il-cittadino-italiano\/notarile\/dichiarazioni-sostitutive\/","title":{"rendered":"Dichiarazioni Sostitutive"},"content":{"rendered":"<p style=\"text-align: justify;\">Tutti gli stati, fatti e qualit\u00e0 personali che non siano presenti nel registro pubblico italiano, cio\u00e8 che non sono autocertificabili (si veda l\u2019elenco delle informazioni autocertificabili sotto la voce \u201cAutocertificazione\u201d), ma che siano comunque di diretta conoscenza del dichiarante possono essere certificati mediante dichiarazione sostitutiva dell\u2019atto di notoriet\u00e0 ai sensi dell\u2019art.47 del DPR 445\/2000.<\/p>\n<p style=\"text-align: justify;\">La dichiarazione sostitutiva dell\u2019atto di notoriet\u00e0 pu\u00f2 riguardare anche circostanze relative ad altri soggetti, di cui il dichiarante abbia diretta conoscenza, nonch\u00e9 la possibilit\u00e0 di attestare la conformit\u00e0 all\u2019originale di una pubblicazione.<\/p>\n<p style=\"text-align: justify;\">La dichiarazione sostitutiva di atti notori pu\u00f2 essere fatta dichiarando fatti, stati o qualit\u00e0 personali a diretta conoscenza dell\u2019interessato dinanzi al funzionario consolare, o se in Italia, dinanzi a un notaio, cancelliere, segretario comunale o altro funzionario incaricato dal sindaco. Qualora si tratti di stati, fatti e qualit\u00e0 personali certificabili o attestabili da parte di un altro soggetto pubblico e l\u2019amministrazione ritenga necessario controllare la veridicit\u00e0 delle dichiarazioni, ha a disposizione 15 giorni di tempo dalle dichiarazioni per richiedere la necessaria documentazione.<\/p>\n<p style=\"text-align: justify;\"><strong>Validit\u00e0 delle dichiarazioni sostitutive di normali certificazioni e di atti notori:<\/strong><\/p>\n<ul style=\"text-align: justify;\">\n<li>le dichiarazioni sostitutive hanno la stessa validit\u00e0 degli atti che sostituiscono;<\/li>\n<li>normalmente i certificati hanno validit\u00e0 per sei mesi dalla data in cui sono stati rilasciati, salvo che norme di legge o regolamentari non dispongano una validit\u00e0 superiore;<\/li>\n<li>la validit\u00e0 delle certificazioni anagrafiche e quelle relative allo stato civile \u00e8 prolungabile se l\u2019interessato dichiara che i dati contenuti nel certificato non hanno subito modifiche e sottoscrive tale dichiarazione;<\/li>\n<li>hanno validit\u00e0 illimitata, invece, i certificati e le dichiarazioni sostitutive che attestano stati e fatti personali che non sono soggetti a modificazioni (certificati di nascita, di morte, titoli di studio, ecc.).<\/li>\n<\/ul>\n<p style=\"text-align: justify;\"><strong>La dichiarazione sostitutiva pu\u00f2 essere utilizzata<\/strong>\u00a0nei rapporti con la Pubblica Amministrazione e con i concessionari e i gestori di pubblici servizi.<\/p>\n<p style=\"text-align: justify;\"><strong>La dichiarazione sostitutiva non pu\u00f2 essere utilizzata<\/strong> nei rapporti tra i privati, salvo che gli stessi non vi acconsentano, e davanti all\u2019autorit\u00e0 giudiziaria nello svolgimento di funzioni giurisdizionali.<\/p>\n<p style=\"text-align: justify;\">Per ottenere una dichiarazione sostitutiva si prega di contattare via email l\u2019Ufficio Notarile a <a href=\"mailto:notarile.sanfrancisco@esteri.it\">notarile.sanfrancisco@esteri.it<\/a><\/p>\n<p>&nbsp;<\/p>\n","protected":false},"excerpt":{"rendered":"Tutti gli stati, fatti e qualit\u00e0 personali che non siano presenti nel registro pubblico italiano, cio\u00e8 che non sono autocertificabili (si veda l\u2019elenco delle informazioni autocertificabili sotto la voce \u201cAutocertificazione\u201d), ma che siano comunque di diretta conoscenza del dichiarante possono essere certificati mediante dichiarazione sostitutiva dell\u2019atto di notoriet\u00e0 ai sensi dell\u2019art.47 del DPR 445\/2000. La [&hellip;]","protected":false},"author":4,"featured_media":0,"parent":89,"menu_order":4,"comment_status":"closed","ping_status":"closed","template":"","meta":{"footnotes":""},"class_list":["post-417","page","type-page","status-publish","hentry"],"_links":{"self":[{"href":"https:\/\/conssanfrancisco.esteri.it\/it\/wp-json\/wp\/v2\/pages\/417","targetHints":{"allow":["GET"]}}],"collection":[{"href":"https:\/\/conssanfrancisco.esteri.it\/it\/wp-json\/wp\/v2\/pages"}],"about":[{"href":"https:\/\/conssanfrancisco.esteri.it\/it\/wp-json\/wp\/v2\/types\/page"}],"author":[{"embeddable":true,"href":"https:\/\/conssanfrancisco.esteri.it\/it\/wp-json\/wp\/v2\/users\/4"}],"replies":[{"embeddable":true,"href":"https:\/\/conssanfrancisco.esteri.it\/it\/wp-json\/wp\/v2\/comments?post=417"}],"version-history":[{"count":3,"href":"https:\/\/conssanfrancisco.esteri.it\/it\/wp-json\/wp\/v2\/pages\/417\/revisions"}],"predecessor-version":[{"id":2073,"href":"https:\/\/conssanfrancisco.esteri.it\/it\/wp-json\/wp\/v2\/pages\/417\/revisions\/2073"}],"up":[{"embeddable":true,"href":"https:\/\/conssanfrancisco.esteri.it\/it\/wp-json\/wp\/v2\/pages\/89"}],"wp:attachment":[{"href":"https:\/\/conssanfrancisco.esteri.it\/it\/wp-json\/wp\/v2\/media?parent=417"}],"curies":[{"name":"wp","href":"https:\/\/api.w.org\/{rel}","templated":true}]}}