{"id":410,"date":"2023-06-12T15:01:57","date_gmt":"2023-06-12T22:01:57","guid":{"rendered":"https:\/\/conssanfrancisco.esteri.it\/?page_id=410"},"modified":"2023-11-20T12:38:30","modified_gmt":"2023-11-20T19:38:30","slug":"autocertificazione","status":"publish","type":"page","link":"https:\/\/conssanfrancisco.esteri.it\/it\/servizi-consolari-e-visti\/servizi-per-il-cittadino-italiano\/notarile\/autocertificazione\/","title":{"rendered":"Autocertificazioni"},"content":{"rendered":"<div class=\"sr-only\" style=\"text-align: justify;\">Per &#8220;autocertificazione&#8221; si intende &#8220;la certificazione prodotta dall\u2019interessato in sostituzione della normale certificazione&#8221; (art.2, legge 15\/1968). Essa rappresenta la possibilit\u00e0 per il cittadino di autocertificare le notizie presenti nel registro pubblico italiano in modo pi\u00f9 semplice e con meno oneri.<\/div>\n<div>\n<p><strong>Le informazioni autocertificabili sono:<\/strong><\/p>\n<ul>\n<li>La data e il luogo di nascita, la cittadinanza e la residenza;<\/li>\n<li>il godimento dei diritti politici;<\/li>\n<li>la nascita di un figlio, il decesso del coniuge, di un ascendente o di un discendente;<\/li>\n<li>l\u2019iscrizione ad albo o elenco professionale tenuti dalla Pubblica Amministrazione;<\/li>\n<li>lo stato di famiglia, l\u2019esistenza in vita e lo stato civile;<\/li>\n<li>il titolo di studio o la qualifica professionale posseduta, esami sostenuti, titolo di specializzazione,\u00a0di abilitazione, di formazione di aggiornamento o di qualifica tecnica (solo per titoli di studio o\u00a0qualifiche professionali ottenute in Italia);<\/li>\n<li>la situazione reddituale o economica, anche ai fini della concessione di benefici e vantaggi di\u00a0qualsiasi tipo previsti da leggi speciali;<\/li>\n<li>l\u2019assolvimento di specifici obblighi contributivi con l\u2019indicazione dell\u2019ammontare corrisposto;<\/li>\n<li>il possesso e numero del Codice Fiscale, della partita IVA e di qualsiasi dato presente nell\u2019archivio\u00a0dell\u2019anagrafe tributaria e inerente all\u2019interessato;<\/li>\n<li>lo stato di disoccupazione, la qualit\u00e0 di pensionato e categoria di pensione, la qualit\u00e0 di studente\u00a0o di casalinga;<\/li>\n<li>la qualit\u00e0 di legale rappresentante di persone fisiche o giuridiche, di tutore, di curatore e simili;<\/li>\n<li>l\u2019iscrizione presso associazioni o formazioni sociali di qualsiasi tipo;<\/li>\n<li>tutte le posizioni relative all\u2019adempimento degli obblighi militari;<\/li>\n<li>l\u2019assenza di precedenti penali;<\/li>\n<li>tutti i dati a diretta conoscenza dell\u2019interessato contenuti nei registri dello stato\u00a0civile;<\/li>\n<li>i certificati, gli estratti e gli attestati necessari per l\u2019iscrizione alle scuole di ogni ordine e grado ed\u00a0all\u2019universit\u00e0 quelli che devono essere presentati a qualsiasi titolo agli uffici della motorizzazione\u00a0civile;<\/li>\n<li>i certificati e gli estratti dai registri dello stato civile e dai registri demografici richiesti dai Comuni\u00a0nell\u2019ambito di procedimenti di loro competenza.<\/li>\n<\/ul>\n<p style=\"text-align: justify;\">La possibilit\u00e0 di avvalersi dell\u2019autocertificazione \u00e8 concessa solo a cittadini italiani e dei Paesi dell\u2019Unione Europea.<br \/>\nLa facolt\u00e0 di avvalersi di dichiarazioni sostitutive \u00e8 stata estesa anche ai cittadini extracomunitari regolarmente soggiornanti in Italia limitatamente ai dati verificabili o certificabili in Italia da soggetti pubblici.<\/p>\n<p><strong>La possibilit\u00e0 di avvalersi dell\u2019autocertificazione non \u00e8 MAI ammessa per:<\/strong><\/p>\n<ul>\n<li>certificati medici;<\/li>\n<li>certificati sanitari;<\/li>\n<li>certificati veterinari;<\/li>\n<li>certificati di origine;<\/li>\n<li>certificati di conformit\u00e0 all\u2019UE;<\/li>\n<li>certificati di marchi;<\/li>\n<li>certificati di brevetti.<\/li>\n<\/ul>\n<p style=\"text-align: justify;\"><strong>Per una valida autocertificazione occorrono:<\/strong>\u00a0la dichiarazione, firmata dall\u2019interessato, e la fotocopia del documento di riconoscimento del firmatario. La dichiarazione si pu\u00f2 fare scrivendo su carta semplice e firmando sotto la propria ed esclusiva responsabilit\u00e0 (non \u00e8 necessario firmare davanti all\u2019impiegato).<\/p>\n<p style=\"text-align: justify;\"><strong>L\u2019autocertificazione puo\u2019 essere utilizzata<\/strong>\u00a0nei rapporti con la Pubblica Amministrazione e con i concessionari e i gestori di pubblici servizi.<\/p>\n<p style=\"text-align: justify;\"><strong>L\u2019autocertificazione non puo\u2019 essere utilizzata<\/strong>\u00a0nei rapporti tra i privati, salvo che gli stessi non vi acconsentano, e davanti all\u2019autorit\u00e0 giudiziaria nello svolgimento di funzioni giurisdizionali.<\/p>\n<p style=\"text-align: justify;\"><strong>Sanzioni per i cittadini che forniscono dichiarazioni non veritiere:<br \/>\n<\/strong>Se le amministrazioni hanno dubbi sulla veridicit\u00e0 delle autocertificazioni, sono tenute a effettuare i controlli necessari.<br \/>\nNel caso vengano riscontrate dichiarazioni mendaci, la falsit\u00e0 negli atti e l\u2019uso di atti falsi sono puniti ai sensi del codice penale e delle leggi in materia.<br \/>\nIl dichiarante inoltre decade dai benefici eventualmente conseguiti grazie a provvedimenti basati su dichiarazioni non veritiere.<\/p>\n<\/div>\n","protected":false},"excerpt":{"rendered":"Per &#8220;autocertificazione&#8221; si intende &#8220;la certificazione prodotta dall\u2019interessato in sostituzione della normale certificazione&#8221; (art.2, legge 15\/1968). Essa rappresenta la possibilit\u00e0 per il cittadino di autocertificare le notizie presenti nel registro pubblico italiano in modo pi\u00f9 semplice e con meno oneri. Le informazioni autocertificabili sono: La data e il luogo di nascita, la cittadinanza e la [&hellip;]","protected":false},"author":4,"featured_media":0,"parent":89,"menu_order":0,"comment_status":"closed","ping_status":"closed","template":"","meta":{"footnotes":""},"class_list":["post-410","page","type-page","status-publish","hentry"],"_links":{"self":[{"href":"https:\/\/conssanfrancisco.esteri.it\/it\/wp-json\/wp\/v2\/pages\/410","targetHints":{"allow":["GET"]}}],"collection":[{"href":"https:\/\/conssanfrancisco.esteri.it\/it\/wp-json\/wp\/v2\/pages"}],"about":[{"href":"https:\/\/conssanfrancisco.esteri.it\/it\/wp-json\/wp\/v2\/types\/page"}],"author":[{"embeddable":true,"href":"https:\/\/conssanfrancisco.esteri.it\/it\/wp-json\/wp\/v2\/users\/4"}],"replies":[{"embeddable":true,"href":"https:\/\/conssanfrancisco.esteri.it\/it\/wp-json\/wp\/v2\/comments?post=410"}],"version-history":[{"count":3,"href":"https:\/\/conssanfrancisco.esteri.it\/it\/wp-json\/wp\/v2\/pages\/410\/revisions"}],"predecessor-version":[{"id":1825,"href":"https:\/\/conssanfrancisco.esteri.it\/it\/wp-json\/wp\/v2\/pages\/410\/revisions\/1825"}],"up":[{"embeddable":true,"href":"https:\/\/conssanfrancisco.esteri.it\/it\/wp-json\/wp\/v2\/pages\/89"}],"wp:attachment":[{"href":"https:\/\/conssanfrancisco.esteri.it\/it\/wp-json\/wp\/v2\/media?parent=410"}],"curies":[{"name":"wp","href":"https:\/\/api.w.org\/{rel}","templated":true}]}}