{"id":282,"date":"2023-05-24T03:54:28","date_gmt":"2023-05-24T10:54:28","guid":{"rendered":"https:\/\/conssanfrancisco.esteri.it\/?page_id=282"},"modified":"2026-04-16T11:25:36","modified_gmt":"2026-04-16T18:25:36","slug":"tipologie-di-procedimento","status":"publish","type":"page","link":"https:\/\/conssanfrancisco.esteri.it\/it\/amministrazione-trasparente\/tipologie-di-procedimento\/","title":{"rendered":"Tipologie di procedimento\u00a0"},"content":{"rendered":"<p>&nbsp;<\/p>\n<div class=\"row\">\n<div class=\"col-lg-8\">\n<article id=\"post-138\" class=\"post-138 page type-page status-publish hentry\">\n<div class=\"entry-content\">\n<p>Procedimenti ad istanza di parte (art. 35 D.lgs. n. 33\/2013; art. 2, L. n. 241\/90).<\/p>\n<p><strong>\u00a0<\/strong><\/p>\n<p>I termini indicati decorrono dalla data di effettiva accettazione delle istanze presentate secondo le specifiche modalit\u00e0 indicate.<\/p>\n<p><strong>\u00a0<\/strong><\/p>\n<div class=\"responsive\">\n<table class=\"table table-bordered table-sm export-table\">\n<tbody>\n<tr class=\"thead-light\">\n<td width=\"123\"><strong>\u00a0<\/strong><strong style=\"font-family: inherit; font-size: inherit;\">Procedimento<\/strong><\/td>\n<td width=\"220\"><strong>\u00a0<\/strong><strong style=\"font-family: inherit; font-size: inherit;\">Ufficio responsabile<\/strong><\/td>\n<td width=\"215\"><strong>Soggetto titolare del potere sostitutivo<\/strong><\/td>\n<td width=\"242\"><strong style=\"font-family: inherit; font-size: inherit;\">Termine per la conclusione<\/strong><\/td>\n<td width=\"200\"><strong>\u00a0<\/strong><strong style=\"font-family: inherit; font-size: inherit;\">Altre informazioni<\/strong><\/td>\n<\/tr>\n<tr>\n<td width=\"123\">Rimpatrio di salme<\/td>\n<td width=\"220\">Ufficio Assistenza Consolare <a style=\"font-family: inherit; font-size: inherit;\" href=\"mailto:sanfrancisco.assistenza@esteri.it\">sanfrancisco.assistenza@esteri.it<\/a><span style=\"font-family: inherit; font-size: inherit;\"> +1 415 292 9200<\/span><\/td>\n<td width=\"215\">Console Generale Massimo Carnelos +1 415 292 9200<a href=\"mailto:segreteria.sanfrancisco@esteri.it\">segreteria.sanfrancisco@esteri.it<\/a><\/td>\n<td width=\"242\">Non determinabile, dipendendo la tempistica del rimpatrio da molteplici fattori<\/td>\n<td width=\"200\"><a href=\"http:\/\/www.esteri.it\/MAE\/IT\/Italiani_nel_Mondo\/ServiziConsolari\/AssistenzaCittadiniEstero\/Rimpatrio_Salme.htm\">http:\/\/www.esteri.it\/MAE\/IT\/Italiani_nel_Mondo\/ServiziConsolari\/AssistenzaCittadiniEstero\/Rimpatrio_Salme.htm<\/a><a style=\"font-family: inherit; font-size: inherit;\" href=\"https:\/\/conssanfrancisco.esteri.it\/it\/servizi-consolari-e-visti\/servizi-per-il-cittadino-italiano\/assistenza\/\">Assistenza ai cittadini all\u2019estero \u2013 Consolato Generale d&#8217;Italia a San Francisco<\/a><\/td>\n<\/tr>\n<tr>\n<td width=\"123\">Atti notarili e legalizzazioni<\/td>\n<td width=\"220\">Ufficio Legale e Notarile <a style=\"font-family: inherit; font-size: inherit;\" href=\"mailto:notarile.sanfrancisco@esteri.it\">notarile.sanfrancisco@esteri.it<\/a><span style=\"font-family: inherit; font-size: inherit;\"> +1 415 292 9200<\/span><\/td>\n<td width=\"215\">Console Generale Massimo Carnelos +1 415 292 9200<a href=\"mailto:segreteria.sanfrancisco@esteri.it\">segreteria.sanfrancisco@esteri.it<\/a><\/td>\n<td width=\"242\"><strong>\u00a0<\/strong>Il termine ordinario \u00e8 di 60 giorni<\/td>\n<td width=\"200\"><a href=\"http:\/\/www.esteri.it\/MAE\/IT\/Italiani_nel_Mondo\/ServiziConsolari\/AttiNotarili.htm\">http:\/\/www.esteri.it\/MAE\/IT\/Italiani_nel_Mondo\/ServiziConsolari\/AttiNotarili.htm<\/a><\/p>\n<p><a style=\"font-family: inherit; font-size: inherit;\" href=\"https:\/\/conssanfrancisco.esteri.it\/it\/servizi-consolari-e-visti\/servizi-per-il-cittadino-italiano\/notarile\/\">Notarile \u2013 Consolato Generale d&#8217;Italia a San Francisco<\/a><\/td>\n<\/tr>\n<tr>\n<td width=\"123\">Autenticazione di firma<\/td>\n<td width=\"220\">Ufficio Legale e Notarile <a style=\"font-family: inherit; font-size: inherit;\" href=\"mailto:notarile.sanfrancisco@esteri.it\">notarile.sanfrancisco@esteri.it<\/a><span style=\"font-family: inherit; font-size: inherit;\"> +1 415 292 9200<\/span><\/td>\n<td width=\"215\">Console Generale Massimo Carnelos +1 415 292 9200<a href=\"mailto:segreteria.sanfrancisco@esteri.it\">segreteria.sanfrancisco@esteri.it<\/a><\/td>\n<td width=\"242\">Il termine ordinario \u00e8 di 30 giorni<\/td>\n<td width=\"200\"><a href=\"http:\/\/www.esteri.it\/MAE\/IT\/Italiani_nel_Mondo\/ServiziConsolari\/AttiNotarili.htm\">http:\/\/www.esteri.it\/MAE\/IT\/Italiani_nel_Mondo\/ServiziConsolari\/AttiNotarili\/Autenticazione.htm<\/a><a style=\"font-family: inherit; font-size: inherit;\" href=\"https:\/\/conssanfrancisco.esteri.it\/it\/servizi-consolari-e-visti\/servizi-per-il-cittadino-italiano\/notarile\/\">Notarile \u2013 Consolato Generale d&#8217;Italia a San Francisco<\/a><\/td>\n<\/tr>\n<tr>\n<td width=\"123\">Cittadinanza<\/td>\n<td width=\"220\">Ufficio Cittadinanza <a style=\"font-family: inherit; font-size: inherit;\" href=\"mailto:cittadinanza.sanfrancisco@esteri.it\">cittadinanza.sanfrancisco@esteri.it<\/a><span style=\"font-family: inherit; font-size: inherit;\"> +1 415 292 9200<\/span><\/td>\n<td width=\"215\">Console Generale Massimo Carnelos +1 415 292 9200<a href=\"mailto:segreteria.sanfrancisco@esteri.it\">segreteria.sanfrancisco@esteri.it<\/a><\/td>\n<td width=\"242\">Con riferimento ai procedimenti di riconoscimento del possesso della cittadinanza italiana\u00a0<em>iure sanguinis<\/em>, 730 giorni secondo quanto previsto da ultimo dal DPCM n. 33 del 17 gennaio 2014 recante modifica al DPCM n. 90 del 2011 (individuazione dei termini superiori ai 90 giorni per la conclusione dei procedimenti amministrativi di competenza del MAE a norma dell\u2019art.2, comma 4, della Legge 241\/1990).<\/td>\n<td width=\"200\"><strong>\u00a0<\/strong><\/p>\n<p><strong>\u00a0<\/strong><\/p>\n<p><a href=\"http:\/\/www.esteri.it\/MAE\/IT\/Italiani_nel_Mondo\/ServiziConsolari\/Cittadinanza.htm\">http:\/\/www.esteri.it\/MAE\/IT\/Italiani_nel_Mondo\/ServiziConsolari\/Cittadinanza.htm<\/a><\/p>\n<p><a style=\"font-family: inherit; font-size: inherit;\" href=\"https:\/\/conssanfrancisco.esteri.it\/it\/servizi-consolari-e-visti\/servizi-per-il-cittadino-straniero\/cittadinanza\/\">Cittadinanza \u2013 Consolato Generale d&#8217;Italia a San Francisco<\/a><\/td>\n<\/tr>\n<\/tbody>\n<\/table>\n<\/div>\n<p>&nbsp;<\/p>\n<div class=\"responsive\">\n<table class=\"table table-bordered table-sm export-table\">\n<tbody>\n<tr class=\"thead-light\">\n<td width=\"123\"><strong>\u00a0<\/strong><strong style=\"font-family: inherit; font-size: inherit;\">Procedimento<\/strong><\/td>\n<td width=\"220\"><strong>\u00a0<\/strong><strong style=\"font-family: inherit; font-size: inherit;\">Ufficio responsabile<\/strong><\/td>\n<td width=\"215\"><strong>Soggetto titolare del potere sostitutivo<\/strong><\/td>\n<td width=\"242\"><strong>\u00a0<\/strong><strong style=\"font-family: inherit; font-size: inherit;\">Termine per la conclusione<\/strong><\/td>\n<td width=\"200\"><strong>\u00a0<\/strong><strong style=\"font-family: inherit; font-size: inherit;\">Altre informazioni<\/strong><\/td>\n<\/tr>\n<tr>\n<td width=\"123\">Codice Fiscale<\/td>\n<td width=\"220\">Ufficio AIRE e Codici Fiscali <a style=\"font-family: inherit; font-size: inherit;\" href=\"mailto:sanfrancisco.cf@esteri.it\">sanfrancisco.cf@esteri.it<\/a><span style=\"font-family: inherit; font-size: inherit;\"> +1 415 292 9200<\/span><\/td>\n<td width=\"215\">Console Generale Massimo Carnelos +1 415 292 9200<a href=\"mailto:segreteria.sanfrancisco@esteri.it\">segreteria.sanfrancisco@esteri.it<\/a><\/td>\n<td width=\"242\">Termine ordinario (30 giorni).L\u2019emissione del documento non \u00e8 di competenza di questa Amministrazione.<\/p>\n<p>L\u2019Ufficio consolare provvede a trasmettere la richiesta all\u2019Agenzia delle Entrate.<\/td>\n<td width=\"200\"><a href=\"http:\/\/www.esteri.it\/MAE\/IT\/Italiani_nel_Mondo\/ServiziConsolari\/Codice_Fiscale.htm\">http:\/\/www.esteri.it\/MAE\/IT\/Italiani_nel_Mondo\/ServiziConsolari\/Codice_Fiscale.htm<\/a><a style=\"font-family: inherit; font-size: inherit;\" href=\"https:\/\/conssanfrancisco.esteri.it\/it\/servizi-consolari-e-visti\/servizi-per-il-cittadino-italiano\/codice-fiscale\/\">Codice fiscale \u2013 Consolato Generale d&#8217;Italia a San Francisco<\/a><\/td>\n<\/tr>\n<tr>\n<td width=\"123\">Carta d\u2019identit\u00e0 elettronica (C.I.E.)<\/td>\n<td width=\"220\">Ufficio Passaporti e CIE <a href=\"mailto:sanfrancisco.cie@esteri.it\">sanfrancisco.cie@esteri.it<\/a> +1 415 292 9200<\/td>\n<td width=\"215\">Console Generale Massimo Carnelos +1 415 292 9200<a href=\"mailto:segreteria.sanfrancisco@esteri.it\">segreteria.sanfrancisco@esteri.it<\/a><\/td>\n<td width=\"242\">Il termine ordinario \u00e8 di 30 giorni. Si rappresenta che il rilascio \u00e8 subordinato al nulla osta del Comune di iscrizione AIRE.<\/td>\n<td width=\"200\"><a href=\"https:\/\/www.esteri.it\/mae\/it\/servizi\/italiani-all-estero\/documenti_di_viaggio\/carta_identita.html\">https:\/\/www.esteri.it\/mae\/it\/servizi\/italiani-all-estero\/documenti_di_viaggio\/carta_identita.html<\/a><a href=\"https:\/\/conssanfrancisco.esteri.it\/it\/servizi-consolari-e-visti\/servizi-per-il-cittadino-italiano\/carta-didentita-elettronica-cie\/\">Carta d\u2019identit\u00e0 elettronica (CIE) \u2013 Consolato Generale d&#8217;Italia a San Francisco<\/a><\/td>\n<\/tr>\n<tr>\n<td width=\"123\">Documento di viaggio provvisorio \u2013 <em>Emergency Travel Document<\/em> (E.T.D.)<\/td>\n<td width=\"220\">Ufficio Passaporti e CIE <a href=\"mailto:passaporti.sanfrancisco@esteri.it\">passaporti.sanfrancisco@esteri.it<\/a> +1 415 292 9200<\/td>\n<td width=\"215\">Console Generale Massimo Carnelos +1 415 292 9200<a href=\"mailto:segreteria.sanfrancisco@esteri.it\">segreteria.sanfrancisco@esteri.it<\/a><\/td>\n<td width=\"242\">Il termine ordinario \u00e8 di 30 giorni.<\/td>\n<td width=\"200\"><a href=\"http:\/\/www.esteri.it\/MAE\/IT\/Italiani_nel_Mondo\/ServiziConsolari\/Documenti_di_Viaggio\/ETD.htm\">http:\/\/www.esteri.it\/MAE\/IT\/Italiani_nel_Mondo\/ServiziConsolari\/Documenti_di_Viaggio\/ETD.htm<\/a><a href=\"https:\/\/conssanfrancisco.esteri.it\/it\/servizi-consolari-e-visti\/servizi-per-il-cittadino-italiano\/passaporti-e-carte-didentita\/emergency-travel-documents-etd\/\">Furto e Smarrimento \u2013 E.T.D. (Emergency Travel Document) \u2013 Consolato Generale d&#8217;Italia a San Francisco<\/a><\/td>\n<\/tr>\n<tr>\n<td width=\"123\">Passaporto<\/td>\n<td width=\"220\">Ufficio Passaporti e CIE passaporti.sanfrancisco@esteri.it +1 415 292 9200<\/td>\n<td width=\"215\">Console Generale Massimo Carnelos +1 415 292 9200<\/p>\n<p><a href=\"mailto:segreteria.sanfrancisco@esteri.it\">segreteria.sanfrancisco@esteri.it<\/a><\/td>\n<td width=\"242\">Ai sensi dell\u2019art. 8 della Legge 1185\/1967, 15 giorni dal ricevimento della domanda, salvo proroga di ulteriori 15 giorni ove sia necessario il completamento dell\u2019istruttoria.<\/td>\n<td width=\"200\"><a href=\"http:\/\/www.esteri.it\/MAE\/IT\/Italiani_nel_Mondo\/ServiziConsolari\/Documenti_di_Viaggio\/Passaporto.htm\">http:\/\/www.esteri.it\/MAE\/IT\/Italiani_nel_Mondo\/ServiziConsolari\/Documenti_di_Viaggio\/Passaporto.htm<\/a><\/p>\n<p><a href=\"https:\/\/conssanfrancisco.esteri.it\/it\/servizi-consolari-e-visti\/servizi-per-il-cittadino-italiano\/passaporti-e-carte-didentita\/\">Documenti di Viaggio (Passaporti e E.T.D.) \u2013 Consolato Generale d&#8217;Italia a San Francisco<\/a><\/p>\n<p>&nbsp;<\/td>\n<\/tr>\n<tr>\n<td width=\"123\">Notifiche all\u2019estero<\/td>\n<td width=\"220\">Ufficio Legale e Notarile <a style=\"font-family: inherit; font-size: inherit;\" href=\"mailto:notarile.sanfrancisco@esteri.it\">notarile.sanfrancisco@esteri.it<\/a><span style=\"font-family: inherit; font-size: inherit;\"> +1 415 292 9200<\/span><\/td>\n<td width=\"215\">Console Generale Massimo Carnelos +1 415 292 9200<\/p>\n<p><a href=\"mailto:segreteria.sanfrancisco@esteri.it\">segreteria.sanfrancisco@esteri.it<\/a><\/td>\n<td width=\"242\">Notifiche civili, penali e amministrative: non pu\u00f2 esservi perch\u00e9 sono implicate nella trasmissione diverse autorit\u00e0 straniere (e\/o enti) imprevedibili nella loro operativit\u00e0<\/td>\n<td width=\"200\"><a href=\"http:\/\/www.esteri.it\/MAE\/IT\/Italiani_nel_Mondo\/ServiziConsolari\/AttiNotarili.htm\">http:\/\/www.esteri.it\/MAE\/IT\/Italiani_nel_Mondo\/ServiziConsolari\/AttiNotarili\/Autenticazione.htm<\/a><a style=\"font-family: inherit; font-size: inherit;\" href=\"https:\/\/conssanfrancisco.esteri.it\/it\/servizi-consolari-e-visti\/servizi-per-il-cittadino-italiano\/notarile\/\">Notarile \u2013 Consolato Generale d&#8217;Italia a San Francisco<\/a><\/td>\n<\/tr>\n<\/tbody>\n<\/table>\n<\/div>\n<p>&nbsp;<\/p>\n<div class=\"responsive\">\n<table class=\"table table-bordered table-sm export-table\">\n<tbody>\n<tr class=\"thead-light\">\n<td width=\"123\"><strong>\u00a0<\/strong><\/p>\n<p><strong>Procedimento<\/strong><\/td>\n<td width=\"220\"><strong>\u00a0<\/strong><\/p>\n<p><strong>Ufficio responsabile<\/strong><\/td>\n<td width=\"215\"><strong>Soggetto titolare del potere sostitutivo<\/strong><\/td>\n<td width=\"242\"><strong>\u00a0<\/strong><\/p>\n<p><strong>Termine per la conclusione<\/strong><\/td>\n<td width=\"200\"><strong>\u00a0<\/strong><\/p>\n<p><strong>Altre informazioni<\/strong><\/td>\n<\/tr>\n<tr>\n<td width=\"123\">Dichiarazioni di valore titoli di studio stranieri<\/td>\n<td width=\"220\"><a href=\"mailto:sanfrancisco.education@esteri.it\">sanfrancisco.education@esteri.it<\/a> +1 415 292 9200<\/td>\n<td width=\"215\">Console Generale Massimo Carnelos +1 415 292 9200<\/p>\n<p><a href=\"mailto:segreteria.sanfrancisco@esteri.it\">segreteria.sanfrancisco@esteri.it<\/a><\/td>\n<td width=\"242\">Il termine ordinario \u00e8 di 30 giorni.<\/td>\n<td width=\"200\"><a href=\"https:\/\/www.esteri.it\/it\/diplomazia-culturale-e-diplomazia-scientifica\/cultura\/universita\/riconoscimento_titoli_studio\/\">https:\/\/www.esteri.it\/it\/diplomazia-culturale-e-diplomazia-scientifica\/cultura\/universita\/riconoscimento_titoli_studio\/<\/a><\/p>\n<p><a href=\"https:\/\/conssanfrancisco.esteri.it\/it\/servizi-consolari-e-visti\/servizi-per-il-cittadino-italiano\/ufficio-istruzione\/dichiarazione-di-valore\/\">Dichiarazione di Valore \u2013 Consolato Generale d&#8217;Italia a San Francisco<\/a><\/td>\n<\/tr>\n<tr>\n<td width=\"123\">Richieste di iscrizione in AIRE<\/td>\n<td width=\"220\">Ufficio AIRE e Codici Fiscali <a href=\"mailto:anagrafe.sanfrancisco@esteri.it\">anagrafe.sanfrancisco@esteri.it<\/a> <span style=\"font-family: inherit; font-size: inherit;\">+1 415 292 9200<\/span><\/td>\n<td width=\"215\">Console Generale Massimo Carnelos +1 415 292 9200<\/p>\n<p><a href=\"mailto:segreteria.sanfrancisco@esteri.it\">segreteria.sanfrancisco@esteri.it<\/a><\/td>\n<td width=\"242\">Il procedimento serve a trasmettere la richiesta di iscrizione al Comune competente entro 180 giorni dal ricevimento della dichiarazione di residenza all\u2019estero da parte del cittadino (art. 6 comma 7 legge 470\/88).<\/p>\n<p>Il servizio \u00e8 fruibile online al link indicato a lato (FAST-IT)<\/td>\n<td width=\"200\"><a href=\"https:\/\/www.esteri.it\/it\/servizi-consolari-e-visti\/italiani-all-estero\/aire_0\/\">https:\/\/www.esteri.it\/it\/servizi-consolari-e-visti\/italiani-all-estero\/aire_0\/<\/a><\/p>\n<p><a href=\"https:\/\/conssanfrancisco.esteri.it\/it\/servizi-consolari-e-visti\/servizi-per-il-cittadino-italiano\/anagrafe-degli-italiani-residenti-allestero-aire\/\">Anagrafe degli Italiani residenti all\u2019estero (AIRE) \u2013 Consolato Generale d&#8217;Italia a San Francisco<\/a><\/td>\n<\/tr>\n<tr>\n<td width=\"123\">Nascita<\/td>\n<td width=\"220\">Ufficio Stato Civile <a href=\"mailto:statocivile.sanfrancisco@esteri.it\">statocivile.sanfrancisco@esteri.it<\/a> +1 415 292 9200<\/td>\n<td width=\"215\">Console Generale Massimo Carnelos +1 415 292 9200<\/p>\n<p><a href=\"mailto:segreteria.sanfrancisco@esteri.it\">segreteria.sanfrancisco@esteri.it<\/a><\/td>\n<td width=\"242\">Termine ordinario (30 giorni).<\/p>\n<p>L\u2019adozione del provvedimento finale non \u00e8 di competenza di questa Amministrazione. L\u2019Ufficio consolare provvede a trasmettere l\u2019atto al Comune, per la trascrizione.<\/td>\n<td width=\"200\"><a href=\"https:\/\/www.esteri.it\/mae\/it\/servizi\/italiani-all-estero\/stato-civile\/nascita_0.html\">https:\/\/www.esteri.it\/mae\/it\/servizi\/italiani-all-estero\/stato-civile\/nascita_0.html\u00a0<\/a><\/p>\n<p><a style=\"font-family: inherit; font-size: inherit;\" href=\"https:\/\/conssanfrancisco.esteri.it\/it\/servizi-consolari-e-visti\/servizi-per-il-cittadino-italiano\/stato-civile\/\">Stato Civile \u2013 Consolato Generale d&#8217;Italia a San Francisco<\/a><\/td>\n<\/tr>\n<tr>\n<td width=\"123\">Matrimonio<\/td>\n<td width=\"220\">Ufficio Stato Civile <a href=\"mailto:statocivile.sanfrancisco@esteri.it\">statocivile.sanfrancisco@esteri.it<\/a> +1 415 292 9200<\/td>\n<td width=\"215\">Console Generale Massimo Carnelos +1 415 292 9200<\/p>\n<p><a href=\"mailto:segreteria.sanfrancisco@esteri.it\">segreteria.sanfrancisco@esteri.it<\/a><\/td>\n<td width=\"242\">Termine ordinario (30 giorni) per la pubblicazione di matrimonio.<\/p>\n<p>Per il matrimonio consolare, la celebrazione pu\u00f2 avvenire dopo il 4\u00b0 giorno e non oltre il 180\u00b0 successivo alla pubblicazione..<\/td>\n<td width=\"200\"><a href=\"https:\/\/www.esteri.it\/mae\/it\/servizi\/italiani-all-estero\/stato-civile\/matrimonio_0.html\">https:\/\/www.esteri.it\/mae\/it\/servizi\/italiani-all-estero\/stato-civile\/matrimonio_0.html\u00a0<\/a><\/p>\n<p><a style=\"font-family: inherit; font-size: inherit;\" href=\"https:\/\/conssanfrancisco.esteri.it\/it\/servizi-consolari-e-visti\/servizi-per-il-cittadino-italiano\/stato-civile\/\">Stato Civile \u2013 Consolato Generale d&#8217;Italia a San Francisco<\/a><\/td>\n<\/tr>\n<tr>\n<td width=\"123\">Unione civile<\/td>\n<td width=\"220\">Ufficio Stato Civile <a href=\"mailto:statocivile.sanfrancisco@esteri.it\">statocivile.sanfrancisco@esteri.it<\/a> +1 415 292 9200<\/td>\n<td width=\"215\">Console Generale Massimo Carnelos +1 415 292 9200<\/p>\n<p><a href=\"mailto:segreteria.sanfrancisco@esteri.it\">segreteria.sanfrancisco@esteri.it<\/a><\/td>\n<td width=\"242\">30 giorni per la costituzione della unione civile presso l\u2019Ufficio consolare.<\/td>\n<td width=\"200\"><a href=\"https:\/\/www.esteri.it\/mae\/it\/servizi\/italiani-all-estero\/stato-civile\/unioni-civili-convivenze-di-fatto_0.html\">https:\/\/www.esteri.it\/mae\/it\/servizi\/italiani-all-estero\/stato-civile\/unioni-civili-convivenze-di-fatto_0.html<\/a><\/p>\n<p><a style=\"font-family: inherit; font-size: inherit;\" href=\"https:\/\/conssanfrancisco.esteri.it\/it\/servizi-consolari-e-visti\/servizi-per-il-cittadino-italiano\/stato-civile\/\">Stato Civile \u2013 Consolato Generale d&#8217;Italia a San Francisco<\/a><\/td>\n<\/tr>\n<tr>\n<td width=\"123\">Decessi<\/td>\n<td width=\"220\">Ufficio Stato Civile <a href=\"mailto:statocivile.sanfrancisco@esteri.it\">statocivile.sanfrancisco@esteri.it<\/a> +1 415 292 9200<\/td>\n<td width=\"215\">Console Generale Massimo Carnelos +1 415 292 9200<\/p>\n<p><a href=\"mailto:segreteria.sanfrancisco@esteri.it\">segreteria.sanfrancisco@esteri.it<\/a><\/td>\n<td width=\"242\">Termine ordinario (30 giorni).<\/p>\n<p>L\u2019adozione del provvedimento finale non \u00e8 di competenza di questa Amministrazione. L\u2019Ufficio consolare provvede a trasmettere l\u2019atto al Comune, per la trascrizione.<\/td>\n<td width=\"200\"><a href=\"https:\/\/www.esteri.it\/mae\/it\/servizi\/italiani-all-estero\/stato-civile\/morte_0.html\">https:\/\/www.esteri.it\/mae\/it\/servizi\/italiani-all-estero\/stato-civile\/morte_0.html<\/a><\/p>\n<p><a style=\"font-family: inherit; font-size: inherit;\" href=\"https:\/\/conssanfrancisco.esteri.it\/it\/servizi-consolari-e-visti\/servizi-per-il-cittadino-italiano\/stato-civile\/\">Stato Civile \u2013 Consolato Generale d&#8217;Italia a San Francisco<\/a><\/td>\n<\/tr>\n<\/tbody>\n<\/table>\n<\/div>\n<p>&nbsp;<\/p>\n<div class=\"responsive\">\n<table class=\"table table-bordered table-sm export-table\">\n<tbody>\n<tr class=\"thead-light\">\n<td width=\"123\"><strong>\u00a0<\/strong><\/p>\n<p><strong>Procedimento<\/strong><\/td>\n<td width=\"220\"><strong>\u00a0<\/strong><\/p>\n<p><strong>Ufficio responsabile<\/strong><\/td>\n<td width=\"215\"><strong>Soggetto titolare del potere sostitutivo<\/strong><\/td>\n<td width=\"242\"><strong>\u00a0<\/strong><\/p>\n<p><strong>Termine per la conclusione<\/strong><\/td>\n<td width=\"200\"><strong>\u00a0<\/strong><\/p>\n<p><strong>Altre informazioni<\/strong><\/td>\n<\/tr>\n<tr>\n<td width=\"123\">Riconoscimento di sentenze straniere (divorzio, adozione, cambiamento di nome o cognome o altro)<\/td>\n<td width=\"220\">Ufficio Stato Civile <a href=\"mailto:statocivile.sanfrancisco@esteri.it\">statocivile.sanfrancisco@esteri.it<\/a> +1 415 292 9200<\/td>\n<td width=\"215\">Console Generale Massimo Carnelos +1 415 292 9200<\/p>\n<p><a href=\"mailto:segreteria.sanfrancisco@esteri.it\">segreteria.sanfrancisco@esteri.it<\/a><\/td>\n<td width=\"242\">Termine ordinario (30 giorni).<\/p>\n<p>L\u2019adozione del provvedimento finale non \u00e8 di competenza di questa Amministrazione. L\u2019Ufficio consolare provvede a trasmettere la sentenza al Comune, per la trascrizione.<\/td>\n<td width=\"200\"><a href=\"https:\/\/www.esteri.it\/mae\/it\/servizi\/italiani-all-estero\/stato-civile\/riconoscimento-di-sentenze-straniere.html\">https:\/\/www.esteri.it\/mae\/it\/servizi\/italiani-all-estero\/stato-civile\/riconoscimento-di-sentenze-straniere.html<\/a><\/p>\n<p><a style=\"font-family: inherit; font-size: inherit;\" href=\"https:\/\/conssanfrancisco.esteri.it\/it\/servizi-consolari-e-visti\/servizi-per-il-cittadino-italiano\/stato-civile\/\">Stato Civile \u2013 Consolato Generale d&#8217;Italia a San Francisco<\/a><\/td>\n<\/tr>\n<\/tbody>\n<\/table>\n<\/div>\n<p>&nbsp;<\/p>\n<\/div>\n<\/article>\n<\/div>\n<\/div>\n","protected":false},"excerpt":{"rendered":"&nbsp; Procedimenti ad istanza di parte (art. 35 D.lgs. n. 33\/2013; art. 2, L. n. 241\/90). \u00a0 I termini indicati decorrono dalla data di effettiva accettazione delle istanze presentate secondo le specifiche modalit\u00e0 indicate. \u00a0 \u00a0Procedimento \u00a0Ufficio responsabile Soggetto titolare del potere sostitutivo Termine per la conclusione \u00a0Altre informazioni Rimpatrio di salme Ufficio Assistenza Consolare [&hellip;]","protected":false},"author":2,"featured_media":0,"parent":33,"menu_order":8,"comment_status":"closed","ping_status":"closed","template":"","meta":{"footnotes":""},"class_list":["post-282","page","type-page","status-publish","hentry"],"_links":{"self":[{"href":"https:\/\/conssanfrancisco.esteri.it\/it\/wp-json\/wp\/v2\/pages\/282","targetHints":{"allow":["GET"]}}],"collection":[{"href":"https:\/\/conssanfrancisco.esteri.it\/it\/wp-json\/wp\/v2\/pages"}],"about":[{"href":"https:\/\/conssanfrancisco.esteri.it\/it\/wp-json\/wp\/v2\/types\/page"}],"author":[{"embeddable":true,"href":"https:\/\/conssanfrancisco.esteri.it\/it\/wp-json\/wp\/v2\/users\/2"}],"replies":[{"embeddable":true,"href":"https:\/\/conssanfrancisco.esteri.it\/it\/wp-json\/wp\/v2\/comments?post=282"}],"version-history":[{"count":5,"href":"https:\/\/conssanfrancisco.esteri.it\/it\/wp-json\/wp\/v2\/pages\/282\/revisions"}],"predecessor-version":[{"id":7436,"href":"https:\/\/conssanfrancisco.esteri.it\/it\/wp-json\/wp\/v2\/pages\/282\/revisions\/7436"}],"up":[{"embeddable":true,"href":"https:\/\/conssanfrancisco.esteri.it\/it\/wp-json\/wp\/v2\/pages\/33"}],"wp:attachment":[{"href":"https:\/\/conssanfrancisco.esteri.it\/it\/wp-json\/wp\/v2\/media?parent=282"}],"curies":[{"name":"wp","href":"https:\/\/api.w.org\/{rel}","templated":true}]}}