{"id":2432,"date":"2023-12-28T19:10:46","date_gmt":"2023-12-29T02:10:46","guid":{"rendered":"https:\/\/conssanfrancisco.esteri.it\/?page_id=2432"},"modified":"2026-03-03T17:58:36","modified_gmt":"2026-03-04T00:58:36","slug":"carta-didentita-elettronica-cie","status":"publish","type":"page","link":"https:\/\/conssanfrancisco.esteri.it\/it\/servizi-consolari-e-visti\/servizi-per-il-cittadino-italiano\/carta-didentita-elettronica-cie\/","title":{"rendered":"Carta d&#8217;identit\u00e0 elettronica (CIE)"},"content":{"rendered":"<p>La CIE \u00e8 un documento personale di riconoscimento valido per identificarsi e circolare nell\u2019Unione Europea, in alcuni Stati aderenti all\u2019accordo di Schengen (ad es. Islanda, Norvegia e Svizzera) e in altri Stati con cui sono stati raggiunti accordi bilaterali (vedasi le singole \u201cschede Paese\u201d sul sito <a href=\"http:\/\/www.viaggiaresicuri.it\">www.viaggiaresicuri.it<\/a>).<\/p>\n<p>La CIE NON pu\u00f2 essere utilizzata per uscire dagli Stati Uniti d\u2019America.<\/p>\n<p style=\"text-align: center;\">&#8212;<\/p>\n<p><strong>AVVISO &#8211; POSSIBILITA&#8217; DI RICHIESTA DELLE CIE DA PARTE DEGLI ISCRITTI AIRE PRESSO QUALSIASI COMUNE ITALIANO DAL 1 GIUGNO 2026<\/strong><\/p>\n<p>La Legge n. 19 del 19 gennaio 2026 ha introdotto la <strong>possibilit\u00e0 per il cittadino iscritto all\u2019Anagrafe degli Italiani Residenti all\u2019Estero (AIRE) \u2013 <span style=\"text-decoration: underline;\">a decorrere dal 1\u00b0 giugno 2026<\/span> \u2013 di presentare<\/strong><br \/>\n<strong>domanda per il rilascio della carta d&#8217;identit\u00e0 elettronica presso qualsiasi Comune italiano<\/strong>. La carta d\u2019identit\u00e0 sar\u00e0 consegnata con le medesime modalit\u00e0 previste in caso di domanda presentata tramite l\u2019Ufficio consolare, con facolt\u00e0 per l\u2019interessato di ritirarla personalmente presso il Comune ovvero di richiederne la spedizione all\u2019estero.<\/p>\n<p style=\"text-align: center;\">&#8212;<\/p>\n<p><strong>AVVISO &#8211; SCADENZA CARTE DI IDENTITA&#8217; CARTACEE AL 3 AGOSTO 2026<\/strong><\/p>\n<p>Si informa l\u2019utenza che, a decorrere dal\u00a0<strong>3 agosto 2026<\/strong>, le carte d\u2019identit\u00e0 cartacee (CIC) italiane cesseranno di avere validit\u00e0.<\/p>\n<p>Si invitano pertanto i connazionali <span style=\"text-decoration: underline;\">ancora in possesso del solo documento cartaceo (scaduto o in scadenza)<\/span> a provvedere per tempo alla richiesta della carta d\u2019identit\u00e0 elettronica (CIE), prenotando il prima possibile un appuntamento al fine di evitare inconvenienti e congestioni degli appuntamenti a ridosso della scadenza.<\/p>\n<p><strong>Gli appuntamenti per il rilascio delle CIE ai connazionali iscritti all\u2019AIRE presso questo Consolato Generale ed in possesso della sola CIC scaduta o in scadenza devono essere prenotati tramite la piattaforma\u00a0<a href=\"https:\/\/prenotami.esteri.it\/\">Prenot@mi<\/a>, oppure \u2013 in caso di indisponibilit\u00e0 di appuntamenti su detta piattaforma \u2013 tramite email a\u00a0<a href=\"mailto:sanfrancisco.cie@esteri.it\">sanfrancisco.cie@esteri.it<\/a>. Nella email \u00e8 indispensabile specificare nell\u2019oggetto \u201cCOGNOME NOME \u2013 CARTA IDENTITA\u2019 CARTACEA SCADUTA O IN SCADENZA\u201d e allegare copia della carta d\u2019identit\u00e0 cartacea.\u00a0L\u2019Ufficio non fornir\u00e0 risposta ad email che non rispettano le caratteristiche descritte e pervenute prive di allegato.\u00a0<\/strong>L\u2019Ufficio provveder\u00e0 a concordare l\u2019appuntamento con l\u2019utente.<\/p>\n<p style=\"text-align: center;\">&#8212;<\/p>\n<p><strong>Requisiti per richiedere la CIE<\/strong><\/p>\n<p>Ai fini dell\u2019emissione della CIE \u00e8 indispensabile che il richiedente:<\/p>\n<ul>\n<li>sia cittadino italiano regolarmente residente nella circoscrizione consolare del Consolato Generale d\u2019Italia a San Francisco;<\/li>\n<li>sia iscritto all\u2019<a href=\"https:\/\/conssanfrancisco.esteri.it\/it\/servizi-consolari-e-visti\/servizi-per-il-cittadino-italiano\/anagrafe-degli-italiani-residenti-allestero-aire\/\">AIRE<\/a> e il suo nominativo inserito nell\u2019apposito applicativo da parte del Comune italiano di riferimento;<\/li>\n<li>abbia l\u2019atto di nascita trascritto in Italia, in quanto gli estremi della trascrizione devono essere riportati sulla CIE;<\/li>\n<li>abbia aggiornato la sua posizione negli schedari consolari nel caso di cambio d\u2019indirizzo, variazione dello stato civile o nascita di figli.<\/li>\n<\/ul>\n<p><strong>\u00a0<\/strong><\/p>\n<p><strong>Come richiedere la CIE<\/strong><\/p>\n<p>L\u2019appuntamento per la richiesta della carta d\u2019identit\u00e0 elettronica deve essere prenotato utilizzando <strong>esclusivamente<\/strong> <a href=\"https:\/\/prenotami.esteri.it\/\">la piattaforma Prenot@mi<\/a>.<\/p>\n<p>&nbsp;<\/p>\n<p><strong>Documentazione necessaria per richiedere la CIE<\/strong><\/p>\n<p>Il giorno dell\u2019appuntamento il richiedente dovr\u00e0 presentarsi con la seguente documentazione:<\/p>\n<ol>\n<li>Modulo di richiesta compilato e firmato <a href=\"https:\/\/conssanfrancisco.esteri.it\/wp-content\/uploads\/2025\/10\/Modulo-Richiesta-CIE.pdf\">per adulti<\/a> o <a href=\"https:\/\/conssanfrancisco.esteri.it\/wp-content\/uploads\/2025\/10\/Modulo-Richiesta-CIE-per-Minore.pdf\">per minori<\/a>.<\/li>\n<li>Carta di identit\u00e0 Italiana valida o scaduta (se titolare) oppure denuncia di smarrimento o furto della propria carta di identit\u00e0.<\/li>\n<li>Passaporto italiano valido o scaduto (se in possesso), o altro valido documento di identit\u00e0 ai fini dell&#8217;identificazione.<\/li>\n<li>Due (2) fototessere formato passaporto, una incollata al modulo di richiesta (foto recenti a colori, frontali, con sfondo bianco).<\/li>\n<li>Money order o cashier\u2019s check intestato a <em>Consulate General of Italy \u2013 San Francisco <\/em>(non si accettano contanti e\/o assegni personali). Vedi la tariffa corrente alla voce Art. 28C (A+B) sul sito web del Consolato nella sezione <a href=\"https:\/\/conssanfrancisco.esteri.it\/it\/servizi-consolari-e-visti\/servizi-per-il-cittadino-italiano\/tariffe\/\">Tariffe<\/a>.<\/li>\n<\/ol>\n<p>&nbsp;<\/p>\n<p><strong>\u00a0<\/strong><\/p>\n<p><strong>Richiesta CIE per Minori di anni 12<\/strong><\/p>\n<p>La CIE per i minori di anni 12 viene richiesta <u>esclusivamente via posta USPS Priority o Express.<\/u><\/p>\n<p>Per richiedere la CIE per un minore di anni 12 \u00e8 necessario inviare per posta la documentazione indicata in precedenza, includendo <a href=\"https:\/\/conssanfrancisco.esteri.it\/wp-content\/uploads\/2025\/10\/Modulo-Richiesta-CIE-per-Minore.pdf\">il modulo specifico per minori scaricabile a questo collegamento<\/a> (che sostituisce il regolare modulo per adulti) e copia dei documenti di identit\u00e0 in corso di validit\u00e0 di entrambi i genitori.<\/p>\n<p><u>N.B. il modulo di richiesta per minori di anni 12 deve essere firmato da entrambi i genitori, e la firma deve essere autenticata da un Pubblico Ufficiale del Consolato o da un U.S Public Notary<\/u>.<\/p>\n<p>Spedire la documentazione a:<\/p>\n<p><em>Consolato Generale d\u2019Italia (Ufficio CIE)<\/em><\/p>\n<p><em>2590 Webster St.<\/em><\/p>\n<p><em>San Francisco, CA 94115<\/em><\/p>\n<p>&nbsp;<\/p>\n<p>&nbsp;<\/p>\n<p><strong>Domande &amp; Risposte<\/strong><strong>\u00a0<\/strong><\/p>\n<p><strong>Posso richiedere la carta di identit\u00e0 presso il mio Comune in Italia, anche se residente all\u2019estero?<\/strong><\/p>\n<p>Sino al 30 giugno 2026 non \u00e8 possibile: se si \u00e8 residenti all\u2019estereo e registrati all\u2019AIRE non \u00e8 possibile richiedere la CIE al Comune Italiano di collegamento, il Consolato \u00e8 l\u2019unico ente abilitato al rilascio.<\/p>\n<p>A partire dall&#8217;1 luglio 2026, ai sensi della Legge n. 19 del 19 gennaio 2026, il cittadino iscritto all\u2019AIRE potr\u00e0 presentare domanda per il rilascio della CIE presso qualsiasi Comune italiano.<\/p>\n<p><strong>Quanto ci vuole per ricevere la CIE?<\/strong><\/p>\n<p>La CIE NON \u00e8 rilasciata il giorno dell\u2019appuntamento.<\/p>\n<p>La CIE \u00e8 prodotta dall\u2019Istituto Poligrafico e Zecca dello Stato e successivamente spedita, a mezzo raccomandata a carico di Poste Italiane, all\u2019indirizzo di residenza indicato dal richiedente. Il connazionale potr\u00e0 verificare online l\u2019avvenuta spedizione autonomamente attraverso il codice di tracciamento rilasciato il giorno dell\u2019appuntamento.<\/p>\n<p>N.B. Il Consolato non si fa carico di eventuali problemi di spedizione, per i quali \u00e8 necessario rivolgersi a Poste Italiane o USPS.<\/p>\n<p><strong>Quanto tempo vale la CIE?<\/strong><\/p>\n<p>La validit\u00e0 della CIE varia a seconda dell\u2019et\u00e0 del titolare ed \u00e8 di:<\/p>\n<ul>\n<li>3 anni per i minori di et\u00e0 compresa tra 0 e 3 anni;<\/li>\n<li>5 anni per i minori di et\u00e0 compresa tra 4 e 18 anni;<\/li>\n<li>10 anni per persone di et\u00e0 superiore ai 18 anni.<\/li>\n<\/ul>\n<p><strong>Che cosa \u00e8 l\u2019atto di assenso?<\/strong><\/p>\n<p>In caso di richiesta per un minore, l\u2019atto di assenso dovr\u00e0 essere compilato e firmato da entrambi i genitori.<\/p>\n<p>L\u2019assenso,\u00a0<strong>necessario anche in caso di genitori non sposati, separati o divorziati<\/strong>, pu\u00f2 essere manifestato per iscritto in una delle seguenti forme:<\/p>\n<p>&#8211; personalmente presso questo Consolato il giorno dell\u2019appuntamento;<\/p>\n<p>&#8211; personalmente presso la Sede di un altro Consolato d&#8217;Italia;<\/p>\n<p>&#8211; personalmente presso un Public Notary.<\/p>\n<p><strong>Devo chiedere una nuova carta se cambio indirizzo?<\/strong><\/p>\n<p>No. La carta d\u2019identit\u00e0 \u00e8 un documento di identit\u00e0 e non di residenza.<\/p>\n<p><strong>\u00c8 possibile per le donne sposate inserire il cognome del marito?<\/strong><\/p>\n<p>No. La carta d\u2019identit\u00e0 \u00e8 un documento di identit\u00e0 e non di stato civile.<\/p>\n<p><strong>\u00a0<\/strong><\/p>\n<p>Per maggiori informazioni, contattare <a href=\"mailto:sanfrancisco.cie@esteri.it\">sanfrancisco.cie@esteri.it<\/a><\/p>\n","protected":false},"excerpt":{"rendered":"La CIE \u00e8 un documento personale di riconoscimento valido per identificarsi e circolare nell\u2019Unione Europea, in alcuni Stati aderenti all\u2019accordo di Schengen (ad es. Islanda, Norvegia e Svizzera) e in altri Stati con cui sono stati raggiunti accordi bilaterali (vedasi le singole \u201cschede Paese\u201d sul sito www.viaggiaresicuri.it). La CIE NON pu\u00f2 essere utilizzata per uscire [&hellip;]","protected":false},"author":6,"featured_media":0,"parent":59,"menu_order":0,"comment_status":"closed","ping_status":"closed","template":"","meta":{"footnotes":""},"class_list":["post-2432","page","type-page","status-publish","hentry"],"_links":{"self":[{"href":"https:\/\/conssanfrancisco.esteri.it\/it\/wp-json\/wp\/v2\/pages\/2432","targetHints":{"allow":["GET"]}}],"collection":[{"href":"https:\/\/conssanfrancisco.esteri.it\/it\/wp-json\/wp\/v2\/pages"}],"about":[{"href":"https:\/\/conssanfrancisco.esteri.it\/it\/wp-json\/wp\/v2\/types\/page"}],"author":[{"embeddable":true,"href":"https:\/\/conssanfrancisco.esteri.it\/it\/wp-json\/wp\/v2\/users\/6"}],"replies":[{"embeddable":true,"href":"https:\/\/conssanfrancisco.esteri.it\/it\/wp-json\/wp\/v2\/comments?post=2432"}],"version-history":[{"count":6,"href":"https:\/\/conssanfrancisco.esteri.it\/it\/wp-json\/wp\/v2\/pages\/2432\/revisions"}],"predecessor-version":[{"id":7155,"href":"https:\/\/conssanfrancisco.esteri.it\/it\/wp-json\/wp\/v2\/pages\/2432\/revisions\/7155"}],"up":[{"embeddable":true,"href":"https:\/\/conssanfrancisco.esteri.it\/it\/wp-json\/wp\/v2\/pages\/59"}],"wp:attachment":[{"href":"https:\/\/conssanfrancisco.esteri.it\/it\/wp-json\/wp\/v2\/media?parent=2432"}],"curies":[{"name":"wp","href":"https:\/\/api.w.org\/{rel}","templated":true}]}}