{"id":252,"date":"2023-04-03T19:08:27","date_gmt":"2023-04-04T02:08:27","guid":{"rendered":"https:\/\/conssanfrancisco.esteri.it\/amministrazione-trasparente\/"},"modified":"2025-11-24T11:56:02","modified_gmt":"2025-11-24T18:56:02","slug":"amministrazione-trasparente","status":"publish","type":"page","link":"https:\/\/conssanfrancisco.esteri.it\/en\/amministrazione-trasparente\/","title":{"rendered":"Amministrazione Trasparente"},"content":{"rendered":"<p><span style=\"text-decoration: underline;\">ULTIMO AGGIORNAMENTO: 24.11.2025<\/span><\/p>\n<p>&nbsp;<\/p>\n<p>Gli uffici diplomatico-consolari all&#8217;estero costituiscono articolazioni periferiche del Ministero degli Affari Esteri e della Cooperazione Internazionale, che assicura la trasparenza dei propri dati attraverso la sezione &#8220;amministrazione trasparente&#8221; del sito\u00a0<a title=\"Ministero degli Affari Esteri e della Cooperazione Internazionale\" href=\"https:\/\/www.esteri.it\/it\">www.esteri.it<\/a>. Le sezioni della presente pagina rinviano in massima parte alle corrispondenti sezioni del sito dell&#8217;amministrazione centrale.<\/p>\n<p><strong>Per approfondimenti visita il sito dell&#8217;Autorit\u00e0 Nazionale Anticorruzione<\/strong>\u00a0(<a title=\"Autorita' Nazionale Anticorruzione\" href=\"http:\/\/www.anticorruzione.it\/portal\/public\/classic\/\">ANAC)<\/a><\/p>\n<ul>\n<li><a title=\"Disposizioni Generali\" href=\"https:\/\/www.esteri.it\/it\/trasparenza_comunicazioni_legali\/disposizioni_generali\">Disposizioni generali<\/a><\/li>\n<li><a title=\"Organizzazione\" href=\"https:\/\/www.esteri.it\/it\/trasparenza_comunicazioni_legali\/organizzazione\">Organizzazione<\/a>\n<ul>\n<li><a href=\"file:\/\/\/U:\/CONTABILITA\/2023\/consulenze\/tabella_consulenze_triennio.pdf\">Articolazione degli uffici<\/a>\u00a0<em>(art. 13, c. 1, lett. b, c)<\/em>\n<ul>\n<li>\n<div><span style=\"color: black; font-family: Garamond,serif; font-size: medium;\">L\u2019indirizzo del Consolato Generale d\u2019Italia \u00e8 2590 Webster Street, San Francisco, San Francisco, CA 94115. I contatti dei Consolati Onorari sono elencati sotto la voce \u201c<a href=\"https:\/\/conssanfrancisco.esteri.it\/it\/chi-siamo\/la-rete-consolare\/\">La rete consolare<\/a>\u201d.<\/span><\/div>\n<div><span style=\"color: black; font-family: Garamond,serif; font-size: medium;\">\u00a0<\/span><\/div>\n<div><span style=\"color: black; font-family: Garamond,serif; font-size: medium;\">Per accedere al Consolato \u00e8 necessario prenotare e confermare l\u2019appuntamento per il servizio consolare richiesto. Il Consolato \u00e8 aperto al pubblico dal luned\u00ec al venerd\u00ec dalle ore 9:00 alle ore 12:30, eccetto i giorni festivi. L&#8217;ufficio visti pu\u00f2 offrire orari diversi.<\/span><\/div>\n<div><span style=\"color: black; font-family: Garamond,serif; font-size: medium;\">\u00a0<\/span><\/div>\n<div><span style=\"color: black; font-family: Garamond,serif; font-size: medium;\">Le modalit\u00e0 di prenotazione degli appuntamenti e i documenti da presentare il giorno dell\u2019appuntamento sono consultabili cliccando direttamente sull\u2019Ufficio competente o nella sezione \u201cServizi Consolari e Visti\u201d.<\/span><\/div>\n<div><span style=\"color: black; font-family: Garamond,serif; font-size: medium;\">\u00a0<\/span><\/div>\n<div><span style=\"color: black; font-family: Garamond,serif; font-size: medium;\">Si invita l\u2019utenza a leggere attentamente le informazioni sul sito e ad inviare eventuali quesiti per posta elettronica direttamente all\u2019ufficio competente.<\/span><\/div>\n<\/li>\n<\/ul>\n<\/li>\n<li><a href=\"https:\/\/conssanfrancisco.esteri.it\/it\/amministrazione-trasparente\/telefono-e-posta-elettronica\/\">Telefono e posta elettronica<\/a>\u00a0<em>(art. 13, c. 1, lett. d)<\/em><\/li>\n<\/ul>\n<\/li>\n<li><a href=\"https:\/\/conssanfrancisco.esteri.it\/wp-content\/uploads\/2025\/01\/tabella_consulenze_triennio-1.pdf\">Consulenti e collaboratori<\/a>\u00a0<em>(art. 15, c. 1, 2)<\/em><\/li>\n<li><a title=\"Personale\" href=\"https:\/\/www.esteri.it\/it\/trasparenza_comunicazioni_legali\/personale\">Personale<\/a><\/li>\n<li><a href=\"https:\/\/conssanfrancisco.esteri.it\/it\/amministrazione-trasparente\/bandi-di-concorso\/\">Bandi di concorso<\/a>\u00a0<em>(art. 19)<\/em><\/li>\n<li><a title=\"Performance\" href=\"https:\/\/www.esteri.it\/it\/trasparenza_comunicazioni_legali\/Performance\/\">Performance<\/a><\/li>\n<li><a title=\"Enti controllati\" href=\"https:\/\/www.esteri.it\/it\/trasparenza_comunicazioni_legali\/Enti_controllati\/\">Enti controllati<\/a><\/li>\n<li><a href=\"https:\/\/www.esteri.it\/it\/trasparenza_comunicazioni_legali\/attivita_e_procedimenti\">Attivit\u00e0 e procedimenti<\/a>\n<ul>\n<li><a href=\"https:\/\/conssanfrancisco.esteri.it\/it\/amministrazione-trasparente\/tipologie-di-procedimento\/\">Tipologie di procedimento<\/a>\u00a0(tabella)\u00a0<em>(art. 35, c. 1, 2)<\/em><\/li>\n<\/ul>\n<\/li>\n<li><a title=\"Provvedimenti\" href=\"https:\/\/www.esteri.it\/it\/trasparenza_comunicazioni_legali\/provvedimenti\">Provvedimenti<\/a><\/li>\n<li><a href=\"https:\/\/www.esteri.it\/it\/trasparenza_comunicazioni_legali\/controlli-sulle-imprese\">Controlli sulle imprese<\/a><\/li>\n<li><a href=\"https:\/\/conssanfrancisco.esteri.it\/it\/amministrazione-trasparente\/bandi-di-gara-e-contratti\/\">Bandi di gara e contratti<\/a>\u00a0<em>(ex art. 37)<\/em>\n<ul>\n<li><a title=\"Piattaforma digitale certificata Traspare \" href=\"https:\/\/maeci.traspare.com\/tender_table\">Piattaforma digitale certificata Traspare<\/a>\u00a0<em>(dall\u20191.1.2024)<\/em><\/li>\n<li><a title=\"Informazioni sulle singole procedure in formato tabellare \" href=\"https:\/\/www.esteri.it\/it\/trasparenza_comunicazioni_legali\/bandi-gara-contratti\/informazioni-sulle-singole-procedure\">Informazioni sulle singole procedure in formato tabellare<\/a>\u00a0<em>(fino al 31.12.2023)<\/em><\/li>\n<\/ul>\n<\/li>\n<li><a href=\"https:\/\/conssanfrancisco.esteri.it\/it\/amministrazione-trasparente\/sovvenzioni-contributi-sussidi-vantaggi-economici\/\">Sovvenzioni, contributi, sussidi, vantaggi economici<\/a>\u00a0<em>(ex art. 26 e 27)<\/em>\n<ul>\n<li><a href=\"https:\/\/www.esteri.it\/it\/servizi-consolari-e-visti\/normativa_consolare\/serviziconsolari\/assistenzacittadiniestero\/\">Criteri e modalit\u00e0<\/a><\/li>\n<\/ul>\n<\/li>\n<li><a title=\"Bilanci\" href=\"https:\/\/www.esteri.it\/it\/trasparenza_comunicazioni_legali\/bilanci\">Bilanci<\/a><\/li>\n<li><a href=\"https:\/\/www.esteri.it\/it\/trasparenza_comunicazioni_legali\/bilancio-trasparente\">Bilancio trasparente<\/a><\/li>\n<li><a title=\"Beni immobili e gestione patrimonio\" href=\"https:\/\/www.esteri.it\/it\/trasparenza_comunicazioni_legali\/beni_immobili_gestione_patrimonio\">Beni immobili e gestione patrimonio<\/a><\/li>\n<li><a title=\"Controlli e rilievi sull&amp;#39amministrazione\" href=\"https:\/\/www.esteri.it\/it\/trasparenza_comunicazioni_legali\/controlli-e-rilievi-sull-amministrazione\">Controlli e rilievi sull&#8217;amministrazione<\/a><\/li>\n<li><a title=\"Servizi erogati\" href=\"https:\/\/www.esteri.it\/it\/trasparenza_comunicazioni_legali\/servizi_erogati\">Servizi erogati<\/a><\/li>\n<li><a title=\"Pagamenti dell&amp;#39amministrazione\" href=\"https:\/\/www.esteri.it\/it\/trasparenza_comunicazioni_legali\/pagamenti%20amministrazione\">Pagamenti dell&#8217;amministrazione<\/a><\/li>\n<li><a href=\"https:\/\/www.esteri.it\/it\/trasparenza_comunicazioni_legali\/opere-pubbliche\">Opere pubbliche<\/a><\/li>\n<li><a href=\"https:\/\/www.esteri.it\/it\/trasparenza_comunicazioni_legali\/pianificazione_governo_territorio\">Pianificazione e governo del territorio<\/a><\/li>\n<li><a href=\"https:\/\/www.esteri.it\/it\/trasparenza_comunicazioni_legali\/informazioni_ambientali\">Informazioni ambientali<\/a><\/li>\n<li><a href=\"https:\/\/www.esteri.it\/it\/trasparenza_comunicazioni_legali\/interventi-straordinari-emergenza\">Interventi straordinari di emergenza<\/a><\/li>\n<li><a title=\"Altri contenuti\" href=\"https:\/\/www.esteri.it\/it\/trasparenza_comunicazioni_legali\/altri-contenuti-canale\">Altri contenuti<\/a><\/li>\n<\/ul>\n","protected":false},"excerpt":{"rendered":"ULTIMO AGGIORNAMENTO: 24.11.2025 &nbsp; Gli uffici diplomatico-consolari all&#8217;estero costituiscono articolazioni periferiche del Ministero degli Affari Esteri e della Cooperazione Internazionale, che assicura la trasparenza dei propri dati attraverso la sezione &#8220;amministrazione trasparente&#8221; del sito\u00a0www.esteri.it. Le sezioni della presente pagina rinviano in massima parte alle corrispondenti sezioni del sito dell&#8217;amministrazione centrale. Per approfondimenti visita il sito [&hellip;]","protected":false},"author":1,"featured_media":0,"parent":0,"menu_order":12,"comment_status":"closed","ping_status":"closed","template":"","meta":{"footnotes":""},"class_list":["post-252","page","type-page","status-publish","hentry"],"_links":{"self":[{"href":"https:\/\/conssanfrancisco.esteri.it\/en\/wp-json\/wp\/v2\/pages\/252","targetHints":{"allow":["GET"]}}],"collection":[{"href":"https:\/\/conssanfrancisco.esteri.it\/en\/wp-json\/wp\/v2\/pages"}],"about":[{"href":"https:\/\/conssanfrancisco.esteri.it\/en\/wp-json\/wp\/v2\/types\/page"}],"author":[{"embeddable":true,"href":"https:\/\/conssanfrancisco.esteri.it\/en\/wp-json\/wp\/v2\/users\/1"}],"replies":[{"embeddable":true,"href":"https:\/\/conssanfrancisco.esteri.it\/en\/wp-json\/wp\/v2\/comments?post=252"}],"version-history":[{"count":6,"href":"https:\/\/conssanfrancisco.esteri.it\/en\/wp-json\/wp\/v2\/pages\/252\/revisions"}],"predecessor-version":[{"id":6499,"href":"https:\/\/conssanfrancisco.esteri.it\/en\/wp-json\/wp\/v2\/pages\/252\/revisions\/6499"}],"wp:attachment":[{"href":"https:\/\/conssanfrancisco.esteri.it\/en\/wp-json\/wp\/v2\/media?parent=252"}],"curies":[{"name":"wp","href":"https:\/\/api.w.org\/{rel}","templated":true}]}}